{"id":2598,"date":"2020-03-16T13:04:08","date_gmt":"2020-03-16T13:04:08","guid":{"rendered":"https:\/\/mioplast.com\/sobre-nosotros\/"},"modified":"2023-12-14T07:03:40","modified_gmt":"2023-12-14T07:03:40","slug":"sobre-nosotros","status":"publish","type":"page","link":"https:\/\/mioplast.com\/es\/sobre-nosotros\/","title":{"rendered":"NOSOTROS"},"content":{"rendered":"\t\t<div data-elementor-type=\"wp-page\" data-elementor-id=\"2598\" class=\"elementor elementor-2598 elementor-94\">\n\t\t\t\t\t\t<section class=\"elementor-section elementor-top-section elementor-element elementor-element-b665701 elementor-section-boxed elementor-section-height-default elementor-section-height-default\" data-id=\"b665701\" data-element_type=\"section\">\n\t\t\t\t\t\t<div class=\"elementor-container elementor-column-gap-default\">\n\t\t\t\t\t<div class=\"elementor-column elementor-col-50 elementor-top-column elementor-element elementor-element-df0d6fc\" data-id=\"df0d6fc\" data-element_type=\"column\">\n\t\t\t<div class=\"elementor-widget-wrap elementor-element-populated\">\n\t\t\t\t\t\t<div class=\"elementor-element elementor-element-1274ccf elementor-widget elementor-widget-heading\" data-id=\"1274ccf\" data-element_type=\"widget\" data-widget_type=\"heading.default\">\n\t\t\t\t<div class=\"elementor-widget-container\">\n\t\t\t<style>\/*! elementor - v3.23.0 - 15-07-2024 *\/\n.elementor-heading-title{padding:0;margin:0;line-height:1}.elementor-widget-heading .elementor-heading-title[class*=elementor-size-]>a{color:inherit;font-size:inherit;line-height:inherit}.elementor-widget-heading .elementor-heading-title.elementor-size-small{font-size:15px}.elementor-widget-heading .elementor-heading-title.elementor-size-medium{font-size:19px}.elementor-widget-heading .elementor-heading-title.elementor-size-large{font-size:29px}.elementor-widget-heading .elementor-heading-title.elementor-size-xl{font-size:39px}.elementor-widget-heading .elementor-heading-title.elementor-size-xxl{font-size:59px}<\/style><h3 class='heading-left  divider-modern'  style=\"color:#000000\"><span><em class=\"heading-subtitle\">Nuestra compa\u00f1\u00eda<\/em>SOBRE MIOPLAST<\/span><\/h3>\t\t<\/div>\n\t\t\t\t<\/div>\n\t\t\t\t<div class=\"elementor-element elementor-element-a15b7cd elementor-widget elementor-widget-text-editor\" data-id=\"a15b7cd\" data-element_type=\"widget\" data-widget_type=\"text-editor.default\">\n\t\t\t\t<div class=\"elementor-widget-container\">\n\t\t\t<style>\/*! elementor - v3.23.0 - 15-07-2024 *\/\n.elementor-widget-text-editor.elementor-drop-cap-view-stacked .elementor-drop-cap{background-color:#69727d;color:#fff}.elementor-widget-text-editor.elementor-drop-cap-view-framed .elementor-drop-cap{color:#69727d;border:3px solid;background-color:transparent}.elementor-widget-text-editor:not(.elementor-drop-cap-view-default) .elementor-drop-cap{margin-top:8px}.elementor-widget-text-editor:not(.elementor-drop-cap-view-default) .elementor-drop-cap-letter{width:1em;height:1em}.elementor-widget-text-editor .elementor-drop-cap{float:left;text-align:center;line-height:1;font-size:50px}.elementor-widget-text-editor .elementor-drop-cap-letter{display:inline-block}<\/style>\t\t\t\t<p>Mioplast Plastic Packaging Products Factory fabrica productos de calidad con m\u00e1s de 30 a\u00f1os de experiencia. Nuestros principales productos son: strech film, fleje compuesto de fibra, envases de pl\u00e1stico para alimentos, cuencos de pl\u00e1stico, fleje de cord\u00f3n, cinta aislante, pl\u00e1stico de burbujas, l\u00e1minas de polipropileno, lima pp, y pegamento de dextrina. Mioplast Factory exporta a 37 pa\u00edses, entre ellos a pa\u00edses de Europa, de Am\u00e9rica y otros pa\u00edses de Oriente Medio.<\/p>\n<\/p>\n<p><img fetchpriority=\"high\" decoding=\"async\" class=\"alignnone wp-image-1143\" src=\"https:\/\/miopack.com.tr\/wp-content\/uploads\/miopack-kalite-belgeleri-miopaer-mioplast-quality-certificates-1024x1024-1-300x300.png\" alt=\"\" width=\"450\" height=\"450\"><\/p>\n\t\t\t\t\t\t<\/div>\n\t\t\t\t<\/div>\n\t\t\t\t\t<\/div>\n\t\t<\/div>\n\t\t\t\t<div class=\"elementor-column elementor-col-50 elementor-top-column elementor-element elementor-element-f6b37c8\" data-id=\"f6b37c8\" data-element_type=\"column\">\n\t\t\t<div class=\"elementor-widget-wrap elementor-element-populated\">\n\t\t\t\t\t\t<div class=\"elementor-element elementor-element-2e02cef elementor-widget elementor-widget-spacer\" data-id=\"2e02cef\" data-element_type=\"widget\" data-widget_type=\"spacer.default\">\n\t\t\t\t<div class=\"elementor-widget-container\">\n\t\t\t<style>\/*! elementor - v3.23.0 - 15-07-2024 *\/\n.elementor-column .elementor-spacer-inner{height:var(--spacer-size)}.e-con{--container-widget-width:100%}.e-con-inner>.elementor-widget-spacer,.e-con>.elementor-widget-spacer{width:var(--container-widget-width,var(--spacer-size));--align-self:var(--container-widget-align-self,initial);--flex-shrink:0}.e-con-inner>.elementor-widget-spacer>.elementor-widget-container,.e-con>.elementor-widget-spacer>.elementor-widget-container{height:100%;width:100%}.e-con-inner>.elementor-widget-spacer>.elementor-widget-container>.elementor-spacer,.e-con>.elementor-widget-spacer>.elementor-widget-container>.elementor-spacer{height:100%}.e-con-inner>.elementor-widget-spacer>.elementor-widget-container>.elementor-spacer>.elementor-spacer-inner,.e-con>.elementor-widget-spacer>.elementor-widget-container>.elementor-spacer>.elementor-spacer-inner{height:var(--container-widget-height,var(--spacer-size))}.e-con-inner>.elementor-widget-spacer.elementor-widget-empty,.e-con>.elementor-widget-spacer.elementor-widget-empty{position:relative;min-height:22px;min-width:22px}.e-con-inner>.elementor-widget-spacer.elementor-widget-empty .elementor-widget-empty-icon,.e-con>.elementor-widget-spacer.elementor-widget-empty .elementor-widget-empty-icon{position:absolute;top:0;bottom:0;left:0;right:0;margin:auto;padding:0;width:22px;height:22px}<\/style>\t\t<div class=\"elementor-spacer\">\n\t\t\t<div class=\"elementor-spacer-inner\"><\/div>\n\t\t<\/div>\n\t\t\t\t<\/div>\n\t\t\t\t<\/div>\n\t\t\t\t<div class=\"elementor-element elementor-element-6bde7d6 elementor-widget elementor-widget-image\" data-id=\"6bde7d6\" data-element_type=\"widget\" data-widget_type=\"image.default\">\n\t\t\t\t<div class=\"elementor-widget-container\">\n\t\t\t<style>\/*! elementor - v3.23.0 - 15-07-2024 *\/\n.elementor-widget-image{text-align:center}.elementor-widget-image a{display:inline-block}.elementor-widget-image a img[src$=\".svg\"]{width:48px}.elementor-widget-image img{vertical-align:middle;display:inline-block}<\/style>\t\t\t\t\t\t\t\t\t\t<img decoding=\"async\" width=\"480\" height=\"270\" src=\"https:\/\/mioplast.com\/wp-content\/uploads\/2023-polypropilen-pp-polipropylen-polyproylene-sheet-production-mioplast-factory-6.jpeg\" class=\"attachment-large size-large wp-image-1344\" alt=\"\" srcset=\"https:\/\/mioplast.com\/wp-content\/uploads\/2023-polypropilen-pp-polipropylen-polyproylene-sheet-production-mioplast-factory-6.jpeg 480w, https:\/\/mioplast.com\/wp-content\/uploads\/2023-polypropilen-pp-polipropylen-polyproylene-sheet-production-mioplast-factory-6-300x169.jpeg 300w\" sizes=\"(max-width: 480px) 100vw, 480px\" \/>\t\t\t\t\t\t\t\t\t\t\t\t\t<\/div>\n\t\t\t\t<\/div>\n\t\t\t\t\t<\/div>\n\t\t<\/div>\n\t\t\t\t\t<\/div>\n\t\t<\/section>\n\t\t\t\t<section class=\"elementor-section elementor-top-section elementor-element elementor-element-4fb638a elementor-section-stretched elementor-section-boxed elementor-section-height-default elementor-section-height-default\" data-id=\"4fb638a\" data-element_type=\"section\" data-settings=\"{&quot;stretch_section&quot;:&quot;section-stretched&quot;,&quot;background_background&quot;:&quot;classic&quot;}\">\n\t\t\t\t\t\t<div class=\"elementor-container elementor-column-gap-no\">\n\t\t\t\t\t<div class=\"elementor-column elementor-col-100 elementor-top-column elementor-element elementor-element-5f5e601\" data-id=\"5f5e601\" data-element_type=\"column\">\n\t\t\t<div class=\"elementor-widget-wrap elementor-element-populated\">\n\t\t\t\t\t\t<div class=\"elementor-element elementor-element-12ceba0 elementor-widget elementor-widget-download\" data-id=\"12ceba0\" data-element_type=\"widget\" data-widget_type=\"download.default\">\n\t\t\t\t<div class=\"elementor-widget-container\">\n\t\t\t<div class=\"download\"><div class='download-content text-uppercase' style='color: #FFFFFF'>DESCARGUE EL CAT\u00c1LOGO COMPLETO DE NUESTROS SERVICIOS Y ESPECIFICACIONES DE PROYECTOS<\/div><\/div>\t\t<\/div>\n\t\t\t\t<\/div>\n\t\t\t\t\t<\/div>\n\t\t<\/div>\n\t\t\t\t\t<\/div>\n\t\t<\/section>\n\t\t\t\t<section class=\"elementor-section elementor-top-section elementor-element elementor-element-d414a52 elementor-section-stretched elementor-section-boxed elementor-section-height-default elementor-section-height-default\" data-id=\"d414a52\" data-element_type=\"section\" data-settings=\"{&quot;stretch_section&quot;:&quot;section-stretched&quot;,&quot;background_background&quot;:&quot;classic&quot;}\">\n\t\t\t\t\t\t<div class=\"elementor-container elementor-column-gap-no\">\n\t\t\t\t\t<div class=\"elementor-column elementor-col-50 elementor-top-column elementor-element elementor-element-ba3d6c7\" data-id=\"ba3d6c7\" data-element_type=\"column\">\n\t\t\t<div class=\"elementor-widget-wrap elementor-element-populated\">\n\t\t\t\t\t\t<div class=\"elementor-element elementor-element-395c75a elementor-widget__width-initial elementor-widget-mobile__width-initial elementor-widget elementor-widget-download\" data-id=\"395c75a\" data-element_type=\"widget\" data-widget_type=\"download.default\">\n\t\t\t\t<div class=\"elementor-widget-container\">\n\t\t\t<div class=\"download\"><div class='download-content text-uppercase' style='color: #FFFFFF'><i class='fa far fa-file-pdf'><\/i> <\/div><a target='_blank' href='https:\/\/mioplast.com\/wp-content\/uploads\/MIOPLAST-STRAP-SRTETCH-PP-SHEET-ETC-CATALOG-2023-min-1.pdf' class='btn btn-md btn-dark btn-shadow'><i class='fa fas fa-cloud-download-alt'><\/i> PRODUCTOS MIOPLAST<\/a><\/div>\t\t<\/div>\n\t\t\t\t<\/div>\n\t\t\t\t\t<\/div>\n\t\t<\/div>\n\t\t\t\t<div class=\"elementor-column elementor-col-50 elementor-top-column elementor-element elementor-element-a4c44ed\" data-id=\"a4c44ed\" data-element_type=\"column\">\n\t\t\t<div class=\"elementor-widget-wrap elementor-element-populated\">\n\t\t\t\t\t\t<div class=\"elementor-element elementor-element-0a36afb elementor-widget__width-initial elementor-widget-mobile__width-initial elementor-widget elementor-widget-download\" data-id=\"0a36afb\" data-element_type=\"widget\" data-widget_type=\"download.default\">\n\t\t\t\t<div class=\"elementor-widget-container\">\n\t\t\t<div class=\"download\"><div class='download-content text-uppercase' style='color: #FFFFFF'><i class='fa far fa-file-pdf'><\/i> <\/div><a target='_blank' href='https:\/\/mioplast.com\/wp-content\/uploads\/MIOPLAST-CUPS-CONTAINERS-BOWLS-CATALOG-2023-min-1.pdf' class='btn btn-md btn-dark btn-shadow'><i class='fa fas fa-cloud-download-alt'><\/i> MIOPLAST TAZAS - RECIPIENTES - CUENCOS<\/a><\/div>\t\t<\/div>\n\t\t\t\t<\/div>\n\t\t\t\t\t<\/div>\n\t\t<\/div>\n\t\t\t\t\t<\/div>\n\t\t<\/section>\n\t\t\t\t<\/div>\n\t\t","protected":false},"excerpt":{"rendered":"<p>Nuestra compa\u00f1\u00edaSOBRE MIOPLAST Mioplast Plastic Packaging Products Factory fabrica productos de calidad con m\u00e1s de 30 a\u00f1os de experiencia. Nuestros principales productos son: strech film, fleje compuesto de fibra, envases de pl\u00e1stico para alimentos, cuencos de pl\u00e1stico, fleje de cord\u00f3n, &hellip;<\/p>\n","protected":false},"author":1,"featured_media":0,"parent":0,"menu_order":0,"comment_status":"closed","ping_status":"closed","template":"","meta":{"footnotes":""},"class_list":["post-2598","page","type-page","status-publish","hentry"],"_links":{"self":[{"href":"https:\/\/mioplast.com\/es\/wp-json\/wp\/v2\/pages\/2598","targetHints":{"allow":["GET"]}}],"collection":[{"href":"https:\/\/mioplast.com\/es\/wp-json\/wp\/v2\/pages"}],"about":[{"href":"https:\/\/mioplast.com\/es\/wp-json\/wp\/v2\/types\/page"}],"author":[{"embeddable":true,"href":"https:\/\/mioplast.com\/es\/wp-json\/wp\/v2\/users\/1"}],"replies":[{"embeddable":true,"href":"https:\/\/mioplast.com\/es\/wp-json\/wp\/v2\/comments?post=2598"}],"version-history":[{"count":5,"href":"https:\/\/mioplast.com\/es\/wp-json\/wp\/v2\/pages\/2598\/revisions"}],"predecessor-version":[{"id":2750,"href":"https:\/\/mioplast.com\/es\/wp-json\/wp\/v2\/pages\/2598\/revisions\/2750"}],"wp:attachment":[{"href":"https:\/\/mioplast.com\/es\/wp-json\/wp\/v2\/media?parent=2598"}],"curies":[{"name":"wp","href":"https:\/\/api.w.org\/{rel}","templated":true}]}}