{"id":2842,"date":"2023-12-26T07:01:40","date_gmt":"2023-12-26T07:01:40","guid":{"rendered":"https:\/\/mioplast.com\/product\/pealupet-packaging-film\/"},"modified":"2023-12-26T07:01:40","modified_gmt":"2023-12-26T07:01:40","slug":"pealupet-packaging-film","status":"publish","type":"product","link":"https:\/\/mioplast.com\/es\/producto\/pealupet-packaging-film\/","title":{"rendered":"PE+ALU+PET Packaging Film"},"content":{"rendered":"<p id=\"tw-target-text\" class=\"tw-data-text tw-text-large tw-ta\" dir=\"ltr\" data-placeholder=\"\u00c7eviri\" data-ved=\"2ahUKEwiW_8CRtKyDAxUthv0HHVevDQIQ3ewLegQIBRAQ\"><span class=\"Y2IQFc\" lang=\"en\">Fabricamos films de pp Evohlu de alta barrera, films de poliamida de barrera media y films de baja barrera seg\u00fan las necesidades de la industria. <\/span><\/p>\n<p class=\"tw-data-text tw-text-large tw-ta\" dir=\"ltr\" data-placeholder=\"\u00c7eviri\" data-ved=\"2ahUKEwiW_8CRtKyDAxUthv0HHVevDQIQ3ewLegQIBRAQ\"><span class=\"Y2IQFc\" lang=\"en\">Como Miopack Machinery, producimos todo tipo de films de cierre, films barrera, films termoformables, bolsas de vac\u00edo y films f\u00e1ciles de abrir. En Miopack Machinery, nuestro objetivo es brindarle un servicio excepcional. Estamos a su disposici\u00f3n para producir pel\u00edculas en los tama\u00f1os que necesite, utilizando nuestras avanzadas m\u00e1quinas cortadoras de \u00faltima tecnolog\u00eda. <\/span><\/p>\n<p class=\"tw-data-text tw-text-large tw-ta\" dir=\"ltr\" data-placeholder=\"\u00c7eviri\" data-ved=\"2ahUKEwiW_8CRtKyDAxUthv0HHVevDQIQ3ewLegQIBRAQ\"><span class=\"Y2IQFc\" lang=\"en\">Los principales productos que podemos cortar son; <\/span><\/p>\n<p class=\"tw-data-text tw-text-large tw-ta\" dir=\"ltr\" data-placeholder=\"\u00c7eviri\" data-ved=\"2ahUKEwiW_8CRtKyDAxUthv0HHVevDQIQ3ewLegQIBRAQ\"><span class=\"Y2IQFc\" lang=\"en\">BOPP <\/span><\/p>\n<p class=\"tw-data-text tw-text-large tw-ta\" dir=\"ltr\" data-placeholder=\"\u00c7eviri\" data-ved=\"2ahUKEwiW_8CRtKyDAxUthv0HHVevDQIQ3ewLegQIBRAQ\"><span class=\"Y2IQFc\" lang=\"en\">PE+ALU+PAPEL <\/span><\/p>\n<p class=\"tw-data-text tw-text-large tw-ta\" dir=\"ltr\" data-placeholder=\"\u00c7eviri\" data-ved=\"2ahUKEwiW_8CRtKyDAxUthv0HHVevDQIQ3ewLegQIBRAQ\"><span class=\"Y2IQFc\" lang=\"en\">CPP <\/span><\/p>\n<p class=\"tw-data-text tw-text-large tw-ta\" dir=\"ltr\" data-placeholder=\"\u00c7eviri\" data-ved=\"2ahUKEwiW_8CRtKyDAxUthv0HHVevDQIQ3ewLegQIBRAQ\"><span class=\"Y2IQFc\" lang=\"en\">PE+ALU+PET <\/span><\/p>\n<p class=\"tw-data-text tw-text-large tw-ta\" dir=\"ltr\" data-placeholder=\"\u00c7eviri\" data-ved=\"2ahUKEwiW_8CRtKyDAxUthv0HHVevDQIQ3ewLegQIBRAQ\"><span class=\"Y2IQFc\" lang=\"en\">METALIZADO <\/span><\/p>\n<p class=\"tw-data-text tw-text-large tw-ta\" dir=\"ltr\" data-placeholder=\"\u00c7eviri\" data-ved=\"2ahUKEwiW_8CRtKyDAxUthv0HHVevDQIQ3ewLegQIBRAQ\"><span class=\"Y2IQFc\" lang=\"en\">PE+ALU <\/span><\/p>\n<p class=\"tw-data-text tw-text-large tw-ta\" dir=\"ltr\" data-placeholder=\"\u00c7eviri\" data-ved=\"2ahUKEwiW_8CRtKyDAxUthv0HHVevDQIQ3ewLegQIBRAQ\"><span class=\"Y2IQFc\" lang=\"en\">PET <\/span><\/p>\n<p class=\"tw-data-text tw-text-large tw-ta\" dir=\"ltr\" data-placeholder=\"\u00c7eviri\" data-ved=\"2ahUKEwiW_8CRtKyDAxUthv0HHVevDQIQ3ewLegQIBRAQ\"><span class=\"Y2IQFc\" lang=\"en\">PE+PET<\/span><\/p>\n","protected":false},"excerpt":{"rendered":"<p id=\"tw-target-text\" class=\"tw-data-text tw-text-large tw-ta\" dir=\"ltr\" data-placeholder=\"\u00c7eviri\" data-ved=\"2ahUKEwiW_8CRtKyDAxUthv0HHVevDQIQ3ewLegQIBRAQ\"><span class=\"Y2IQFc\" lang=\"en\">Fabricamos films de pp Evohlu de alta barrera, films de poliamida de barrera media y films de baja barrera seg\u00fan las necesidades de la industria. <\/span><\/p>\n<p class=\"tw-data-text tw-text-large tw-ta\" dir=\"ltr\" data-placeholder=\"\u00c7eviri\" data-ved=\"2ahUKEwiW_8CRtKyDAxUthv0HHVevDQIQ3ewLegQIBRAQ\"><span class=\"Y2IQFc\" lang=\"en\">Como Miopack Machinery, producimos todo tipo de films de cierre, films barrera, films termoformables, bolsas de vac\u00edo y films f\u00e1ciles de abrir. En Miopack Machinery, nuestro objetivo es brindarle un servicio excepcional. Estamos a su disposici\u00f3n para producir pel\u00edculas en los tama\u00f1os que necesite, utilizando nuestras avanzadas m\u00e1quinas cortadoras de \u00faltima tecnolog\u00eda. <\/span><\/p>\n<p class=\"tw-data-text tw-text-large tw-ta\" dir=\"ltr\" data-placeholder=\"\u00c7eviri\" data-ved=\"2ahUKEwiW_8CRtKyDAxUthv0HHVevDQIQ3ewLegQIBRAQ\"><span class=\"Y2IQFc\" lang=\"en\">Los principales productos que podemos cortar son; <\/span><\/p>\n<p class=\"tw-data-text tw-text-large tw-ta\" dir=\"ltr\" data-placeholder=\"\u00c7eviri\" data-ved=\"2ahUKEwiW_8CRtKyDAxUthv0HHVevDQIQ3ewLegQIBRAQ\"><span class=\"Y2IQFc\" lang=\"en\">BOPP <\/span><\/p>\n<p class=\"tw-data-text tw-text-large tw-ta\" dir=\"ltr\" data-placeholder=\"\u00c7eviri\" data-ved=\"2ahUKEwiW_8CRtKyDAxUthv0HHVevDQIQ3ewLegQIBRAQ\"><span class=\"Y2IQFc\" lang=\"en\">PE+ALU+PAPEL <\/span><\/p>\n<p class=\"tw-data-text tw-text-large tw-ta\" dir=\"ltr\" data-placeholder=\"\u00c7eviri\" data-ved=\"2ahUKEwiW_8CRtKyDAxUthv0HHVevDQIQ3ewLegQIBRAQ\"><span class=\"Y2IQFc\" lang=\"en\">CPP <\/span><\/p>\n<p class=\"tw-data-text tw-text-large tw-ta\" dir=\"ltr\" data-placeholder=\"\u00c7eviri\" data-ved=\"2ahUKEwiW_8CRtKyDAxUthv0HHVevDQIQ3ewLegQIBRAQ\"><span class=\"Y2IQFc\" lang=\"en\">PE+ALU+PET <\/span><\/p>\n<p class=\"tw-data-text tw-text-large tw-ta\" dir=\"ltr\" data-placeholder=\"\u00c7eviri\" data-ved=\"2ahUKEwiW_8CRtKyDAxUthv0HHVevDQIQ3ewLegQIBRAQ\"><span class=\"Y2IQFc\" lang=\"en\">METALIZADO <\/span><\/p>\n<p class=\"tw-data-text tw-text-large tw-ta\" dir=\"ltr\" data-placeholder=\"\u00c7eviri\" data-ved=\"2ahUKEwiW_8CRtKyDAxUthv0HHVevDQIQ3ewLegQIBRAQ\"><span class=\"Y2IQFc\" lang=\"en\">PE+ALU <\/span><\/p>\n<p class=\"tw-data-text tw-text-large tw-ta\" dir=\"ltr\" data-placeholder=\"\u00c7eviri\" data-ved=\"2ahUKEwiW_8CRtKyDAxUthv0HHVevDQIQ3ewLegQIBRAQ\"><span class=\"Y2IQFc\" lang=\"en\">PET <\/span><\/p>\n<p class=\"tw-data-text tw-text-large tw-ta\" dir=\"ltr\" data-placeholder=\"\u00c7eviri\" data-ved=\"2ahUKEwiW_8CRtKyDAxUthv0HHVevDQIQ3ewLegQIBRAQ\"><span class=\"Y2IQFc\" lang=\"en\">PE+PET<\/span><\/p>\n","protected":false},"featured_media":2766,"comment_status":"open","ping_status":"closed","template":"","meta":[],"product_brand":[],"product_cat":[326,301],"product_tag":[302,322,303,307,311,309,313,315,317,320,304,305,306,308,310,312,314,316,318,319,321],"class_list":{"0":"post-2842","1":"product","2":"type-product","3":"status-publish","4":"has-post-thumbnail","6":"product_cat-pealupet-packaging-film-es","7":"product_cat-peliculas-rollos","8":"product_tag-bopp-packaging-film-es","9":"product_tag-film-de-sellado-superior","10":"product_tag-lamina-cpp","11":"product_tag-lamina-pealu","12":"product_tag-lamina-pealu-pet","13":"product_tag-lamina-pealupaper","14":"product_tag-lamina-pet","15":"product_tag-lamina-pp","16":"product_tag-lamina-pp-pe","17":"product_tag-lamina-pp-pet","18":"product_tag-packaging-film-metalizado","19":"product_tag-pe-polietileno-film","20":"product_tag-pealu-film-es","21":"product_tag-pealupaper-film-es","22":"product_tag-pealupet-film-es","23":"product_tag-pet-film-es","24":"product_tag-pp-film-es","25":"product_tag-pp-pe-film-es","26":"product_tag-pp-pe-pet-packaging-film-es","27":"product_tag-pp-pet-film-es","28":"product_tag-rollo-film","30":"first","31":"instock","32":"shipping-taxable","33":"product-type-simple"},"_links":{"self":[{"href":"https:\/\/mioplast.com\/es\/wp-json\/wp\/v2\/product\/2842","targetHints":{"allow":["GET"]}}],"collection":[{"href":"https:\/\/mioplast.com\/es\/wp-json\/wp\/v2\/product"}],"about":[{"href":"https:\/\/mioplast.com\/es\/wp-json\/wp\/v2\/types\/product"}],"replies":[{"embeddable":true,"href":"https:\/\/mioplast.com\/es\/wp-json\/wp\/v2\/comments?post=2842"}],"version-history":[{"count":0,"href":"https:\/\/mioplast.com\/es\/wp-json\/wp\/v2\/product\/2842\/revisions"}],"wp:featuredmedia":[{"embeddable":true,"href":"https:\/\/mioplast.com\/es\/wp-json\/wp\/v2\/media\/2766"}],"wp:attachment":[{"href":"https:\/\/mioplast.com\/es\/wp-json\/wp\/v2\/media?parent=2842"}],"wp:term":[{"taxonomy":"product_brand","embeddable":true,"href":"https:\/\/mioplast.com\/es\/wp-json\/wp\/v2\/product_brand?post=2842"},{"taxonomy":"product_cat","embeddable":true,"href":"https:\/\/mioplast.com\/es\/wp-json\/wp\/v2\/product_cat?post=2842"},{"taxonomy":"product_tag","embeddable":true,"href":"https:\/\/mioplast.com\/es\/wp-json\/wp\/v2\/product_tag?post=2842"}],"curies":[{"name":"wp","href":"https:\/\/api.w.org\/{rel}","templated":true}]}}