{"id":2850,"date":"2023-12-08T06:56:55","date_gmt":"2023-12-08T06:56:55","guid":{"rendered":"https:\/\/mioplast.com\/product\/cubiertas-de-invernadero-de-pp-y-proteccion-de-semillas\/"},"modified":"2023-12-08T06:56:55","modified_gmt":"2023-12-08T06:56:55","slug":"cubiertas-de-invernadero-de-pp-y-proteccion-de-semillas","status":"publish","type":"product","link":"https:\/\/mioplast.com\/es\/producto\/cubiertas-de-invernadero-de-pp-y-proteccion-de-semillas\/","title":{"rendered":"CUBIERTAS DE INVERNADERO DE PP Y PROTECCI\u00d3N DE SEMILLAS"},"content":{"rendered":"<p>Las cubiertas de invernadero hechas de material de PP (polipropileno) protegen los productos agr\u00edcolas, especialmente uvas, verduras y otras variedades de frutas, de condiciones clim\u00e1ticas como heladas llenas de lluvia y roc\u00edo, y previenen que los productos se estropeen, pudran y cambien de color.<\/p>\n","protected":false},"excerpt":{"rendered":"<p>Las cubiertas de invernadero hechas de material de PP (polipropileno) protegen los productos agr\u00edcolas, especialmente uvas, verduras y otras variedades de frutas, de condiciones clim\u00e1ticas como heladas llenas de lluvia y roc\u00edo, y previenen que los productos se estropeen, pudran y cambien de color.<\/p>\n<p>Es transparente para asegurar que el producto agr\u00edcola reciba suficiente luz diurna y al mismo tiempo tiene la caracter\u00edstica de prevenir el exceso. Se prefiere porque es resistente a diferentes condiciones clim\u00e1ticas y tiene alta resistencia.<\/p>\n<p>Tambi\u00e9n puede ser utilizado en cajas de flores, colmenas, protecci\u00f3n de pl\u00e1ntulas y canales de riego.<\/p>\n","protected":false},"featured_media":2851,"comment_status":"open","ping_status":"closed","template":"","meta":[],"product_brand":[],"product_cat":[290,289],"product_tag":[328],"class_list":{"0":"post-2850","1":"product","2":"type-product","3":"status-publish","4":"has-post-thumbnail","6":"product_cat-cubiertas-de-invernadero-y-proteccion-de-semilleros-de-pp","7":"product_cat-polipropileno","8":"product_tag-cubiertas-de-invernadero-y-proteccion-de-semilleros-de-pp","10":"first","11":"instock","12":"shipping-taxable","13":"product-type-simple"},"_links":{"self":[{"href":"https:\/\/mioplast.com\/es\/wp-json\/wp\/v2\/product\/2850","targetHints":{"allow":["GET"]}}],"collection":[{"href":"https:\/\/mioplast.com\/es\/wp-json\/wp\/v2\/product"}],"about":[{"href":"https:\/\/mioplast.com\/es\/wp-json\/wp\/v2\/types\/product"}],"replies":[{"embeddable":true,"href":"https:\/\/mioplast.com\/es\/wp-json\/wp\/v2\/comments?post=2850"}],"version-history":[{"count":0,"href":"https:\/\/mioplast.com\/es\/wp-json\/wp\/v2\/product\/2850\/revisions"}],"wp:featuredmedia":[{"embeddable":true,"href":"https:\/\/mioplast.com\/es\/wp-json\/wp\/v2\/media\/2851"}],"wp:attachment":[{"href":"https:\/\/mioplast.com\/es\/wp-json\/wp\/v2\/media?parent=2850"}],"wp:term":[{"taxonomy":"product_brand","embeddable":true,"href":"https:\/\/mioplast.com\/es\/wp-json\/wp\/v2\/product_brand?post=2850"},{"taxonomy":"product_cat","embeddable":true,"href":"https:\/\/mioplast.com\/es\/wp-json\/wp\/v2\/product_cat?post=2850"},{"taxonomy":"product_tag","embeddable":true,"href":"https:\/\/mioplast.com\/es\/wp-json\/wp\/v2\/product_tag?post=2850"}],"curies":[{"name":"wp","href":"https:\/\/api.w.org\/{rel}","templated":true}]}}