{"id":2353,"date":"2023-12-08T06:56:55","date_gmt":"2023-12-08T06:56:55","guid":{"rendered":"https:\/\/mioplast.com\/product\/pp-sera-kapaklari-ve-fide-koruma\/"},"modified":"2023-12-12T09:06:59","modified_gmt":"2023-12-12T09:06:59","slug":"pp-sera-kapaklari-ve-fide-koruma","status":"publish","type":"product","link":"https:\/\/mioplast.com\/tr\/urun\/pp-sera-kapaklari-ve-fide-koruma\/","title":{"rendered":"PP SERA KAPAKLARI VE F\u0130DE KORUMA"},"content":{"rendered":"<p><span class=\"OYPEnA text-decoration-none text-strikethrough-none\">PP (polipropilen) malzemeden \u00fcretilen sera \u00f6rt\u00fcleri \u00fcz\u00fcm, sebze ve di\u011fer meyve \u00e7e\u015fitleri ba\u015fta olmak \u00fczere tar\u0131m \u00fcr\u00fcnlerini ya\u011fmurlu don ve \u00e7iy gibi iklim ko\u015fullar\u0131ndan korur, \u00fcr\u00fcnlerin bozulmas\u0131n\u0131, \u00e7\u00fcr\u00fcmesini ve renk de\u011fi\u015ftirmesini engeller.<\/span><\/p>\n","protected":false},"excerpt":{"rendered":"<p><span class=\"OYPEnA text-decoration-none text-strikethrough-none\">PP (polipropilen) malzemeden \u00fcretilen sera \u00f6rt\u00fcleri \u00fcz\u00fcm, sebze ve di\u011fer meyve \u00e7e\u015fitleri ba\u015fta olmak \u00fczere tar\u0131m \u00fcr\u00fcnlerini ya\u011fmurlu don ve \u00e7iy gibi iklim ko\u015fullar\u0131ndan korur, \u00fcr\u00fcnlerin bozulmas\u0131n\u0131, \u00e7\u00fcr\u00fcmesini ve renk de\u011fi\u015ftirmesini engeller.<\/span><\/p>\n<p class=\"cvGsUA direction-ltr align-start para-style-body\"><span class=\"OYPEnA text-decoration-none text-strikethrough-none\">Tar\u0131m \u00fcr\u00fcn\u00fcn\u00fcn yeterli g\u00fcn \u0131\u015f\u0131\u011f\u0131 almas\u0131n\u0131 sa\u011flayacak \u015feffaf olup ayn\u0131 zamanda fazlal\u0131\u011f\u0131 da \u00f6nleyecek \u00f6zelli\u011fe sahiptir. Farkl\u0131 hava \u015fartlar\u0131na dayan\u0131kl\u0131 olmas\u0131 ve mukavemetinin y\u00fcksek olmas\u0131 nedeniyle tercih edilmektedir.<\/span><\/p>\n<p class=\"cvGsUA direction-ltr align-start para-style-body\"><span class=\"OYPEnA text-decoration-none text-strikethrough-none\">\u00c7i\u00e7ek saks\u0131lar\u0131nda, ar\u0131 kovanlar\u0131nda, fidan koruma ve sulama kanallar\u0131nda da kullan\u0131labilir.<\/span><\/p>\n","protected":false},"featured_media":2339,"comment_status":"open","ping_status":"closed","template":"","meta":[],"product_brand":[],"product_cat":[152,153],"product_tag":[164],"class_list":{"0":"post-2353","1":"product","2":"type-product","3":"status-publish","4":"has-post-thumbnail","6":"product_cat-polipropilen","7":"product_cat-pp-sera-kapaklari-ve-fide-koruma","8":"product_tag-pp-sera-kapaklari-ve-fide-koruma","10":"first","11":"instock","12":"shipping-taxable","13":"product-type-simple"},"_links":{"self":[{"href":"https:\/\/mioplast.com\/tr\/wp-json\/wp\/v2\/product\/2353","targetHints":{"allow":["GET"]}}],"collection":[{"href":"https:\/\/mioplast.com\/tr\/wp-json\/wp\/v2\/product"}],"about":[{"href":"https:\/\/mioplast.com\/tr\/wp-json\/wp\/v2\/types\/product"}],"replies":[{"embeddable":true,"href":"https:\/\/mioplast.com\/tr\/wp-json\/wp\/v2\/comments?post=2353"}],"version-history":[{"count":0,"href":"https:\/\/mioplast.com\/tr\/wp-json\/wp\/v2\/product\/2353\/revisions"}],"wp:featuredmedia":[{"embeddable":true,"href":"https:\/\/mioplast.com\/tr\/wp-json\/wp\/v2\/media\/2339"}],"wp:attachment":[{"href":"https:\/\/mioplast.com\/tr\/wp-json\/wp\/v2\/media?parent=2353"}],"wp:term":[{"taxonomy":"product_brand","embeddable":true,"href":"https:\/\/mioplast.com\/tr\/wp-json\/wp\/v2\/product_brand?post=2353"},{"taxonomy":"product_cat","embeddable":true,"href":"https:\/\/mioplast.com\/tr\/wp-json\/wp\/v2\/product_cat?post=2353"},{"taxonomy":"product_tag","embeddable":true,"href":"https:\/\/mioplast.com\/tr\/wp-json\/wp\/v2\/product_tag?post=2353"}],"curies":[{"name":"wp","href":"https:\/\/api.w.org\/{rel}","templated":true}]}}