{"id":2354,"date":"2023-12-08T06:51:45","date_gmt":"2023-12-08T06:51:45","guid":{"rendered":"https:\/\/mioplast.com\/product\/sey-ve-dayanikli-pp-oluklu-levhadan-yapilmis-meyve-ve-sebze-kasalari\/"},"modified":"2023-12-12T09:06:44","modified_gmt":"2023-12-12T09:06:44","slug":"pp-oluklu-levhadan-yapilmis-meyve-ve-sebze-kasalari","status":"publish","type":"product","link":"https:\/\/mioplast.com\/tr\/urun\/pp-oluklu-levhadan-yapilmis-meyve-ve-sebze-kasalari\/","title":{"rendered":"PP OLUKLU LEVHADAN YAPILMI\u015e MEYVE VE SEBZE KASALARI"},"content":{"rendered":"<p><span class=\"OYPEnA text-decoration-none text-strikethrough-none\">Kal\u0131n ve Dayan\u0131kl\u0131 PP Oluklu Levhadan \u00dcretilmi\u015f Meyve ve Sebze Kasalar\u0131<\/span><\/p>\n","protected":false},"excerpt":{"rendered":"<p><span class=\"OYPEnA text-decoration-none text-strikethrough-none\">Kal\u0131n ve Dayan\u0131kl\u0131 PP Oluklu Levhadan \u00dcretilmi\u015f Meyve ve Sebze Kasalar\u0131<\/span><\/p>\n","protected":false},"featured_media":2338,"comment_status":"open","ping_status":"closed","template":"","meta":[],"product_brand":[],"product_cat":[152,165],"product_tag":[166],"class_list":{"0":"post-2354","1":"product","2":"type-product","3":"status-publish","4":"has-post-thumbnail","6":"product_cat-polipropilen","7":"product_cat-sey-ve-dayanikli-pp-oluklu-levhadan-yapilmis-meyve-ve-sebze-kasalari","8":"product_tag-sey-ve-dayanikli-pp-oluklu-levhadan-yapilmis-meyve-ve-sebze-kasalari","10":"first","11":"instock","12":"shipping-taxable","13":"product-type-simple"},"_links":{"self":[{"href":"https:\/\/mioplast.com\/tr\/wp-json\/wp\/v2\/product\/2354","targetHints":{"allow":["GET"]}}],"collection":[{"href":"https:\/\/mioplast.com\/tr\/wp-json\/wp\/v2\/product"}],"about":[{"href":"https:\/\/mioplast.com\/tr\/wp-json\/wp\/v2\/types\/product"}],"replies":[{"embeddable":true,"href":"https:\/\/mioplast.com\/tr\/wp-json\/wp\/v2\/comments?post=2354"}],"version-history":[{"count":1,"href":"https:\/\/mioplast.com\/tr\/wp-json\/wp\/v2\/product\/2354\/revisions"}],"predecessor-version":[{"id":2550,"href":"https:\/\/mioplast.com\/tr\/wp-json\/wp\/v2\/product\/2354\/revisions\/2550"}],"wp:featuredmedia":[{"embeddable":true,"href":"https:\/\/mioplast.com\/tr\/wp-json\/wp\/v2\/media\/2338"}],"wp:attachment":[{"href":"https:\/\/mioplast.com\/tr\/wp-json\/wp\/v2\/media?parent=2354"}],"wp:term":[{"taxonomy":"product_brand","embeddable":true,"href":"https:\/\/mioplast.com\/tr\/wp-json\/wp\/v2\/product_brand?post=2354"},{"taxonomy":"product_cat","embeddable":true,"href":"https:\/\/mioplast.com\/tr\/wp-json\/wp\/v2\/product_cat?post=2354"},{"taxonomy":"product_tag","embeddable":true,"href":"https:\/\/mioplast.com\/tr\/wp-json\/wp\/v2\/product_tag?post=2354"}],"curies":[{"name":"wp","href":"https:\/\/api.w.org\/{rel}","templated":true}]}}