{"id":2355,"date":"2023-12-08T06:44:48","date_gmt":"2023-12-08T06:44:48","guid":{"rendered":"https:\/\/mioplast.com\/product\/pp-dergi-tutucu-klasor-kutulari-arsiv-kutulari\/"},"modified":"2023-12-12T09:06:19","modified_gmt":"2023-12-12T09:06:19","slug":"pp-dergi-tutucu-klasor-kutulari-arsiv-kutulari","status":"publish","type":"product","link":"https:\/\/mioplast.com\/tr\/urun\/pp-dergi-tutucu-klasor-kutulari-arsiv-kutulari\/","title":{"rendered":"PP DERG\u0130 TUTUCU, KLAS\u00d6R KUTULARI, AR\u015e\u0130V KUTULARI"},"content":{"rendered":"<p><span class=\"OYPEnA text-decoration-none text-strikethrough-none\">PP levhalar her t\u00fcrl\u00fc bask\u0131 teknolojisine uygun olmas\u0131, hafif, dayan\u0131kl\u0131, esnek, hijyenik, %100 geri d\u00f6n\u00fc\u015ft\u00fcr\u00fclebilir, \u015fekillendirilebilir, kaynaklanabilir, tutturulup delinebilir, y\u00fcksek mukavemete sahip olmas\u0131 gibi \u00f6zellikleriyle k\u0131rtasiye sekt\u00f6r\u00fcnde yayg\u0131n olarak kullan\u0131lmaktad\u0131r. Proje \u00e7antalar\u0131, dosyalar, ar\u015fiv kutular\u0131 ve daha bir\u00e7ok \u00fcr\u00fcn\u00fcn yap\u0131m\u0131nda kullan\u0131labilir.<\/span><\/p>\n","protected":false},"excerpt":{"rendered":"<p><span class=\"OYPEnA text-decoration-none text-strikethrough-none\">PP levhalar her t\u00fcrl\u00fc bask\u0131 teknolojisine uygun olmas\u0131, hafif, dayan\u0131kl\u0131, esnek, hijyenik, %100 geri d\u00f6n\u00fc\u015ft\u00fcr\u00fclebilir, \u015fekillendirilebilir, kaynaklanabilir, tutturulup delinebilir, y\u00fcksek mukavemete sahip olmas\u0131 gibi \u00f6zellikleriyle k\u0131rtasiye sekt\u00f6r\u00fcnde yayg\u0131n olarak kullan\u0131lmaktad\u0131r. Proje \u00e7antalar\u0131, dosyalar, ar\u015fiv kutular\u0131 ve daha bir\u00e7ok \u00fcr\u00fcn\u00fcn yap\u0131m\u0131nda kullan\u0131labilir.<\/span><\/p>\n","protected":false},"featured_media":2337,"comment_status":"open","ping_status":"closed","template":"","meta":[],"product_brand":[],"product_cat":[171,170,152,169],"product_tag":[174,168,173,167,172],"class_list":{"0":"post-2355","1":"product","2":"type-product","3":"status-publish","4":"has-post-thumbnail","6":"product_cat-arsivleme-kutulari","7":"product_cat-klasor-kutulari","8":"product_cat-polipropilen","9":"product_cat-pp-magazin-tutucu","10":"product_tag-arsivleme-kutulari","11":"product_tag-elastik-kose-tutucu","12":"product_tag-klasor-kutulari","13":"product_tag-pp-klasoru","14":"product_tag-pp-magazin-tutucu","16":"first","17":"instock","18":"shipping-taxable","19":"product-type-simple"},"_links":{"self":[{"href":"https:\/\/mioplast.com\/tr\/wp-json\/wp\/v2\/product\/2355","targetHints":{"allow":["GET"]}}],"collection":[{"href":"https:\/\/mioplast.com\/tr\/wp-json\/wp\/v2\/product"}],"about":[{"href":"https:\/\/mioplast.com\/tr\/wp-json\/wp\/v2\/types\/product"}],"replies":[{"embeddable":true,"href":"https:\/\/mioplast.com\/tr\/wp-json\/wp\/v2\/comments?post=2355"}],"version-history":[{"count":0,"href":"https:\/\/mioplast.com\/tr\/wp-json\/wp\/v2\/product\/2355\/revisions"}],"wp:featuredmedia":[{"embeddable":true,"href":"https:\/\/mioplast.com\/tr\/wp-json\/wp\/v2\/media\/2337"}],"wp:attachment":[{"href":"https:\/\/mioplast.com\/tr\/wp-json\/wp\/v2\/media?parent=2355"}],"wp:term":[{"taxonomy":"product_brand","embeddable":true,"href":"https:\/\/mioplast.com\/tr\/wp-json\/wp\/v2\/product_brand?post=2355"},{"taxonomy":"product_cat","embeddable":true,"href":"https:\/\/mioplast.com\/tr\/wp-json\/wp\/v2\/product_cat?post=2355"},{"taxonomy":"product_tag","embeddable":true,"href":"https:\/\/mioplast.com\/tr\/wp-json\/wp\/v2\/product_tag?post=2355"}],"curies":[{"name":"wp","href":"https:\/\/api.w.org\/{rel}","templated":true}]}}