{"id":2359,"date":"2023-12-05T13:44:44","date_gmt":"2023-12-05T13:44:44","guid":{"rendered":"https:\/\/mioplast.com\/product\/plastik-koseler\/"},"modified":"2023-12-12T07:56:02","modified_gmt":"2023-12-12T07:56:02","slug":"kosebentler","status":"publish","type":"product","link":"https:\/\/mioplast.com\/tr\/urun\/kosebentler\/","title":{"rendered":"K\u00d6\u015eEBENTLER"},"content":{"rendered":"<p>Kenar Koruyucular \u00e7emberleme uygulamas\u0131 s\u0131ras\u0131nda kay\u0131\u015f\u0131n gerilmesi s\u0131ras\u0131nda olu\u015facak hasar\u0131 \u00f6nler. Kenar Koruyucular\u0131n kullan\u0131lmas\u0131 gerilimi y\u00fczey alan\u0131na da\u011f\u0131t\u0131r ve y\u00fck\u00fcn zarar g\u00f6rmesini \u00f6nlemeye yard\u0131mc\u0131 olur. Kenar Koruyucular ayr\u0131ca k\u00f6\u015felerdeki gerilim aktar\u0131m\u0131n\u0131 da artt\u0131r\u0131r. Sonu\u00e7 olarak paket daha sa\u011flam bir \u015fekilde paketlenir. \u0130ki tip Kenar Koruyucu mevcuttur: Plastik ve Karton. Karton Kenar Koruyucular paletin alt k\u0131sm\u0131ndan yukar\u0131ya do\u011fru kullan\u0131ld\u0131\u011f\u0131 i\u00e7in paletin stabilitesini de artt\u0131r\u0131r.<\/p>\n","protected":false},"excerpt":{"rendered":"<p>Kenar Koruyucular \u00e7emberleme uygulamas\u0131 s\u0131ras\u0131nda kay\u0131\u015f\u0131n gerilmesi s\u0131ras\u0131nda olu\u015facak hasar\u0131 \u00f6nler. Kenar Koruyucular\u0131n kullan\u0131lmas\u0131 gerilimi y\u00fczey alan\u0131na da\u011f\u0131t\u0131r ve y\u00fck\u00fcn zarar g\u00f6rmesini \u00f6nlemeye yard\u0131mc\u0131 olur. Kenar Koruyucular ayr\u0131ca k\u00f6\u015felerdeki gerilim aktar\u0131m\u0131n\u0131 da artt\u0131r\u0131r. Sonu\u00e7 olarak paket daha sa\u011flam bir \u015fekilde paketlenir. \u0130ki tip Kenar Koruyucu mevcuttur: Plastik ve Karton. Karton Kenar Koruyucular paletin alt k\u0131sm\u0131ndan yukar\u0131ya do\u011fru kullan\u0131ld\u0131\u011f\u0131 i\u00e7in paletin stabilitesini de artt\u0131r\u0131r.<\/p>\n","protected":false},"featured_media":2290,"comment_status":"open","ping_status":"closed","template":"","meta":[],"product_brand":[],"product_cat":[177,180,184,183],"product_tag":[181,185],"class_list":{"0":"post-2359","1":"product","2":"type-product","3":"status-publish","4":"has-post-thumbnail","6":"product_cat-askili-cember","7":"product_cat-cember","8":"product_cat-plastik-koseler","9":"product_cat-tokalar","10":"product_tag-cember","11":"product_tag-kosebentler","13":"first","14":"instock","15":"shipping-taxable","16":"product-type-simple"},"_links":{"self":[{"href":"https:\/\/mioplast.com\/tr\/wp-json\/wp\/v2\/product\/2359","targetHints":{"allow":["GET"]}}],"collection":[{"href":"https:\/\/mioplast.com\/tr\/wp-json\/wp\/v2\/product"}],"about":[{"href":"https:\/\/mioplast.com\/tr\/wp-json\/wp\/v2\/types\/product"}],"replies":[{"embeddable":true,"href":"https:\/\/mioplast.com\/tr\/wp-json\/wp\/v2\/comments?post=2359"}],"version-history":[{"count":1,"href":"https:\/\/mioplast.com\/tr\/wp-json\/wp\/v2\/product\/2359\/revisions"}],"predecessor-version":[{"id":2498,"href":"https:\/\/mioplast.com\/tr\/wp-json\/wp\/v2\/product\/2359\/revisions\/2498"}],"wp:featuredmedia":[{"embeddable":true,"href":"https:\/\/mioplast.com\/tr\/wp-json\/wp\/v2\/media\/2290"}],"wp:attachment":[{"href":"https:\/\/mioplast.com\/tr\/wp-json\/wp\/v2\/media?parent=2359"}],"wp:term":[{"taxonomy":"product_brand","embeddable":true,"href":"https:\/\/mioplast.com\/tr\/wp-json\/wp\/v2\/product_brand?post=2359"},{"taxonomy":"product_cat","embeddable":true,"href":"https:\/\/mioplast.com\/tr\/wp-json\/wp\/v2\/product_cat?post=2359"},{"taxonomy":"product_tag","embeddable":true,"href":"https:\/\/mioplast.com\/tr\/wp-json\/wp\/v2\/product_tag?post=2359"}],"curies":[{"name":"wp","href":"https:\/\/api.w.org\/{rel}","templated":true}]}}