{"id":2360,"date":"2023-12-05T13:22:48","date_gmt":"2023-12-05T13:22:48","guid":{"rendered":"https:\/\/mioplast.com\/product\/tokalar\/"},"modified":"2023-12-12T07:53:52","modified_gmt":"2023-12-12T07:53:52","slug":"tokalar","status":"publish","type":"product","link":"https:\/\/mioplast.com\/tr\/urun\/tokalar\/","title":{"rendered":"TOKALAR"},"content":{"rendered":"<p>Toka, paletin ve y\u00fcklerin sabitlenmesi ve kay\u0131\u015f\u0131n uygulanmas\u0131 s\u0131ras\u0131nda kay\u0131\u015f\u0131n iki ucunun birbirine ba\u011flanmas\u0131 i\u00e7in kullan\u0131l\u0131r. Tokalara tel tokalar da denir.<\/p>\n<p>Tokalar\u0131n kalitesi kay\u0131\u015f\u0131n birle\u015fim yerinin sa\u011flaml\u0131\u011f\u0131n\u0131 etkileyen en \u00f6nemli fakt\u00f6rd\u00fcr. Tokalar\u0131n kalitesi telin \u00e7ap\u0131na, kullan\u0131lan telin kalitesine, y\u00fczey kaplaman\u0131n kalitesine ve tokan\u0131n formuna ba\u011fl\u0131d\u0131r.<\/p>\n<p>MIO STRAP tokalar\u0131 esas olarak Polyester Fitilli Kompozit \u00c7emberleme, Tekstil (hotmelt) \u00c7emberleme ve Dokuma \u00c7emberleme ile birlikte kullan\u0131l\u0131r ancak ayn\u0131 zamanda PET \u00c7emberleme ve PP \u00c7emberleme ile de kullan\u0131l\u0131r.<\/p>\n<p>MIO STRAP Tokalar, Fosfat kapl\u0131 ve Galvanizli Tokalar olmak \u00fczere iki farkl\u0131 y\u00fczey kalitesinde \u00fcretilmektedir.<\/p>\n<table class=\"table table-responsive table-bordered table-striped\" border=\"0\" cellspacing=\"0\" cellpadding=\"0\">\n<tbody>\n<tr>\n<th>\u00dcr\u00fcn Kodu<\/th>\n<th>BOYUT<\/th>\n<th>Tel \u00c7ap\u0131<\/th>\n<th>Kutu \u0130\u00e7i Adedi<\/th>\n<\/tr>\n<tr>\n<td>COB4G13<\/td>\n<td>13 mm<\/td>\n<td>\u00d8 3,0mm &#8211; \u00d8 3,3mm<\/td>\n<td>1000 adet<\/td>\n<\/tr>\n<tr>\n<td>COB5G16<\/td>\n<td>16 mm<\/td>\n<td>\u00d8 3,3mm &#8211; \u00d8 3,5mm<\/td>\n<td>1000 adet<\/td>\n<\/tr>\n<tr>\n<td>COB6G19<\/td>\n<td>19 mm<\/td>\n<td>\u00d8 3,5mm &#8211; \u00d8 3,8mm &#8211; \u00d8 4,0mm<\/td>\n<td>1000 adet<\/td>\n<\/tr>\n<tr>\n<td>COB8G25<\/td>\n<td>25 mm<\/td>\n<td>\u00d8 5,0mm &#8211; \u00d8 6,0mm<\/td>\n<td>500 adet<\/td>\n<\/tr>\n<tr>\n<td>COB10G32<\/td>\n<td>32 mm<\/td>\n<td>\u00d8 7,0mm<\/td>\n<td>250 adet<\/td>\n<\/tr>\n<\/tbody>\n<\/table>\n<p>Tokan\u0131n kalitesi, kay\u0131\u015f\u0131n sistem sa\u011flaml\u0131\u011f\u0131n\u0131 belirleyen \u00f6nemli parametrelerden biridir. Sistem mukavemetini etkileyen en \u00f6nemli fakt\u00f6r derzin mukavemetidir.<\/p>\n<p>Polyester Fitilli Kompozit \u00c7emberin Sistem Mukavemeti paketin g\u00fcvenli\u011fi a\u00e7\u0131s\u0131ndan \u00e7ok \u00f6nemli bir parametredir. \u00d6rnek olarak Kompozit \u00e7emberleme i\u00e7in sistem mukavemeti, Do\u011frusal Kopma Mukavemetinin %60&#8217;\u0131ndan fazla olmal\u0131d\u0131r.<\/p>\n<table class=\"table table-responsive table-bordered table-striped\" style=\"height: 40px;\" border=\"0\" width=\"603\" cellspacing=\"0\" cellpadding=\"0\">\n<tbody>\n<tr>\n<th>\u00dcr\u00fcn Kodu<\/th>\n<th>Bobin Uzunlu\u011fu (m)<\/th>\n<th>K\u0131r\u0131lma Dayan\u0131m\u0131<\/th>\n<th>System StrengthSistem G\u00fcc\u00fc<\/th>\n<\/tr>\n<tr>\n<td>CS34STR<\/td>\n<td>400 M<\/td>\n<td>1500 daN<\/td>\n<td>2400 daN<\/td>\n<\/tr>\n<\/tbody>\n<\/table>\n<h3>1. Fosfat Kapl\u0131 Tokalar<\/h3>\n<p>Tel toka yap\u0131m\u0131nda kullan\u0131lan tel fosfat kapl\u0131d\u0131r ve bu nedenle bu \u015fekilde an\u0131l\u0131r.<br \/>\nMio Ask\u0131 Polyester Fitilli Tekstil (hotmelt) \u00e7emberleme ve Mio Strap Polyester Fitilli Dokuma \u00e7emberleme uygulamalar\u0131 ile kullan\u0131l\u0131r. Tel y\u00fczeyinin p\u00fcr\u00fczl\u00fc olmas\u0131 sayesinde bu tip kay\u0131\u015flara daha uyumludurlar.<\/p>\n<h3>2. Galvanizli Tokalar<\/h3>\n<p>Tel Toka \u00fcretiminde kullan\u0131lan tel Galvanizlidir ve bu nedenle Galvanizli Toka olarak da an\u0131lmaktad\u0131r.<\/p>\n<p>Mio Kay\u0131\u015f Galvanizli Tokalar, Polyester Kablolu Kompozit \u00c7emberleme ve Polyester Kablolu Hotmelt (Tekstil) \u00c7emberleme ile birlikte kullan\u0131l\u0131r. PET \u00c7emberleme ve PP \u00c7emberleme uygulamalar\u0131yla da kullan\u0131lmaktad\u0131r. PET \u00c7emberleme &amp; Toka ve PP \u00c7emberleme &amp; Toka kombinasyonlar\u0131n\u0131n Sistem Mukavemeti Kompozit \u00c7emberleme &amp; Toka kombinasyonu kadar g\u00fc\u00e7l\u00fc olmasa da, hafif uygulamalarda PET \u00c7emberleme ve PP \u00c7emberleme, kullan\u0131m kolayl\u0131\u011f\u0131 nedeniyle Galvanizli Toka ile manuel olarak kullan\u0131lmaktad\u0131r.<\/p>\n","protected":false},"excerpt":{"rendered":"<p>Toka, paletin ve y\u00fcklerin sabitlenmesi ve kay\u0131\u015f\u0131n uygulanmas\u0131 s\u0131ras\u0131nda kay\u0131\u015f\u0131n iki ucunun birbirine ba\u011flanmas\u0131 i\u00e7in kullan\u0131l\u0131r. Tokalara tel tokalar da denir.<\/p>\n<p>Tokalar\u0131n kalitesi kay\u0131\u015f\u0131n birle\u015fim yerinin sa\u011flaml\u0131\u011f\u0131n\u0131 etkileyen en \u00f6nemli fakt\u00f6rd\u00fcr. Tokalar\u0131n kalitesi telin \u00e7ap\u0131na, kullan\u0131lan telin kalitesine, y\u00fczey kaplaman\u0131n kalitesine ve tokan\u0131n formuna ba\u011fl\u0131d\u0131r.<\/p>\n","protected":false},"featured_media":2345,"comment_status":"open","ping_status":"closed","template":"","meta":[],"product_brand":[],"product_cat":[177,180,183],"product_tag":[181,186],"class_list":{"0":"post-2360","1":"product","2":"type-product","3":"status-publish","4":"has-post-thumbnail","6":"product_cat-askili-cember","7":"product_cat-cember","8":"product_cat-tokalar","9":"product_tag-cember","10":"product_tag-tokalar","12":"first","13":"instock","14":"shipping-taxable","15":"product-type-simple"},"_links":{"self":[{"href":"https:\/\/mioplast.com\/tr\/wp-json\/wp\/v2\/product\/2360","targetHints":{"allow":["GET"]}}],"collection":[{"href":"https:\/\/mioplast.com\/tr\/wp-json\/wp\/v2\/product"}],"about":[{"href":"https:\/\/mioplast.com\/tr\/wp-json\/wp\/v2\/types\/product"}],"replies":[{"embeddable":true,"href":"https:\/\/mioplast.com\/tr\/wp-json\/wp\/v2\/comments?post=2360"}],"version-history":[{"count":0,"href":"https:\/\/mioplast.com\/tr\/wp-json\/wp\/v2\/product\/2360\/revisions"}],"wp:featuredmedia":[{"embeddable":true,"href":"https:\/\/mioplast.com\/tr\/wp-json\/wp\/v2\/media\/2345"}],"wp:attachment":[{"href":"https:\/\/mioplast.com\/tr\/wp-json\/wp\/v2\/media?parent=2360"}],"wp:term":[{"taxonomy":"product_brand","embeddable":true,"href":"https:\/\/mioplast.com\/tr\/wp-json\/wp\/v2\/product_brand?post=2360"},{"taxonomy":"product_cat","embeddable":true,"href":"https:\/\/mioplast.com\/tr\/wp-json\/wp\/v2\/product_cat?post=2360"},{"taxonomy":"product_tag","embeddable":true,"href":"https:\/\/mioplast.com\/tr\/wp-json\/wp\/v2\/product_tag?post=2360"}],"curies":[{"name":"wp","href":"https:\/\/api.w.org\/{rel}","templated":true}]}}