{"id":2362,"date":"2023-12-05T14:12:13","date_gmt":"2023-12-05T14:12:13","guid":{"rendered":"https:\/\/mioplast.com\/product\/bobin-dagiticilari\/"},"modified":"2023-12-12T08:31:42","modified_gmt":"2023-12-12T08:31:42","slug":"cember-arabalari","status":"publish","type":"product","link":"https:\/\/mioplast.com\/tr\/urun\/cember-arabalari\/","title":{"rendered":"\u00c7EMBER ARABALARI"},"content":{"rendered":"<p>\u00c7ember bobinlerinin da\u011f\u0131lmamas\u0131, i\u015fletme i\u00e7erisinde bir yerden bir yere ta\u015f\u0131nmas\u0131n\u0131 sa\u011flayan \u00fcr\u00fcnlerdir. Her \u00e7ember \u00e7e\u015fidi i\u00e7in ayr\u0131 kasnak \u00e7ap\u0131na uygun tipleri mevcuttur.<\/p>\n<h3>\u00c7EMBER ARABALARI<\/h3>\n<table class=\"table table-responsive\" border=\"0\" cellspacing=\"1\" cellpadding=\"1\">\n<tbody>\n<tr>\n<td>\n<h4>MIO-DISP01 \u2013Tekstil \u00c7ember Arabas\u0131<\/h4>\n<p>Silindirsiz 76 mm g\u00f6bek i\u00e7in<\/td>\n<td>\n<h4><img fetchpriority=\"high\" decoding=\"async\" class=\"alignnone wp-image-1585\" style=\"font-family: inherit; font-size: inherit;\" src=\"https:\/\/mioplast.com\/wp-content\/uploads\/Cember_Arabalari_1-201x300.jpg\" alt=\"\" width=\"195\" height=\"291\" \/><\/h4>\n<p><img decoding=\"async\" class=\"img-thumbnail img-responsive\" src=\"http:\/\/www.co-strap.com\/UserFiles\/Image\/Urunler\/Cember_Arabalari\/Cember_Arabalari_1.jpg\" alt=\"\" \/><\/td>\n<\/tr>\n<tr>\n<td>\n<h4>MIO-DISP02 \u2013Tekstil \u00c7ember Arabas\u0131<\/h4>\n<p>76mm makaral\u0131 g\u00f6bek i\u00e7in<\/td>\n<td><img decoding=\"async\" class=\"img-thumbnail img-responsive\" src=\"http:\/\/www.co-strap.com\/UserFiles\/Image\/Urunler\/Cember_Arabalari\/Cember_Arabalari_2.jpg\" alt=\"\" \/><img decoding=\"async\" class=\"alignnone size-medium wp-image-1586\" src=\"https:\/\/mioplast.com\/wp-content\/uploads\/\/Cember_Arabalari_2-201x300.jpg\" alt=\"\" width=\"201\" height=\"300\" srcset=\"https:\/\/mioplast.com\/wp-content\/uploads\/Cember_Arabalari_2-201x300.jpg 201w, https:\/\/mioplast.com\/wp-content\/uploads\/Cember_Arabalari_2.jpg 310w\" sizes=\"(max-width: 201px) 100vw, 201px\" \/><\/td>\n<\/tr>\n<tr>\n<td>\n<h4>MIO-DISP03 \u2013PET &amp; Kompozit \u00c7ember Arabas\u0131<\/h4>\n<p>400 mm&#8217;lik g\u00f6bek i\u00e7in makaral\u0131 ve frenli<\/td>\n<td><img decoding=\"async\" class=\"img-thumbnail img-responsive\" src=\"http:\/\/www.co-strap.com\/UserFiles\/Image\/Urunler\/Cember_Arabalari\/Cember_Arabalari_3WG.jpg\" alt=\"\" \/><img decoding=\"async\" class=\"alignnone wp-image-1587\" src=\"https:\/\/mioplast.com\/wp-content\/uploads\/\/Cember_Arabalari_3WG-259x300.jpg\" alt=\"\" width=\"236\" height=\"273\" srcset=\"https:\/\/mioplast.com\/wp-content\/uploads\/Cember_Arabalari_3WG-259x300.jpg 259w, https:\/\/mioplast.com\/wp-content\/uploads\/Cember_Arabalari_3WG-600x694.jpg 600w, https:\/\/mioplast.com\/wp-content\/uploads\/Cember_Arabalari_3WG.jpg 618w\" sizes=\"(max-width: 236px) 100vw, 236px\" \/><\/td>\n<\/tr>\n<tr>\n<td>\n<h4>MIO-DISP04 UNI \u2013UNIVERSAL PET &amp; PP &amp; COMPOSITE Strap Dispenser<\/h4>\n<p>76, 150, 200, 400 mm K\u0131rmal\u0131 Damarlar i\u00e7in<\/td>\n<td><img decoding=\"async\" class=\"img-thumbnail img-responsive\" src=\"http:\/\/www.co-strap.com\/UserFiles\/Image\/Urunler\/Cember_Arabalari\/CO-DISP103.jpg\" alt=\"\" \/><img loading=\"lazy\" decoding=\"async\" class=\"alignnone size-medium wp-image-1588\" src=\"https:\/\/mioplast.com\/wp-content\/uploads\/\/CO-DISP103-268x300.jpg\" alt=\"\" width=\"268\" height=\"300\" srcset=\"https:\/\/mioplast.com\/wp-content\/uploads\/CO-DISP103-268x300.jpg 268w, https:\/\/mioplast.com\/wp-content\/uploads\/CO-DISP103.jpg 310w\" sizes=\"(max-width: 268px) 100vw, 268px\" \/><\/td>\n<\/tr>\n<tr>\n<td>\n<h4>MIO-DISP05 \u2013Composite &amp; PP \u00c7ember Arabas\u0131<\/h4>\n<p>200 mm&#8217;lik makaral\u0131 g\u00f6bek i\u00e7in<\/td>\n<td><img decoding=\"async\" class=\"img-thumbnail img-responsive\" src=\"http:\/\/www.co-strap.com\/UserFiles\/Image\/Urunler\/Cember_Arabalari\/Cember_Arabalari_4.jpg\" alt=\"\" \/><img loading=\"lazy\" decoding=\"async\" class=\"alignnone wp-image-1590 size-medium\" src=\"https:\/\/mioplast.com\/wp-content\/uploads\/\/Cember_Arabalari_4-201x300.jpg\" alt=\"\" width=\"201\" height=\"300\" srcset=\"https:\/\/mioplast.com\/wp-content\/uploads\/Cember_Arabalari_4-201x300.jpg 201w, https:\/\/mioplast.com\/wp-content\/uploads\/Cember_Arabalari_4-600x896.jpg 600w, https:\/\/mioplast.com\/wp-content\/uploads\/Cember_Arabalari_4-686x1024.jpg 686w, https:\/\/mioplast.com\/wp-content\/uploads\/Cember_Arabalari_4-768x1147.jpg 768w, https:\/\/mioplast.com\/wp-content\/uploads\/Cember_Arabalari_4.jpg 800w\" sizes=\"(max-width: 201px) 100vw, 201px\" \/><\/td>\n<\/tr>\n<tr>\n<td>\n<h4>MIO-DISP06 \u2013 Kompozit\u00a0\u00c7ember Arabas\u0131<\/h4>\n<p>200 mm&#8217;lik makaral\u0131 g\u00f6bek i\u00e7in<\/td>\n<td><img decoding=\"async\" class=\"img-thumbnail img-responsive\" src=\"http:\/\/www.co-strap.com\/UserFiles\/Image\/Urunler\/Cember_Arabalari\/Cember_Arabalari_CS.jpg\" alt=\"\" \/><img loading=\"lazy\" decoding=\"async\" class=\"alignnone wp-image-1591 size-medium\" src=\"https:\/\/mioplast.com\/wp-content\/uploads\/\/Cember_Arabalari_CS-200x300.jpg\" alt=\"\" width=\"200\" height=\"300\" srcset=\"https:\/\/mioplast.com\/wp-content\/uploads\/Cember_Arabalari_CS-200x300.jpg 200w, https:\/\/mioplast.com\/wp-content\/uploads\/Cember_Arabalari_CS.jpg 300w\" sizes=\"(max-width: 200px) 100vw, 200px\" \/><\/td>\n<\/tr>\n<tr>\n<td>\n<h4>MIO-DISP07 \u2013 PET\u00a0\u00c7ember Arabas\u0131<\/h4>\n<p>400 mm&#8217;lik makaral\u0131 g\u00f6bek i\u00e7in<\/td>\n<td><img decoding=\"async\" class=\"img-thumbnail img-responsive\" src=\"http:\/\/www.co-strap.com\/UserFiles\/Image\/Urunler\/Cember_Arabalari\/CODISP-105.jpg\" alt=\"\" \/><img loading=\"lazy\" decoding=\"async\" class=\"alignnone wp-image-1592 size-medium\" src=\"https:\/\/mioplast.com\/wp-content\/uploads\/\/CODISP-105-186x300.jpg\" alt=\"\" width=\"186\" height=\"300\" srcset=\"https:\/\/mioplast.com\/wp-content\/uploads\/CODISP-105-186x300.jpg 186w, https:\/\/mioplast.com\/wp-content\/uploads\/CODISP-105.jpg 310w\" sizes=\"(max-width: 186px) 100vw, 186px\" \/><\/td>\n<\/tr>\n<tr>\n<td>\n<h4>MIO-DISP08 \u2013 \u00c7elik\u00a0\u00c7ember Arabas\u0131<\/h4>\n<p>13 mm, 16 mm, 19 mm, 25 mm ve 32 mm&#8217;ye uygun frenli, makaral\u0131<\/td>\n<td><img decoding=\"async\" class=\"img-thumbnail img-responsive\" src=\"http:\/\/www.co-strap.com\/UserFiles\/Image\/Urunler\/Cember_Arabalari\/CO-DISP106.jpg\" alt=\"\" \/><img loading=\"lazy\" decoding=\"async\" class=\"alignnone wp-image-1593 size-medium\" src=\"https:\/\/mioplast.com\/wp-content\/uploads\/\/CO-DISP106-174x300.jpg\" alt=\"\" width=\"174\" height=\"300\" srcset=\"https:\/\/mioplast.com\/wp-content\/uploads\/CO-DISP106-174x300.jpg 174w, https:\/\/mioplast.com\/wp-content\/uploads\/CO-DISP106.jpg 310w\" sizes=\"(max-width: 174px) 100vw, 174px\" \/><\/td>\n<\/tr>\n<tr>\n<td>\n<h4>MIO-DISP09 \u2013 Kompozit\u00a0\u00c7ember Arabas\u0131<\/h4>\n<p>200 mm&#8217;lik makaral\u0131 g\u00f6bek i\u00e7in<\/td>\n<td><img decoding=\"async\" class=\"img-thumbnail img-responsive\" src=\"http:\/\/www.co-strap.com\/UserFiles\/Image\/Urunler\/Cember_Arabalari\/Cember_Arabalari_5.jpg\" alt=\"\" \/><img loading=\"lazy\" decoding=\"async\" class=\"alignnone wp-image-1595 size-medium\" src=\"https:\/\/mioplast.com\/wp-content\/uploads\/\/Cember_Arabalari_5-155x300.jpg\" alt=\"\" width=\"155\" height=\"300\" srcset=\"https:\/\/mioplast.com\/wp-content\/uploads\/Cember_Arabalari_5-155x300.jpg 155w, https:\/\/mioplast.com\/wp-content\/uploads\/Cember_Arabalari_5.jpg 285w\" sizes=\"(max-width: 155px) 100vw, 155px\" \/><\/td>\n<\/tr>\n<tr>\n<td>\n<h4>MIO-DISP10 \u2013 PET\u00a0\u00c7ember Arabas\u0131<\/h4>\n<p>400mm k\u0131r\u0131lmal\u0131 \u00e7ekirdek i\u00e7in<\/td>\n<td><img decoding=\"async\" class=\"img-thumbnail img-responsive\" src=\"http:\/\/www.co-strap.com\/UserFiles\/Image\/Urunler\/Cember_Arabalari\/CO-DISP120.jpg\" alt=\"\" \/><img loading=\"lazy\" decoding=\"async\" class=\"alignnone wp-image-1596 size-medium\" src=\"https:\/\/mioplast.com\/wp-content\/uploads\/\/CO-DISP120-188x300.jpg\" alt=\"\" width=\"188\" height=\"300\" srcset=\"https:\/\/mioplast.com\/wp-content\/uploads\/CO-DISP120-188x300.jpg 188w, https:\/\/mioplast.com\/wp-content\/uploads\/CO-DISP120.jpg 302w\" sizes=\"(max-width: 188px) 100vw, 188px\" \/><\/td>\n<\/tr>\n<\/tbody>\n<\/table>\n","protected":false},"excerpt":{"rendered":"<p>Kay\u0131\u015f bobinleri, bobin arabalar\u0131 arac\u0131l\u0131\u011f\u0131yla kolayl\u0131kla ta\u015f\u0131n\u0131r ve \u00e7ekilir. Her \u00e7emberleme tipine ve farkl\u0131 \u00e7ekirdek \u00e7aplar\u0131na uygun tipleri mevcuttur.<\/p>\n","protected":false},"featured_media":2346,"comment_status":"open","ping_status":"closed","template":"","meta":[],"product_brand":[],"product_cat":[177,189,180],"product_tag":[181,190],"class_list":{"0":"post-2362","1":"product","2":"type-product","3":"status-publish","4":"has-post-thumbnail","6":"product_cat-askili-cember","7":"product_cat-bobin-dagiticilari","8":"product_cat-cember","9":"product_tag-cember","10":"product_tag-cember-arabalari","12":"first","13":"instock","14":"shipping-taxable","15":"product-type-simple"},"_links":{"self":[{"href":"https:\/\/mioplast.com\/tr\/wp-json\/wp\/v2\/product\/2362","targetHints":{"allow":["GET"]}}],"collection":[{"href":"https:\/\/mioplast.com\/tr\/wp-json\/wp\/v2\/product"}],"about":[{"href":"https:\/\/mioplast.com\/tr\/wp-json\/wp\/v2\/types\/product"}],"replies":[{"embeddable":true,"href":"https:\/\/mioplast.com\/tr\/wp-json\/wp\/v2\/comments?post=2362"}],"version-history":[{"count":1,"href":"https:\/\/mioplast.com\/tr\/wp-json\/wp\/v2\/product\/2362\/revisions"}],"predecessor-version":[{"id":2502,"href":"https:\/\/mioplast.com\/tr\/wp-json\/wp\/v2\/product\/2362\/revisions\/2502"}],"wp:featuredmedia":[{"embeddable":true,"href":"https:\/\/mioplast.com\/tr\/wp-json\/wp\/v2\/media\/2346"}],"wp:attachment":[{"href":"https:\/\/mioplast.com\/tr\/wp-json\/wp\/v2\/media?parent=2362"}],"wp:term":[{"taxonomy":"product_brand","embeddable":true,"href":"https:\/\/mioplast.com\/tr\/wp-json\/wp\/v2\/product_brand?post=2362"},{"taxonomy":"product_cat","embeddable":true,"href":"https:\/\/mioplast.com\/tr\/wp-json\/wp\/v2\/product_cat?post=2362"},{"taxonomy":"product_tag","embeddable":true,"href":"https:\/\/mioplast.com\/tr\/wp-json\/wp\/v2\/product_tag?post=2362"}],"curies":[{"name":"wp","href":"https:\/\/api.w.org\/{rel}","templated":true}]}}