{"id":2363,"date":"2023-12-06T05:51:25","date_gmt":"2023-12-06T05:51:25","guid":{"rendered":"https:\/\/mioplast.com\/product\/muhafaza-cantalari\/"},"modified":"2023-12-12T08:39:37","modified_gmt":"2023-12-12T08:39:37","slug":"hava-yastiklari","status":"publish","type":"product","link":"https:\/\/mioplast.com\/tr\/urun\/hava-yastiklari\/","title":{"rendered":"HAVA YASTIKLARI"},"content":{"rendered":"<p>Uzun deniz ve demiryolu ta\u015f\u0131malar\u0131nda, paletlerin birbirine s\u00fcrt\u00fcnmesini \u00f6nlemek, devrilme vb. riskleri ortadan kald\u0131rmak amac\u0131yla konteyner, demiryolu vagonu veya kamyon i\u00e7indeki \u00fcr\u00fcnleri sabitlemek i\u00e7in istif torbalar\u0131 kullan\u0131l\u0131r.<\/p>\n<p><img fetchpriority=\"high\" decoding=\"async\" class=\"alignnone size-full wp-image-1606\" src=\"https:\/\/mioplast.com\/wp-content\/uploads\/havayastigi-img1.jpg\" alt=\"\" width=\"251\" height=\"220\" \/><img decoding=\"async\" class=\"alignnone size-full wp-image-1607\" src=\"https:\/\/mioplast.com\/wp-content\/uploads\/havayastigi-img2.jpg\" alt=\"\" width=\"295\" height=\"220\" srcset=\"https:\/\/mioplast.com\/wp-content\/uploads\/havayastigi-img2.jpg 295w, https:\/\/mioplast.com\/wp-content\/uploads\/havayastigi-img2-280x210.jpg 280w\" sizes=\"(max-width: 295px) 100vw, 295px\" \/><\/p>\n<p>\u0130ki t\u00fcr Dunnage torbas\u0131 vard\u0131r: Polipropilen Dokuma ve Kraft. Paletlerin a\u011f\u0131rl\u0131\u011f\u0131na, konteynerin boyutlar\u0131na g\u00f6re \u00f6l\u00e7\u00fc ve ebatlar\u0131 de\u011fi\u015fmektedir. Ayn\u0131 zamanda, Dunnage Bags&#8217;in kalitesine (dayan\u0131kl\u0131l\u0131\u011f\u0131na) g\u00f6re &#8220;seviyelere&#8221; g\u00f6re s\u0131n\u0131fland\u0131r\u0131l\u0131rlar.<\/p>\n<p><img decoding=\"async\" class=\"alignnone size-full wp-image-1608\" src=\"https:\/\/mioplast.com\/wp-content\/uploads\/havayastigi-img3.jpg\" alt=\"\" width=\"219\" height=\"220\" srcset=\"https:\/\/mioplast.com\/wp-content\/uploads\/havayastigi-img3.jpg 219w, https:\/\/mioplast.com\/wp-content\/uploads\/havayastigi-img3-100x100.jpg 100w, https:\/\/mioplast.com\/wp-content\/uploads\/havayastigi-img3-150x150.jpg 150w\" sizes=\"(max-width: 219px) 100vw, 219px\" \/><\/p>\n<p>&nbsp;<\/p>\n<table class=\"table-responsive table-bordered table-striped table\" border=\"0\" cellspacing=\"0\" cellpadding=\"0\">\n<tbody>\n<tr>\n<th colspan=\"2\">EKO HATTI<br \/>\nSEV\u0130YE 1, SEV\u0130YE 2<br \/>\nSEV\u0130YE 3,4,5<br \/>\nDUNNAGE HAVA YASTI\u011eI BOYUTLARI<\/th>\n<\/tr>\n<tr>\n<td>Boyut (in\u00e7)<\/td>\n<td>Boyut (cm)<\/td>\n<\/tr>\n<tr>\n<td>24&#8243; x 36&#8243;<\/td>\n<td>61 x 91<\/td>\n<\/tr>\n<tr>\n<td>36&#8243; x 48&#8243;<\/td>\n<td>91 x 122<\/td>\n<\/tr>\n<tr>\n<td>36&#8243; x 72&#8243;<\/td>\n<td>91 x 183<\/td>\n<\/tr>\n<tr>\n<td>48&#8243; x 72&#8243;<\/td>\n<td>122 x 183<\/td>\n<\/tr>\n<tr>\n<td>48&#8243; x 84&#8243;<\/td>\n<td>122 x 213<\/td>\n<\/tr>\n<tr>\n<td colspan=\"2\">* : Talep \u00fczerine di\u011fer boyutlar da mevcuttur<\/td>\n<\/tr>\n<\/tbody>\n<\/table>\n<p>Hangi hava yast\u0131\u011f\u0131 sizin i\u00e7in uygun?<\/p>\n<ul>\n<li>Eco Line : Hafif y\u00fcklerden olu\u015fan kamyon ta\u015f\u0131malar\u0131nda en iyi \u015fekilde kullan\u0131l\u0131r<\/li>\n<li>Seviye I: Kamyonlarla ta\u015f\u0131nan hafif uygulamalar i\u00e7in en iyisi<\/li>\n<li>Seviye II : Intermodal y\u00fck ta\u015f\u0131mac\u0131l\u0131\u011f\u0131 i\u00e7in en iyisi<\/li>\n<li>Seviye III: D\u00fcz duvar y\u00fczeyleriyle demiryolu veya okyanusa ba\u011fl\u0131 kargo ta\u015f\u0131mac\u0131l\u0131\u011f\u0131 i\u00e7in en iyisi<\/li>\n<li>Seviye IV: Demiryolu veya okyanusa ba\u011fl\u0131 kargo ta\u015f\u0131mac\u0131l\u0131\u011f\u0131 s\u0131ras\u0131ndaki a\u011f\u0131r uygulamalar i\u00e7in en iyisi<\/li>\n<\/ul>\n<table class=\"table-responsive table-bordered table-striped table\" border=\"0\" cellspacing=\"0\" cellpadding=\"0\">\n<tbody>\n<tr>\n<th><\/th>\n<th>EKO HATTI<\/th>\n<th>SEV\u0130YE 1<\/th>\n<th>SEV\u0130YE 2<\/th>\n<th>SEV\u0130YE 3<\/th>\n<th>SEV\u0130YE 4<\/th>\n<th>SEV\u0130YE 5<\/th>\n<\/tr>\n<tr>\n<th>Y\u00fckleme kapasitesi<\/th>\n<td>35.000 lbs&#8217;den az<\/td>\n<td>45.000 Ibs&#8217;den az<\/td>\n<td>75.000 Ibs&#8217;den az<\/td>\n<td>75.000 Ibs- 160.000 Ibs<\/td>\n<td>160,000 Ibs- 205,000 Ibs<\/td>\n<td>205.000 Ibs&#8217;ye kadar yatay rulo ka\u011f\u0131t uygulamas\u0131 i\u00e7in<\/td>\n<\/tr>\n<tr>\n<th>AAR Do\u011fruland\u0131<\/th>\n<td><\/td>\n<td><\/td>\n<td><\/td>\n<td><\/td>\n<td><\/td>\n<td><\/td>\n<\/tr>\n<tr>\n<th>Maksimum \u00c7al\u0131\u015fma Bas\u0131nc\u0131 PSI<\/th>\n<td>2.5<\/td>\n<td>3.0<\/td>\n<td>5.0<\/td>\n<td>8.0<\/td>\n<td>10.0<\/td>\n<td>10.0<\/td>\n<\/tr>\n<tr>\n<th>Ula\u015f\u0131m Modu<\/th>\n<td>Kamyon Intermodal Deniz Konteyneri<\/td>\n<td>Kamyon Intermodal Deniz Konteyneri<\/td>\n<td>Kamyon Intermodal Deniz Konteyneri<\/td>\n<td>Demiryolu Gemisi<\/td>\n<td>Demiryolu Gemisi<\/td>\n<td>Demiryolu Gemisi<\/td>\n<\/tr>\n<tr>\n<td colspan=\"7\"><\/td>\n<\/tr>\n<tr>\n<th><\/th>\n<th>EKO HATTI<\/th>\n<th>SEV\u0130YE 1<\/th>\n<th>SEV\u0130YE 2<\/th>\n<th>SEV\u0130YE 3<\/th>\n<th>SEV\u0130YE 4<\/th>\n<th>SEV\u0130YE 5<\/th>\n<\/tr>\n<tr>\n<th>Y\u00fckleme kapasitesi<\/th>\n<td>15.000 kg&#8217;dan az<\/td>\n<td>20.000 kg&#8217;dan az<\/td>\n<td>20.000 kg&#8217;dan az<\/td>\n<td>30.000 kg &#8211; 70.000kg<\/td>\n<td>70.000 &#8211; 90.000 kg<\/td>\n<td>90.000 kg&#8217;a kadar yatay rulo ka\u011f\u0131t uygulamas\u0131 i\u00e7in<\/td>\n<\/tr>\n<tr>\n<th>AAR Do\u011fruland\u0131<\/th>\n<td><\/td>\n<td><\/td>\n<td><\/td>\n<td><\/td>\n<td><\/td>\n<td><\/td>\n<\/tr>\n<tr>\n<th>Maksimum \u00c7al\u0131\u015fma Bas\u0131nc\u0131 PSI<\/th>\n<td>2.5<\/td>\n<td>3.0<\/td>\n<td>5.0<\/td>\n<td>8.0<\/td>\n<td>10.0<\/td>\n<td>10.0<\/td>\n<\/tr>\n<tr>\n<th>Ula\u015f\u0131m Modu<\/th>\n<td>Kamyon Intermodal Deniz Konteyneri<\/td>\n<td>Kamyon Intermodal Deniz Konteyneri<\/td>\n<td>Kamyon Intermodal Deniz Konteyneri<\/td>\n<td>Demiryolu Gemisi<\/td>\n<td>Demiryolu Gemisi<\/td>\n<td>Demiryolu Gemisi<\/td>\n<\/tr>\n<\/tbody>\n<\/table>\n","protected":false},"excerpt":{"rendered":"<p>Uzun deniz ve demiryolu ta\u015f\u0131malar\u0131nda, paletlerin birbirine s\u00fcrt\u00fcnmesini \u00f6nlemek, devrilme vb. riskleri ortadan kald\u0131rmak amac\u0131yla konteyner, demiryolu vagonu veya kamyon i\u00e7indeki \u00fcr\u00fcnleri sabitlemek i\u00e7in istif torbalar\u0131 kullan\u0131l\u0131r.<\/p>\n","protected":false},"featured_media":2348,"comment_status":"open","ping_status":"closed","template":"","meta":[],"product_brand":[],"product_cat":[191,192],"product_tag":[193],"class_list":{"0":"post-2363","1":"product","2":"type-product","3":"status-publish","4":"has-post-thumbnail","6":"product_cat-ambalaj-urunleri","7":"product_cat-muhafaza-cantalari","8":"product_tag-hava-yastiklari","10":"first","11":"instock","12":"shipping-taxable","13":"product-type-simple"},"_links":{"self":[{"href":"https:\/\/mioplast.com\/tr\/wp-json\/wp\/v2\/product\/2363","targetHints":{"allow":["GET"]}}],"collection":[{"href":"https:\/\/mioplast.com\/tr\/wp-json\/wp\/v2\/product"}],"about":[{"href":"https:\/\/mioplast.com\/tr\/wp-json\/wp\/v2\/types\/product"}],"replies":[{"embeddable":true,"href":"https:\/\/mioplast.com\/tr\/wp-json\/wp\/v2\/comments?post=2363"}],"version-history":[{"count":1,"href":"https:\/\/mioplast.com\/tr\/wp-json\/wp\/v2\/product\/2363\/revisions"}],"predecessor-version":[{"id":2513,"href":"https:\/\/mioplast.com\/tr\/wp-json\/wp\/v2\/product\/2363\/revisions\/2513"}],"wp:featuredmedia":[{"embeddable":true,"href":"https:\/\/mioplast.com\/tr\/wp-json\/wp\/v2\/media\/2348"}],"wp:attachment":[{"href":"https:\/\/mioplast.com\/tr\/wp-json\/wp\/v2\/media?parent=2363"}],"wp:term":[{"taxonomy":"product_brand","embeddable":true,"href":"https:\/\/mioplast.com\/tr\/wp-json\/wp\/v2\/product_brand?post=2363"},{"taxonomy":"product_cat","embeddable":true,"href":"https:\/\/mioplast.com\/tr\/wp-json\/wp\/v2\/product_cat?post=2363"},{"taxonomy":"product_tag","embeddable":true,"href":"https:\/\/mioplast.com\/tr\/wp-json\/wp\/v2\/product_tag?post=2363"}],"curies":[{"name":"wp","href":"https:\/\/api.w.org\/{rel}","templated":true}]}}