{"id":2364,"date":"2023-12-06T06:20:28","date_gmt":"2023-12-06T06:20:28","guid":{"rendered":"https:\/\/mioplast.com\/product\/polietilen-pe-shrink-film\/"},"modified":"2023-12-12T08:50:25","modified_gmt":"2023-12-12T08:50:25","slug":"polietilen-pe-shrink-film","status":"publish","type":"product","link":"https:\/\/mioplast.com\/tr\/urun\/polietilen-pe-shrink-film\/","title":{"rendered":"POL\u0130ET\u0130LEN (PE) SHRINK F\u0130LM"},"content":{"rendered":"<div class=\"col-xs-12 titleParent\">\n<h1 class=\"title\">Polietilen (PE) Shrink Film<\/h1>\n<\/div>\n<div class=\"col-xs-12 text\">\n<ul>\n<li>\u00c7ok katmanl\u0131 (Coex) g\u00fc\u00e7l\u00fc yap\u0131s\u0131 ve y\u00fcksek \u00e7ekme performans\u0131yla \u00fcr\u00fcn\u00fcn\u00fcz\u00fcn \u015feklini kolayl\u0131kla al\u0131r.<\/li>\n<li>20 mikrondan 200 mikrona kadar geni\u015f bir kal\u0131nl\u0131k aral\u0131\u011f\u0131nda mevcuttur.<\/li>\n<li>\u0130htiya\u00e7lar\u0131n\u0131za g\u00f6re parlak, delikli ve UV \u0131\u015f\u0131nlar\u0131na dayan\u0131kl\u0131 se\u00e7enekler mevcuttur.<\/li>\n<li>G\u0131da ile temas\u0131 g\u00fcvenlidir.<\/li>\n<li>\u00c7e\u015fitli renk se\u00e7enekleri mevcuttur.<\/li>\n<li>\u0130htiya\u00e7lar\u0131n\u0131za g\u00f6re 8 renge kadar bask\u0131 ile \u00f6zelle\u015ftirilebilir.<\/li>\n<\/ul>\n<\/div>\n","protected":false},"excerpt":{"rendered":"<ul>\n<li>\u00c7ok katmanl\u0131 (Coex) g\u00fc\u00e7l\u00fc yap\u0131s\u0131 ve y\u00fcksek \u00e7ekme performans\u0131yla \u00fcr\u00fcn\u00fcn\u00fcz\u00fcn \u015feklini kolayl\u0131kla al\u0131r.<\/li>\n<li>20 mikrondan 200 mikrona kadar geni\u015f bir kal\u0131nl\u0131k aral\u0131\u011f\u0131nda mevcuttur.<\/li>\n<li>\u0130htiya\u00e7lar\u0131n\u0131za g\u00f6re parlak, delikli ve UV \u0131\u015f\u0131nlar\u0131na dayan\u0131kl\u0131 se\u00e7enekler mevcuttur.<\/li>\n<li>G\u0131da ile temas\u0131 g\u00fcvenlidir.<\/li>\n<li>\u00c7e\u015fitli renk se\u00e7enekleri mevcuttur.<\/li>\n<li>\u0130htiya\u00e7lar\u0131n\u0131za g\u00f6re 8 renge kadar bask\u0131 ile \u00f6zelle\u015ftirilebilir.<\/li>\n<\/ul>\n","protected":false},"featured_media":2309,"comment_status":"open","ping_status":"closed","template":"","meta":[],"product_brand":[],"product_cat":[191,195,194],"product_tag":[196,197],"class_list":{"0":"post-2364","1":"product","2":"type-product","3":"status-publish","4":"has-post-thumbnail","6":"product_cat-ambalaj-urunleri","7":"product_cat-polietilen-pe-shrink-film","8":"product_cat-shrink-filmler","9":"product_tag-polietilen-pe-shrink-film","10":"product_tag-shrink-film-tr","12":"first","13":"instock","14":"shipping-taxable","15":"product-type-simple"},"_links":{"self":[{"href":"https:\/\/mioplast.com\/tr\/wp-json\/wp\/v2\/product\/2364","targetHints":{"allow":["GET"]}}],"collection":[{"href":"https:\/\/mioplast.com\/tr\/wp-json\/wp\/v2\/product"}],"about":[{"href":"https:\/\/mioplast.com\/tr\/wp-json\/wp\/v2\/types\/product"}],"replies":[{"embeddable":true,"href":"https:\/\/mioplast.com\/tr\/wp-json\/wp\/v2\/comments?post=2364"}],"version-history":[{"count":0,"href":"https:\/\/mioplast.com\/tr\/wp-json\/wp\/v2\/product\/2364\/revisions"}],"wp:featuredmedia":[{"embeddable":true,"href":"https:\/\/mioplast.com\/tr\/wp-json\/wp\/v2\/media\/2309"}],"wp:attachment":[{"href":"https:\/\/mioplast.com\/tr\/wp-json\/wp\/v2\/media?parent=2364"}],"wp:term":[{"taxonomy":"product_brand","embeddable":true,"href":"https:\/\/mioplast.com\/tr\/wp-json\/wp\/v2\/product_brand?post=2364"},{"taxonomy":"product_cat","embeddable":true,"href":"https:\/\/mioplast.com\/tr\/wp-json\/wp\/v2\/product_cat?post=2364"},{"taxonomy":"product_tag","embeddable":true,"href":"https:\/\/mioplast.com\/tr\/wp-json\/wp\/v2\/product_tag?post=2364"}],"curies":[{"name":"wp","href":"https:\/\/api.w.org\/{rel}","templated":true}]}}