{"id":2365,"date":"2023-12-06T07:20:18","date_gmt":"2023-12-06T07:20:18","guid":{"rendered":"https:\/\/mioplast.com\/product\/koli-bandi\/"},"modified":"2023-12-12T08:51:48","modified_gmt":"2023-12-12T08:51:48","slug":"koli-bandi","status":"publish","type":"product","link":"https:\/\/mioplast.com\/tr\/urun\/koli-bandi\/","title":{"rendered":"KOL\u0130 BANDI"},"content":{"rendered":"<p id=\"tw-target-text\" class=\"tw-data-text tw-text-large tw-ta\" dir=\"ltr\" data-placeholder=\"\u00c7eviri\" data-ved=\"2ahUKEwiinbutjvqCAxWegf0HHeWzBGYQ3ewLegQIBRAQ\"><span class=\"Y2IQFc\" lang=\"en\">Her t\u00fcrl\u00fc kutu ve ambalaj malzemesinin kapat\u0131lmas\u0131na uygundur. Sararmaya neden olmaz. Ultra \u015feffaf ve kokusuz yap\u0131s\u0131yla yap\u0131\u015ft\u0131r\u0131ld\u0131\u011f\u0131 y\u00fczeyde g\u00f6r\u00fcnmez. \u00d6zel yap\u0131\u015ft\u0131r\u0131c\u0131s\u0131 ile ofis ve derslik kullan\u0131m\u0131na uygundur. Sessizlik \u00f6zelli\u011fi bulunmaktad\u0131r.<\/span><\/p>\n","protected":false},"excerpt":{"rendered":"<p><span class=\"Y2IQFc\" lang=\"en\">Her t\u00fcrl\u00fc kutu ve ambalaj malzemesinin kapat\u0131lmas\u0131na uygundur. Sararmaya neden olmaz. Ultra \u015feffaf ve kokusuz yap\u0131s\u0131yla yap\u0131\u015ft\u0131r\u0131ld\u0131\u011f\u0131 y\u00fczeyde g\u00f6r\u00fcnmez. \u00d6zel yap\u0131\u015ft\u0131r\u0131c\u0131s\u0131 ile ofis ve derslik kullan\u0131m\u0131na uygundur. Sessizlik \u00f6zelli\u011fi bulunmaktad\u0131r.<\/span><\/p>\n","protected":false},"featured_media":2323,"comment_status":"open","ping_status":"closed","template":"","meta":[],"product_brand":[],"product_cat":[191,198],"product_tag":[199],"class_list":{"0":"post-2365","1":"product","2":"type-product","3":"status-publish","4":"has-post-thumbnail","6":"product_cat-ambalaj-urunleri","7":"product_cat-koli-bandi","8":"product_tag-koli-bandi","10":"first","11":"instock","12":"shipping-taxable","13":"product-type-simple"},"_links":{"self":[{"href":"https:\/\/mioplast.com\/tr\/wp-json\/wp\/v2\/product\/2365","targetHints":{"allow":["GET"]}}],"collection":[{"href":"https:\/\/mioplast.com\/tr\/wp-json\/wp\/v2\/product"}],"about":[{"href":"https:\/\/mioplast.com\/tr\/wp-json\/wp\/v2\/types\/product"}],"replies":[{"embeddable":true,"href":"https:\/\/mioplast.com\/tr\/wp-json\/wp\/v2\/comments?post=2365"}],"version-history":[{"count":0,"href":"https:\/\/mioplast.com\/tr\/wp-json\/wp\/v2\/product\/2365\/revisions"}],"wp:featuredmedia":[{"embeddable":true,"href":"https:\/\/mioplast.com\/tr\/wp-json\/wp\/v2\/media\/2323"}],"wp:attachment":[{"href":"https:\/\/mioplast.com\/tr\/wp-json\/wp\/v2\/media?parent=2365"}],"wp:term":[{"taxonomy":"product_brand","embeddable":true,"href":"https:\/\/mioplast.com\/tr\/wp-json\/wp\/v2\/product_brand?post=2365"},{"taxonomy":"product_cat","embeddable":true,"href":"https:\/\/mioplast.com\/tr\/wp-json\/wp\/v2\/product_cat?post=2365"},{"taxonomy":"product_tag","embeddable":true,"href":"https:\/\/mioplast.com\/tr\/wp-json\/wp\/v2\/product_tag?post=2365"}],"curies":[{"name":"wp","href":"https:\/\/api.w.org\/{rel}","templated":true}]}}