{"id":2366,"date":"2023-12-06T06:45:45","date_gmt":"2023-12-06T06:45:45","guid":{"rendered":"https:\/\/mioplast.com\/product\/cop-torbalari\/"},"modified":"2023-12-12T08:57:57","modified_gmt":"2023-12-12T08:57:57","slug":"cop-torbalari","status":"publish","type":"product","link":"https:\/\/mioplast.com\/tr\/urun\/cop-torbalari\/","title":{"rendered":"\u00c7\u00d6P TORBALARI"},"content":{"rendered":"<p><strong>Kullan\u0131m Alan\u0131<\/strong><\/p>\n<p>Catering \u015firketlerinde, temizlik \u015firketlerinde, hastanelerde, end\u00fcstriyel i\u015fletmelerde ve toplu ya\u015fam alanlar\u0131nda kullan\u0131lmaktad\u0131r.<\/p>\n","protected":false},"excerpt":{"rendered":"<p><strong>Kullan\u0131m Alan\u0131<\/strong><\/p>\n<p>Catering \u015firketlerinde, temizlik \u015firketlerinde, hastanelerde, end\u00fcstriyel i\u015fletmelerde ve toplu ya\u015fam alanlar\u0131nda kullan\u0131lmaktad\u0131r.<\/p>\n","protected":false},"featured_media":2350,"comment_status":"open","ping_status":"closed","template":"","meta":[],"product_brand":[],"product_cat":[191,200],"product_tag":[201],"class_list":{"0":"post-2366","1":"product","2":"type-product","3":"status-publish","4":"has-post-thumbnail","6":"product_cat-ambalaj-urunleri","7":"product_cat-cop-torbalari","8":"product_tag-cop-torbalari","10":"first","11":"instock","12":"shipping-taxable","13":"product-type-simple"},"_links":{"self":[{"href":"https:\/\/mioplast.com\/tr\/wp-json\/wp\/v2\/product\/2366","targetHints":{"allow":["GET"]}}],"collection":[{"href":"https:\/\/mioplast.com\/tr\/wp-json\/wp\/v2\/product"}],"about":[{"href":"https:\/\/mioplast.com\/tr\/wp-json\/wp\/v2\/types\/product"}],"replies":[{"embeddable":true,"href":"https:\/\/mioplast.com\/tr\/wp-json\/wp\/v2\/comments?post=2366"}],"version-history":[{"count":0,"href":"https:\/\/mioplast.com\/tr\/wp-json\/wp\/v2\/product\/2366\/revisions"}],"wp:featuredmedia":[{"embeddable":true,"href":"https:\/\/mioplast.com\/tr\/wp-json\/wp\/v2\/media\/2350"}],"wp:attachment":[{"href":"https:\/\/mioplast.com\/tr\/wp-json\/wp\/v2\/media?parent=2366"}],"wp:term":[{"taxonomy":"product_brand","embeddable":true,"href":"https:\/\/mioplast.com\/tr\/wp-json\/wp\/v2\/product_brand?post=2366"},{"taxonomy":"product_cat","embeddable":true,"href":"https:\/\/mioplast.com\/tr\/wp-json\/wp\/v2\/product_cat?post=2366"},{"taxonomy":"product_tag","embeddable":true,"href":"https:\/\/mioplast.com\/tr\/wp-json\/wp\/v2\/product_tag?post=2366"}],"curies":[{"name":"wp","href":"https:\/\/api.w.org\/{rel}","templated":true}]}}