{"id":2367,"date":"2023-12-06T06:28:18","date_gmt":"2023-12-06T06:28:18","guid":{"rendered":"https:\/\/mioplast.com\/product\/poliolefin-shrink-film\/"},"modified":"2023-12-12T08:48:34","modified_gmt":"2023-12-12T08:48:34","slug":"poliolefin-shrink-film","status":"publish","type":"product","link":"https:\/\/mioplast.com\/tr\/urun\/poliolefin-shrink-film\/","title":{"rendered":"POL\u0130OLEF\u0130N SHRINK F\u0130LM"},"content":{"rendered":"<div class=\"col-xs-12 titleParent\">\n<div class=\"col-xs-12 titleParent\">\n<h1 class=\"title\">Poliolefin Shrink Film<\/h1>\n<\/div>\n<div class=\"col-xs-12 text\">\n<ul>\n<li>PAK film y\u00fcksek daralma performans\u0131 ile \u00fcr\u00fcn\u00fcn\u00fcz\u00fcn \u015fekline kolayl\u0131kla uyum sa\u011flar.<\/li>\n<li>\u00c7ok katmanl\u0131 sa\u011flam yap\u0131s\u0131 ve y\u00fcksek s\u0131zd\u0131rmazl\u0131k performans\u0131 \u00fcr\u00fcn\u00fcn\u00fcz\u00fc g\u00fcvenli bir \u015fekilde korur. PAK filminin y\u00fcksek de\u011fi\u015fimi performans\u0131 ile \u00fcr\u00fcn\u00fcn \u015fekline uyumu sa\u011flan\u0131r. T\u00fcm makinelerle uyumlu olup israf\u0131 minimuma indirir ve y\u00fcksek verim sunar.<\/li>\n<li>T\u00fcm makinelerle uyumlu olup israf\u0131 minimuma indirir ve y\u00fcksek verim sunar.<\/li>\n<li>\u0130htiya\u00e7lar\u0131n\u0131za g\u00f6re 8 renge kadar bask\u0131 ile \u00f6zelle\u015ftirilebilir.<\/li>\n<li>G\u0131da ile temas\u0131 g\u00fcvenlidir.<\/li>\n<\/ul>\n<\/div>\n<\/div>\n","protected":false},"excerpt":{"rendered":"<ul>\n<li>PAK film y\u00fcksek daralma performans\u0131 ile \u00fcr\u00fcn\u00fcn\u00fcz\u00fcn \u015fekline kolayl\u0131kla uyum sa\u011flar.<\/li>\n<li>\u00c7ok katmanl\u0131 sa\u011flam yap\u0131s\u0131 ve y\u00fcksek s\u0131zd\u0131rmazl\u0131k performans\u0131 \u00fcr\u00fcn\u00fcn\u00fcz\u00fc g\u00fcvenli bir \u015fekilde korur. PAK filminin y\u00fcksek de\u011fi\u015fimi performans\u0131 ile \u00fcr\u00fcn\u00fcn \u015fekline uyumu sa\u011flan\u0131r. T\u00fcm makinelerle uyumlu olup israf\u0131 minimuma indirir ve y\u00fcksek verim sunar.<\/li>\n<li>T\u00fcm makinelerle uyumlu olup israf\u0131 minimuma indirir ve y\u00fcksek verim sunar.<\/li>\n<li>\u0130htiya\u00e7lar\u0131n\u0131za g\u00f6re 8 renge kadar bask\u0131 ile \u00f6zelle\u015ftirilebilir.<\/li>\n<li>G\u0131da ile temas\u0131 g\u00fcvenlidir.<\/li>\n<li><\/li>\n<\/ul>\n","protected":false},"featured_media":2312,"comment_status":"open","ping_status":"closed","template":"","meta":[],"product_brand":[],"product_cat":[191,202,194],"product_tag":[196,203,197],"class_list":{"0":"post-2367","1":"product","2":"type-product","3":"status-publish","4":"has-post-thumbnail","6":"product_cat-ambalaj-urunleri","7":"product_cat-poliolefin-shrink-film","8":"product_cat-shrink-filmler","9":"product_tag-polietilen-pe-shrink-film","10":"product_tag-poliolefin-shrink-film","11":"product_tag-shrink-film-tr","13":"first","14":"instock","15":"shipping-taxable","16":"product-type-simple"},"_links":{"self":[{"href":"https:\/\/mioplast.com\/tr\/wp-json\/wp\/v2\/product\/2367","targetHints":{"allow":["GET"]}}],"collection":[{"href":"https:\/\/mioplast.com\/tr\/wp-json\/wp\/v2\/product"}],"about":[{"href":"https:\/\/mioplast.com\/tr\/wp-json\/wp\/v2\/types\/product"}],"replies":[{"embeddable":true,"href":"https:\/\/mioplast.com\/tr\/wp-json\/wp\/v2\/comments?post=2367"}],"version-history":[{"count":0,"href":"https:\/\/mioplast.com\/tr\/wp-json\/wp\/v2\/product\/2367\/revisions"}],"wp:featuredmedia":[{"embeddable":true,"href":"https:\/\/mioplast.com\/tr\/wp-json\/wp\/v2\/media\/2312"}],"wp:attachment":[{"href":"https:\/\/mioplast.com\/tr\/wp-json\/wp\/v2\/media?parent=2367"}],"wp:term":[{"taxonomy":"product_brand","embeddable":true,"href":"https:\/\/mioplast.com\/tr\/wp-json\/wp\/v2\/product_brand?post=2367"},{"taxonomy":"product_cat","embeddable":true,"href":"https:\/\/mioplast.com\/tr\/wp-json\/wp\/v2\/product_cat?post=2367"},{"taxonomy":"product_tag","embeddable":true,"href":"https:\/\/mioplast.com\/tr\/wp-json\/wp\/v2\/product_tag?post=2367"}],"curies":[{"name":"wp","href":"https:\/\/api.w.org\/{rel}","templated":true}]}}