{"id":2368,"date":"2023-12-08T06:23:30","date_gmt":"2023-12-08T06:23:30","guid":{"rendered":"https:\/\/mioplast.com\/product\/termoform\/"},"modified":"2023-12-12T09:05:56","modified_gmt":"2023-12-12T09:05:56","slug":"termoform","status":"publish","type":"product","link":"https:\/\/mioplast.com\/tr\/urun\/termoform\/","title":{"rendered":"TERMOFORM"},"content":{"rendered":"<p><span class=\"OYPEnA text-decoration-none text-strikethrough-none\">Termoform, ambalaj kaplar\u0131 gibi toplu t\u00fcketim mallar\u0131n\u0131n imalat\u0131nda \u00f6nemli bir polimer \u00fcretim prosesidir. \u0130\u015flemde, bir polimer levha veya film, onu esnek bir forma d\u00f6n\u00fc\u015ft\u00fcrmek i\u00e7in \u0131s\u0131t\u0131l\u0131r. Is\u0131tman\u0131n ard\u0131ndan yass\u0131 malzeme uygulanan bas\u0131n\u00e7 veya vakumla istenilen \u015fekle getirilir. Ba\u015flang\u0131\u00e7 \u200b\u200bpolimer katman\u0131n\u0131n \u0131s\u0131t\u0131lmas\u0131 yaln\u0131zca nihai \u00fcr\u00fcn\u00fcn kalitesi ve miktar\u0131 a\u00e7\u0131s\u0131ndan de\u011fil, ayn\u0131 zamanda prosesin verimlili\u011fi a\u00e7\u0131s\u0131ndan da \u00f6nemlidir.<\/span><\/p>\n","protected":false},"excerpt":{"rendered":"<p><span class=\"OYPEnA text-decoration-none text-strikethrough-none\">Termoform, ambalaj kaplar\u0131 gibi toplu t\u00fcketim mallar\u0131n\u0131n imalat\u0131nda \u00f6nemli bir polimer \u00fcretim prosesidir. \u0130\u015flemde, bir polimer levha veya film, onu esnek bir forma d\u00f6n\u00fc\u015ft\u00fcrmek i\u00e7in \u0131s\u0131t\u0131l\u0131r. Is\u0131tman\u0131n ard\u0131ndan yass\u0131 malzeme uygulanan bas\u0131n\u00e7 veya vakumla istenilen \u015fekle getirilir. Ba\u015flang\u0131\u00e7 \u200b\u200bpolimer katman\u0131n\u0131n \u0131s\u0131t\u0131lmas\u0131 yaln\u0131zca nihai \u00fcr\u00fcn\u00fcn kalitesi ve miktar\u0131 a\u00e7\u0131s\u0131ndan de\u011fil, ayn\u0131 zamanda prosesin verimlili\u011fi a\u00e7\u0131s\u0131ndan da \u00f6nemlidir.<\/span><\/p>\n<p class=\"cvGsUA direction-ltr align-start para-style-body\"><span class=\"OYPEnA text-decoration-none text-strikethrough-none\">Termoformun kullan\u0131ld\u0131\u011f\u0131 alanlar \u015fu \u015fekildedir;<\/span><\/p>\n<ul>\n<li class=\"cvGsUA direction-ltr align-start para-style-body\"><span class=\"OYPEnA text-decoration-none text-strikethrough-none\">Otomotiv Sekt\u00f6r\u00fc: \u00c7amurluklar, yan etekler, konsollar, koltuk arkal\u0131\u011f\u0131-mekanizma-kol\u00e7ak k\u0131l\u0131flar\u0131<\/span><\/li>\n<li class=\"cvGsUA direction-ltr align-start para-style-body\"><span class=\"OYPEnA text-decoration-none text-strikethrough-none\">\u00dcretim Sekt\u00f6r\u00fc: \u00dcr\u00fcn ta\u015f\u0131ma kutular\u0131, seperat\u00f6rler<\/span><\/li>\n<li class=\"cvGsUA direction-ltr align-start para-style-body\"><span class=\"OYPEnA text-decoration-none text-strikethrough-none\">G\u0131da Sekt\u00f6r\u00fc: \u00dcr\u00fcn ta\u015f\u0131ma kutular\u0131, seperat\u00f6rler<\/span><\/li>\n<li class=\"cvGsUA direction-ltr align-start para-style-body\"><span class=\"OYPEnA text-decoration-none text-strikethrough-none\">Mobilya Sekt\u00f6r\u00fc: Koltuk mekanizma kapaklar\u0131, arka kapaklar, kol\u00e7aklar<\/span><\/li>\n<li class=\"cvGsUA direction-ltr align-start para-style-body\"><span class=\"OYPEnA text-decoration-none text-strikethrough-none\">G\u00fczellik ve Bak\u0131m Sekt\u00f6r\u00fc: Koltuk mekanizmas\u0131, arka kapaklar, kol\u00e7aklar, lavabolar, \u00e7ekmeceler, y\u0131kama tak\u0131mlar\u0131n\u0131n tamamlay\u0131c\u0131 par\u00e7alar\u0131<\/span><\/li>\n<\/ul>\n","protected":false},"featured_media":2349,"comment_status":"open","ping_status":"closed","template":"","meta":[],"product_brand":[],"product_cat":[152,204],"product_tag":[205],"class_list":{"0":"post-2368","1":"product","2":"type-product","3":"status-publish","4":"has-post-thumbnail","6":"product_cat-polipropilen","7":"product_cat-termoform-tr","8":"product_tag-termoform-tr","10":"first","11":"instock","12":"shipping-taxable","13":"product-type-simple"},"_links":{"self":[{"href":"https:\/\/mioplast.com\/tr\/wp-json\/wp\/v2\/product\/2368","targetHints":{"allow":["GET"]}}],"collection":[{"href":"https:\/\/mioplast.com\/tr\/wp-json\/wp\/v2\/product"}],"about":[{"href":"https:\/\/mioplast.com\/tr\/wp-json\/wp\/v2\/types\/product"}],"replies":[{"embeddable":true,"href":"https:\/\/mioplast.com\/tr\/wp-json\/wp\/v2\/comments?post=2368"}],"version-history":[{"count":0,"href":"https:\/\/mioplast.com\/tr\/wp-json\/wp\/v2\/product\/2368\/revisions"}],"wp:featuredmedia":[{"embeddable":true,"href":"https:\/\/mioplast.com\/tr\/wp-json\/wp\/v2\/media\/2349"}],"wp:attachment":[{"href":"https:\/\/mioplast.com\/tr\/wp-json\/wp\/v2\/media?parent=2368"}],"wp:term":[{"taxonomy":"product_brand","embeddable":true,"href":"https:\/\/mioplast.com\/tr\/wp-json\/wp\/v2\/product_brand?post=2368"},{"taxonomy":"product_cat","embeddable":true,"href":"https:\/\/mioplast.com\/tr\/wp-json\/wp\/v2\/product_cat?post=2368"},{"taxonomy":"product_tag","embeddable":true,"href":"https:\/\/mioplast.com\/tr\/wp-json\/wp\/v2\/product_tag?post=2368"}],"curies":[{"name":"wp","href":"https:\/\/api.w.org\/{rel}","templated":true}]}}