{"id":2369,"date":"2023-12-08T06:13:56","date_gmt":"2023-12-08T06:13:56","guid":{"rendered":"https:\/\/mioplast.com\/product\/polipropilen-levhalar\/"},"modified":"2023-12-12T09:04:51","modified_gmt":"2023-12-12T09:04:51","slug":"polipropilen-levhalar","status":"publish","type":"product","link":"https:\/\/mioplast.com\/tr\/urun\/polipropilen-levhalar\/","title":{"rendered":"POL\u0130PROP\u0130LEN LEVHALAR"},"content":{"rendered":"<p><span class=\"OYPEnA text-decoration-none text-strikethrough-none\">PP&#8217;yi istedi\u011finiz ebatlarda veya \u00f6zel ebat kesim ile plaka halinde \u015fekillendirip teslim ediyoruz. \u00d6zellikle ince olan \u00fcr\u00fcn\u00fc 200 mikrona kadar sar\u0131p teslimata haz\u0131r hale getiriyoruz. \u00d6rne\u011fin; Size \u00f6zel \u00f6l\u00e7\u00fclerde abajur tasar\u0131m\u0131n\u0131z var.<\/span><\/p>\n","protected":false},"excerpt":{"rendered":"<p><span class=\"OYPEnA text-decoration-none text-strikethrough-none\">PP&#8217;yi istedi\u011finiz ebatlarda veya \u00f6zel ebat kesim ile plaka halinde \u015fekillendirip teslim ediyoruz. \u00d6zellikle ince olan \u00fcr\u00fcn\u00fc 200 mikrona kadar sar\u0131p teslimata haz\u0131r hale getiriyoruz. \u00d6rne\u011fin; Size \u00f6zel \u00f6l\u00e7\u00fclerde abajur tasar\u0131m\u0131n\u0131z var.<\/span><\/p>\n","protected":false},"featured_media":2195,"comment_status":"open","ping_status":"closed","template":"","meta":[],"product_brand":[],"product_cat":[152,206],"product_tag":[207],"class_list":{"0":"post-2369","1":"product","2":"type-product","3":"status-publish","4":"has-post-thumbnail","6":"product_cat-polipropilen","7":"product_cat-polipropilen-levhalar","8":"product_tag-polipropilen-levhalar","10":"first","11":"instock","12":"shipping-taxable","13":"product-type-simple"},"_links":{"self":[{"href":"https:\/\/mioplast.com\/tr\/wp-json\/wp\/v2\/product\/2369","targetHints":{"allow":["GET"]}}],"collection":[{"href":"https:\/\/mioplast.com\/tr\/wp-json\/wp\/v2\/product"}],"about":[{"href":"https:\/\/mioplast.com\/tr\/wp-json\/wp\/v2\/types\/product"}],"replies":[{"embeddable":true,"href":"https:\/\/mioplast.com\/tr\/wp-json\/wp\/v2\/comments?post=2369"}],"version-history":[{"count":0,"href":"https:\/\/mioplast.com\/tr\/wp-json\/wp\/v2\/product\/2369\/revisions"}],"wp:featuredmedia":[{"embeddable":true,"href":"https:\/\/mioplast.com\/tr\/wp-json\/wp\/v2\/media\/2195"}],"wp:attachment":[{"href":"https:\/\/mioplast.com\/tr\/wp-json\/wp\/v2\/media?parent=2369"}],"wp:term":[{"taxonomy":"product_brand","embeddable":true,"href":"https:\/\/mioplast.com\/tr\/wp-json\/wp\/v2\/product_brand?post=2369"},{"taxonomy":"product_cat","embeddable":true,"href":"https:\/\/mioplast.com\/tr\/wp-json\/wp\/v2\/product_cat?post=2369"},{"taxonomy":"product_tag","embeddable":true,"href":"https:\/\/mioplast.com\/tr\/wp-json\/wp\/v2\/product_tag?post=2369"}],"curies":[{"name":"wp","href":"https:\/\/api.w.org\/{rel}","templated":true}]}}