{"id":2371,"date":"2023-12-05T12:48:09","date_gmt":"2023-12-05T12:48:09","guid":{"rendered":"https:\/\/mioplast.com\/product\/pp\/"},"modified":"2023-12-12T07:50:59","modified_gmt":"2023-12-12T07:50:59","slug":"pp-cember","status":"publish","type":"product","link":"https:\/\/mioplast.com\/tr\/urun\/pp-cember\/","title":{"rendered":"PP \u00c7EMBER"},"content":{"rendered":"<p>PP \u00c7emberleme orta ve d\u00fc\u015f\u00fck mukavemetli uygulamalarda kullan\u0131l\u0131r. Elle uygulanabilece\u011fi gibi yar\u0131 otomatik veya tam otomatik \u00e7emberleme makinalar\u0131 ile de uygulanabilir.<\/p>\n<p>Tel toka, plastik toka veya contalarla manuel olarak kullan\u0131labilir. Ancak sistemin kopma mukavemetinin \u00e7ok d\u00fc\u015f\u00fck olmas\u0131 nedeniyle yaln\u0131zca maksimum palet a\u011f\u0131rl\u0131\u011f\u0131 250 kg&#8217;\u0131 ge\u00e7meyen y\u00fcklerle kullan\u0131lmas\u0131 tavsiye edilir. Aksi takdirde kargo ta\u015f\u0131ma esnas\u0131nda zarar g\u00f6rebilir.<\/p>\n<p>\u0130klim ko\u015fullar\u0131na ve g\u00fcne\u015f \u0131\u015f\u0131\u011f\u0131na dayan\u0131kl\u0131l\u0131\u011f\u0131 zay\u0131ft\u0131r. Tercihen ve \u00e7o\u011funlukla otomatik ve yar\u0131 otomatik makinelerde kullan\u0131l\u0131r. Bu t\u00fcr uygulama y\u00f6ntemleriyle birlikte kullan\u0131ld\u0131\u011f\u0131nda koli paketleri ve hafif paletler \u00e7ok h\u0131zl\u0131 ve ekonomik bir \u015fekilde \u00e7emberlenebilir.<\/p>\n<p>Kalitesine ba\u011fl\u0131 olarak Orijinal ve Birinci Kalite olmak \u00fczere iki \u00e7e\u015fit PP \u00c7ember \u00fcretimi yap\u0131lmaktad\u0131r. Orijinal kay\u0131\u015f Birinci Kalite t\u00fcr\u00fcne g\u00f6re daha y\u00fcksek kopma mukavemetine sahiptir. Tam otomatik makinelerde de sorunsuz olarak kullan\u0131labilir. Birinci Kalite kay\u0131\u015f daha hafif uygulamalarda \u00e7o\u011funlukla plastik toka \u2013 conta ve manuel \u00e7emberleme aletleriyle birlikte kullan\u0131l\u0131r.<\/p>\n<p>PP \u00e7emberleme di\u011fer \u00e7emberleme t\u00fcrlerine g\u00f6re y\u00fcksek uzamaya sahiptir ancak kopma mukavemeti d\u00fc\u015f\u00fckt\u00fcr. Kullan\u0131m kolayl\u0131\u011f\u0131 ve uygun fiyat\u0131 nedeniyle d\u00fcnya \u00e7ap\u0131nda hafif \u00fcr\u00fcnlerde en yayg\u0131n kullan\u0131lan \u00e7emberleme t\u00fcr\u00fcd\u00fcr.<\/p>\n<h2>HEDEF SEKT\u00d6RLER VE UYGULAMA ALANLARI<\/h2>\n<ul>\n<li>Bu kay\u0131\u015flar \u00e7o\u011funlukla<\/li>\n<li>g\u0131da \u00fcr\u00fcnlerinin ambalajlanmas\u0131,<\/li>\n<li>hafif metal borular\u0131n demetlenmesi<\/li>\n<li>parsel ambalaj\u0131.<\/li>\n<\/ul>\n<table class=\"table table-responsive table-bordered table-striped\" border=\"0\" width=\"100%\" cellspacing=\"0\" cellpadding=\"10\">\n<tbody>\n<tr>\n<td colspan=\"6\">\n<h3>OTOMAT\u0130K PP \u00c7ER\u00c7EVELER<\/h3>\n<\/td>\n<\/tr>\n<tr>\n<th>Geni\u015flik (mm)<\/th>\n<th>Kal\u0131nl\u0131k (mm)<\/th>\n<th>Bobin Uzunlu\u011fu (m)<\/th>\n<th>GR \/ MT<\/th>\n<th>Do\u011frusal Kopma Dayan\u0131m\u0131 (kgf)<\/th>\n<th>\u00c7ekirdek \u00c7ap\u0131 (mm)<\/th>\n<\/tr>\n<tr>\n<td>5 mm<\/td>\n<td>0,50 mm<\/td>\n<td>6.500<\/td>\n<td>1,6 gr \/ mt<\/td>\n<td>50 kgf<\/td>\n<td>200&#215;190<\/td>\n<\/tr>\n<tr>\n<td>5 mm<\/td>\n<td>0,50 mm<\/td>\n<td>5.300<\/td>\n<td>1,6 gr \/ mt<\/td>\n<td>50 kgf<\/td>\n<td>150&#215;160<\/td>\n<\/tr>\n<tr>\n<td>7 mm<\/td>\n<td>0,63 mm<\/td>\n<td>4.500<\/td>\n<td>2,7 gr \/ mt<\/td>\n<td>80 kgf<\/td>\n<td>200&#215;190<\/td>\n<\/tr>\n<tr>\n<td>8 mm<\/td>\n<td>0,55 mm<\/td>\n<td>4.000<\/td>\n<td>2,7 gr \/ mt<\/td>\n<td>80 kgf<\/td>\n<td>200&#215;192<\/td>\n<\/tr>\n<tr>\n<td>8 mm<\/td>\n<td>0,63 mm<\/td>\n<td>4.000<\/td>\n<td>3,0 gr \/ mt<\/td>\n<td>90 kgf<\/td>\n<td>200&#215;190<\/td>\n<\/tr>\n<tr>\n<td>9 mm<\/td>\n<td>0,55 mm<\/td>\n<td>4.000<\/td>\n<td>3,0 gr \/ mt<\/td>\n<td>90 kgf<\/td>\n<td>200&#215;190<\/td>\n<\/tr>\n<tr>\n<td>9 mm<\/td>\n<td>0,63 mm<\/td>\n<td>3.500<\/td>\n<td>3,4 gr \/ mt<\/td>\n<td>100 kgf<\/td>\n<td>200&#215;190<\/td>\n<\/tr>\n<tr>\n<td>10 mm<\/td>\n<td>0,55 mm<\/td>\n<td>3.500<\/td>\n<td>3,4 gr \/ mt<\/td>\n<td>100 kgf<\/td>\n<td>200&#215;190<\/td>\n<\/tr>\n<tr>\n<td>10 mm<\/td>\n<td>0,63 mm<\/td>\n<td>3.200<\/td>\n<td>3,8 gr \/ mt<\/td>\n<td>110 kgf<\/td>\n<td>200&#215;190<\/td>\n<\/tr>\n<tr>\n<td>12 mm<\/td>\n<td>0,55 mm<\/td>\n<td>3.000<\/td>\n<td>3,7 gr \/ mt<\/td>\n<td>110 kgf<\/td>\n<td>200&#215;190<\/td>\n<\/tr>\n<tr>\n<td>12 mm<\/td>\n<td>0,63 mm<\/td>\n<td>3.000<\/td>\n<td>4,1 gr \/ mt<\/td>\n<td>120 kgf<\/td>\n<td>200&#215;190<\/td>\n<\/tr>\n<tr>\n<td>12 mm<\/td>\n<td>0,65 mm<\/td>\n<td>2.500<\/td>\n<td>4,7 gr \/mt<\/td>\n<td>140 kgf<\/td>\n<td>400&#215;150<\/td>\n<\/tr>\n<tr>\n<td>12 mm<\/td>\n<td>0,80 mm<\/td>\n<td>2.000<\/td>\n<td>6,2 gr \/ mt<\/td>\n<td>190 kgf<\/td>\n<td>400&#215;150<\/td>\n<\/tr>\n<tr>\n<td>12 mm<\/td>\n<td>0,85 mm<\/td>\n<td>1.800<\/td>\n<td>6,8 gr \/ mt<\/td>\n<td>200 kgf<\/td>\n<td>400&#215;150<\/td>\n<\/tr>\n<tr>\n<td colspan=\"6\">\n<h3>YARI OTOMAT\u0130K PP \u00c7ER\u00c7EVELER<\/h3>\n<\/td>\n<\/tr>\n<tr>\n<td>8&#215;0.60<\/td>\n<td>0,60 mm<\/td>\n<td>4.000<\/td>\n<td>3,0 gr \/ mt<\/td>\n<td>80 kgf<\/td>\n<td>200&#215;190<\/td>\n<\/tr>\n<tr>\n<td>12&#215;0.60<\/td>\n<td>0,60 mm<\/td>\n<td>3.000<\/td>\n<td>4,2 gr \/ mt<\/td>\n<td>110 kgf<\/td>\n<td>200&#215;190<\/td>\n<\/tr>\n<tr>\n<td>12&#215;0.65<\/td>\n<td>0,65 mm<\/td>\n<td>2.500<\/td>\n<td>4,7 gr \/mt<\/td>\n<td>125 kgf<\/td>\n<td>400&#215;150<\/td>\n<\/tr>\n<tr>\n<td>12&#215;0.70<\/td>\n<td>0,70 mm<\/td>\n<td>2.500<\/td>\n<td>5,1 gr \/ mt<\/td>\n<td>135 kgf<\/td>\n<td>400&#215;150<\/td>\n<\/tr>\n<\/tbody>\n<\/table>\n<p>&nbsp;<\/p>\n","protected":false},"excerpt":{"rendered":"<p>PP \u00c7emberleme orta ve d\u00fc\u015f\u00fck mukavemetli uygulamalarda kullan\u0131l\u0131r. Elle uygulanabilece\u011fi gibi yar\u0131 otomatik veya tam otomatik \u00e7emberleme makinalar\u0131 ile de uygulanabilir.<\/p>\n<p>Tel toka, plastik toka veya contalarla manuel olarak kullan\u0131labilir. Ancak sistemin kopma mukavemetinin \u00e7ok d\u00fc\u015f\u00fck olmas\u0131 nedeniyle yaln\u0131zca maksimum palet a\u011f\u0131rl\u0131\u011f\u0131 250 kg&#8217;\u0131 ge\u00e7meyen y\u00fcklerle kullan\u0131lmas\u0131 tavsiye edilir. Aksi takdirde kargo ta\u015f\u0131ma esnas\u0131nda zarar g\u00f6rebilir.<\/p>\n","protected":false},"featured_media":2288,"comment_status":"open","ping_status":"closed","template":"","meta":[],"product_brand":[],"product_cat":[177,180,178,210],"product_tag":[181,211],"class_list":{"0":"post-2371","1":"product","2":"type-product","3":"status-publish","4":"has-post-thumbnail","6":"product_cat-askili-cember","7":"product_cat-cember","8":"product_cat-pet-pp-cemberler","9":"product_cat-pp-tr","10":"product_tag-cember","11":"product_tag-pp-cember","13":"first","14":"instock","15":"shipping-taxable","16":"product-type-simple"},"_links":{"self":[{"href":"https:\/\/mioplast.com\/tr\/wp-json\/wp\/v2\/product\/2371","targetHints":{"allow":["GET"]}}],"collection":[{"href":"https:\/\/mioplast.com\/tr\/wp-json\/wp\/v2\/product"}],"about":[{"href":"https:\/\/mioplast.com\/tr\/wp-json\/wp\/v2\/types\/product"}],"replies":[{"embeddable":true,"href":"https:\/\/mioplast.com\/tr\/wp-json\/wp\/v2\/comments?post=2371"}],"version-history":[{"count":0,"href":"https:\/\/mioplast.com\/tr\/wp-json\/wp\/v2\/product\/2371\/revisions"}],"wp:featuredmedia":[{"embeddable":true,"href":"https:\/\/mioplast.com\/tr\/wp-json\/wp\/v2\/media\/2288"}],"wp:attachment":[{"href":"https:\/\/mioplast.com\/tr\/wp-json\/wp\/v2\/media?parent=2371"}],"wp:term":[{"taxonomy":"product_brand","embeddable":true,"href":"https:\/\/mioplast.com\/tr\/wp-json\/wp\/v2\/product_brand?post=2371"},{"taxonomy":"product_cat","embeddable":true,"href":"https:\/\/mioplast.com\/tr\/wp-json\/wp\/v2\/product_cat?post=2371"},{"taxonomy":"product_tag","embeddable":true,"href":"https:\/\/mioplast.com\/tr\/wp-json\/wp\/v2\/product_tag?post=2371"}],"curies":[{"name":"wp","href":"https:\/\/api.w.org\/{rel}","templated":true}]}}