{"id":2372,"date":"2023-12-05T12:30:44","date_gmt":"2023-12-05T12:30:44","guid":{"rendered":"https:\/\/mioplast.com\/product\/askili-dokuma\/"},"modified":"2023-12-12T07:41:49","modified_gmt":"2023-12-12T07:41:49","slug":"dokuma-cember","status":"publish","type":"product","link":"https:\/\/mioplast.com\/tr\/urun\/dokuma-cember\/","title":{"rendered":"DOKUMA \u00c7EMBER"},"content":{"rendered":"<p>MIO STRAP Polyester Fitilli Dokuma \u00c7emberleme, y\u00fcksek mukavemetli polyester ipliklerin dar dokuma makinelerinde birle\u015ftirilip, istenilen mukavemet, uzama, geni\u015flik ve uzunlu\u011fu elde edecek \u015fekilde fikse i\u015fleminden ge\u00e7irilmesiyle \u00fcretilmektedir.<\/p>\n<p>Pratik kullan\u0131mlar\u0131 ve ekonomik olmalar\u0131 nedeniyle her t\u00fcrl\u00fc \u00fcr\u00fcnde kullan\u0131labilirler.<\/p>\n<h4>MIO STRAP Polyester Fitilli Dokuma \u00c7emberin en \u00f6nemli \u00f6zelli\u011fi;<\/h4>\n<ul>\n<li>Y\u00fcksek g\u00fc\u00e7<\/li>\n<li>\u015eok Emici<\/li>\n<li>Gev\u015femez (Y\u00fcksek Tutma Gerilimi)<\/li>\n<li>\u00dcr\u00fcnlerinize zarar verebilecek keskin kenarlar yoktur<\/li>\n<li>Kargoya zarar vermez<\/li>\n<li>Uygun Maliyet<\/li>\n<li>H\u0131zl\u0131 ve kullan\u0131m\u0131 kolay<\/li>\n<li>Yumu\u015fakt\u0131r ve tokas\u0131z kullan\u0131labilir<\/li>\n<li>G\u00fcvenli Kullan\u0131m<\/li>\n<\/ul>\n<p>MIO STRAP dokuma \u00e7emberleme, fosfat kapl\u0131 tel tokalarla birlikte kullan\u0131lmal\u0131d\u0131r. Toka ile kullan\u0131ld\u0131\u011f\u0131nda ta\u015f\u0131ma s\u0131ras\u0131nda kay\u0131\u015f gev\u015femez ve bu da y\u00fck\u00fcn\u00fcz\u00fcn zarar g\u00f6rmeden var\u0131\u015f noktas\u0131na ula\u015fmas\u0131n\u0131 sa\u011flar. MIO STRAP polyester fitilli dokuma \u00e7emberleme, uygun tokayla birlikte kullan\u0131ld\u0131\u011f\u0131nda PP \u00c7emberlemeden \u00e7ok daha y\u00fcksek sistem kopma mukavemetine sahiptir.<\/p>\n<p>Sistem mukavemetini etkileyen en \u00f6nemli fakt\u00f6r ba\u011flant\u0131n\u0131n mukavemetidir. MIO STRAP dokuma \u00e7emberlerin birle\u015fim mukavemeti %60-80&#8217;e kadar ula\u015fmaktad\u0131r.<\/p>\n<p>MIO STRAP dokuma \u00e7emberleme gerekirse yeniden gerilebilir.<\/p>\n<p>MIO STRAP dokuma \u00e7emberleme gerekirse yeniden gerilebilir. Uygulama tipine ve palet a\u011f\u0131rl\u0131\u011f\u0131na ba\u011fl\u0131 olarak farkl\u0131 geni\u015fliklerde (13mm&#8217;den 32mm&#8217;ye kadar) ve \u00e7e\u015fitli kopma mukavemetlerinde (150 kgf&#8217;den 1350 kgf&#8217;ye kadar) kullan\u0131labilen \u00fcr\u00fcnlerimiz mevcuttur.<\/p>\n<h2>HEDEF SEKT\u00d6RLER VE UYGULAMA ALANLARI<\/h2>\n<p>Bu kay\u0131\u015flar esas olarak a\u015fa\u011f\u0131dakilerde kullan\u0131l\u0131r:<\/p>\n<ul>\n<li>Al\u00fcminyum ve Cephe Sistemleri<\/li>\n<li>Kimyasal end\u00fcstri<\/li>\n<li>Cam Sanayi<\/li>\n<li>Ta\u015f ve Tu\u011fla Sanayii<\/li>\n<li>Metal Sanayi<\/li>\n<li>A\u011fa\u00e7 \u00dcr\u00fcnleri ve Kereste End\u00fcstrisi<\/li>\n<li>Koli Ambalaj Sekt\u00f6rleri<\/li>\n<\/ul>\n<table class=\"table table-responsive table-bordered table-striped\" border=\"0\" cellspacing=\"0\" cellpadding=\"0\">\n<tbody>\n<tr>\n<td colspan=\"5\">\n<h3>DOKUMA ASKILAR<\/h3>\n<\/td>\n<\/tr>\n<tr>\n<th>MIO-STRAP \u00dcr\u00fcn Kodu<\/th>\n<th>Geni\u015flik (mm)<\/th>\n<th>Do\u011frusal Kopma Dayan\u0131m\u0131 (kgf)<\/th>\n<th>Bobin Uzunlu\u011fu * (m)<\/th>\n<th>\u00c7ekirdek \u00c7ap\u0131 (mm)<\/th>\n<\/tr>\n<tr>\n<td colspan=\"5\"><strong>STANDART UYGULAMA<\/strong><\/td>\n<\/tr>\n<tr>\n<td>WV13ST<\/td>\n<td>13<\/td>\n<td>360<\/td>\n<td>1100<\/td>\n<td>76<\/td>\n<\/tr>\n<tr>\n<td>WV16ST<\/td>\n<td>16<\/td>\n<td>450<\/td>\n<td>850<\/td>\n<td>76<\/td>\n<\/tr>\n<tr>\n<td>WV19ST<\/td>\n<td>19<\/td>\n<td>600<\/td>\n<td>600<\/td>\n<td>76<\/td>\n<\/tr>\n<tr>\n<td>WV25ST<\/td>\n<td>25<\/td>\n<td>800<\/td>\n<td>500<\/td>\n<td>76<\/td>\n<\/tr>\n<tr>\n<td colspan=\"5\"><strong>G\u00dc\u00c7L\u00dc UYGULAMA<\/strong><\/td>\n<\/tr>\n<tr>\n<td>WV13STR<\/td>\n<td>13<\/td>\n<td>475<\/td>\n<td>850<\/td>\n<td>76<\/td>\n<\/tr>\n<tr>\n<td>WV16STR<\/td>\n<td>16<\/td>\n<td>600<\/td>\n<td>600<\/td>\n<td>76<\/td>\n<\/tr>\n<tr>\n<td>WV19STR<\/td>\n<td>19<\/td>\n<td>750<\/td>\n<td>500<\/td>\n<td>76<\/td>\n<\/tr>\n<tr>\n<td>WV25STR<\/td>\n<td>25<\/td>\n<td>1000<\/td>\n<td>500<\/td>\n<td>76<\/td>\n<\/tr>\n<tr>\n<td colspan=\"5\"><strong>EKSTRA G\u00dc\u00c7L\u00dc UYGULAMA<\/strong><\/td>\n<\/tr>\n<tr>\n<td>WV19ESTR<\/td>\n<td>19<\/td>\n<td>1000<\/td>\n<td>400<\/td>\n<td>76<\/td>\n<\/tr>\n<tr>\n<td>WV25ESTR<\/td>\n<td>25<\/td>\n<td>1400<\/td>\n<td>300<\/td>\n<td>76<\/td>\n<\/tr>\n<tr>\n<td colspan=\"5\">* : Talep \u00fczerine farkl\u0131 bobin uzunluklar\u0131 mevcuttur<\/td>\n<\/tr>\n<\/tbody>\n<\/table>\n","protected":false},"excerpt":{"rendered":"<p>MIO STRAP polyester fitilli tekstil (hotmelt) \u00e7emberleme, y\u00fcksek mukavemetli polyester ipliklerin s\u0131cak tutkalla (hot-melt tutkal y\u00f6ntemi) birle\u015ftirilmesiyle \u00fcretilir. Bu \u00e7emberlemenin Hotmelt \u00e7emberleme olarak adland\u0131r\u0131lmas\u0131n\u0131n nedeni budur.<\/p>\n<p>Tekstil \u00e7emberler \u00fcst\u00fcn \u00f6zelliklerinden dolay\u0131 a\u011f\u0131r y\u00fckler ve zor \u015fartlarda ta\u015f\u0131nan y\u00fckler i\u00e7in tercih edilmektedir.<\/p>\n","protected":false},"featured_media":2273,"comment_status":"open","ping_status":"closed","template":"","meta":[],"product_brand":[],"product_cat":[177,180,212],"product_tag":[181,213],"class_list":{"0":"post-2372","1":"product","2":"type-product","3":"status-publish","4":"has-post-thumbnail","6":"product_cat-askili-cember","7":"product_cat-cember","8":"product_cat-polyester-lifli-cemberler","9":"product_tag-cember","10":"product_tag-dokuma-cember","12":"first","13":"instock","14":"shipping-taxable","15":"product-type-simple"},"_links":{"self":[{"href":"https:\/\/mioplast.com\/tr\/wp-json\/wp\/v2\/product\/2372","targetHints":{"allow":["GET"]}}],"collection":[{"href":"https:\/\/mioplast.com\/tr\/wp-json\/wp\/v2\/product"}],"about":[{"href":"https:\/\/mioplast.com\/tr\/wp-json\/wp\/v2\/types\/product"}],"replies":[{"embeddable":true,"href":"https:\/\/mioplast.com\/tr\/wp-json\/wp\/v2\/comments?post=2372"}],"version-history":[{"count":0,"href":"https:\/\/mioplast.com\/tr\/wp-json\/wp\/v2\/product\/2372\/revisions"}],"wp:featuredmedia":[{"embeddable":true,"href":"https:\/\/mioplast.com\/tr\/wp-json\/wp\/v2\/media\/2273"}],"wp:attachment":[{"href":"https:\/\/mioplast.com\/tr\/wp-json\/wp\/v2\/media?parent=2372"}],"wp:term":[{"taxonomy":"product_brand","embeddable":true,"href":"https:\/\/mioplast.com\/tr\/wp-json\/wp\/v2\/product_brand?post=2372"},{"taxonomy":"product_cat","embeddable":true,"href":"https:\/\/mioplast.com\/tr\/wp-json\/wp\/v2\/product_cat?post=2372"},{"taxonomy":"product_tag","embeddable":true,"href":"https:\/\/mioplast.com\/tr\/wp-json\/wp\/v2\/product_tag?post=2372"}],"curies":[{"name":"wp","href":"https:\/\/api.w.org\/{rel}","templated":true}]}}