{"id":2373,"date":"2023-12-05T12:23:27","date_gmt":"2023-12-05T12:23:27","guid":{"rendered":"https:\/\/mioplast.com\/product\/strap-hotmelt-tekstil\/"},"modified":"2023-12-12T07:40:16","modified_gmt":"2023-12-12T07:40:16","slug":"tekstil-cember","status":"publish","type":"product","link":"https:\/\/mioplast.com\/tr\/urun\/tekstil-cember\/","title":{"rendered":"TEKST\u0130L \u00c7EMBER"},"content":{"rendered":"<p>MIO STRAP polyester fitilli tekstil (hotmelt) \u00e7emberleme, y\u00fcksek mukavemetli polyester ipliklerin s\u0131cak tutkalla (hot-melt tutkal y\u00f6ntemi) birle\u015ftirilmesiyle \u00fcretilir. Bu \u00e7emberlemenin Hotmelt \u00e7emberleme olarak adland\u0131r\u0131lmas\u0131n\u0131n nedeni budur.<\/p>\n<p>Tekstil \u00e7emberler \u00fcst\u00fcn \u00f6zelliklerinden dolay\u0131 a\u011f\u0131r y\u00fckler ve zor \u015fartlarda ta\u015f\u0131nan y\u00fckler i\u00e7in tercih edilmektedir.<\/p>\n<h4>MIO STRAP Polyester Fitilli Tekstil \u00c7emberleme, en \u00f6nemli \u00f6zellikleri:<\/h4>\n<ul>\n<li>Y\u00fcksek g\u00fc\u00e7<\/li>\n<li>\u015eok emici<\/li>\n<li>Gev\u015femez (y\u00fcksek gerilim korunur)<\/li>\n<li>Son derece elastik ve esnek<\/li>\n<li>Son derece elastik ve esnek<\/li>\n<li>Son derece elastik ve esnek<\/li>\n<li>Zorlu hava \u015fartlar\u0131na ve UV&#8217;ye kar\u015f\u0131 dayan\u0131kl\u0131<\/li>\n<li>Uygun maliyetli<\/li>\n<li>Hafif<\/li>\n<li>Paslanmaya kar\u015f\u0131 dayan\u0131kl\u0131d\u0131r, paslanmaz veya paslanmaz<\/li>\n<li>Kimyasallara kar\u015f\u0131 dayan\u0131kl\u0131<\/li>\n<li>H\u0131zl\u0131 ve kullan\u0131m\u0131 kolay<\/li>\n<li>G\u00fcvenli kullan\u0131m<\/li>\n<\/ul>\n<p>MIO STRAP tekstil \u00e7emberleme, uygulama t\u00fcr\u00fcne ba\u011fl\u0131 olarak galvanizli veya fosfat kapl\u0131 tel tokalarla birlikte kullan\u0131labilir. Toka ile birlikte kullan\u0131ld\u0131\u011f\u0131nda ta\u015f\u0131ma s\u0131ras\u0131nda kay\u0131\u015f gev\u015femez ve bu da y\u00fck\u00fcn\u00fcz\u00fcn zarar g\u00f6rmeden var\u0131\u015f noktas\u0131na ula\u015fmas\u0131n\u0131 sa\u011flar. MIO STRAP tekstil \u00e7emberleme, uygun tokayla birlikte kullan\u0131ld\u0131\u011f\u0131nda PP \u00e7emberlemeden \u00e7ok daha y\u00fcksek sistem kopma mukavemetine sahiptir.<\/p>\n<p>Sistem mukavemetini etkileyen en \u00f6nemli fakt\u00f6r ba\u011flant\u0131n\u0131n mukavemetidir. MIO STRAP tekstil \u00e7emberleme ba\u011flant\u0131 mukavemeti %60-80&#8217;e kadar ula\u015f\u0131r.<\/p>\n<p>MIO STRAP tekstil \u00e7emberleme gerekti\u011finde yeniden gerilebilir.<\/p>\n<p>MIO STRAP tekstil \u00e7emberleme geni\u015f bir boyut yelpazesine sahiptir. Uygulama tipine ve palet a\u011f\u0131rl\u0131\u011f\u0131na g\u00f6re farkl\u0131 geni\u015fliklerde (7mm&#8217;den 38mm&#8217;ye kadar) ve \u00e7e\u015fitli k\u0131r\u0131lma mukavemetlerinde (150 kgf&#8217;den 2400 kgf&#8217;a kadar) kullan\u0131labilen \u00fcr\u00fcnlerimiz mevcuttur.<\/p>\n<h2>HEDEF SEKT\u00d6RLER VE UYGULAMA ALANLARI<\/h2>\n<p>Bu kay\u0131\u015flar esas olarak a\u015fa\u011f\u0131dakilerde kullan\u0131l\u0131r:<\/p>\n<ul>\n<li>Al\u00fcminyum ve Cephe Sistemleri<\/li>\n<li>Kimyasal end\u00fcstri<\/li>\n<li>Cam Sanayi<\/li>\n<li>Ta\u015f ve Tu\u011fla Sanayii<\/li>\n<li>Metal Sanayi<\/li>\n<li>A\u011fa\u00e7 \u00dcr\u00fcnleri ve Kereste End\u00fcstrisi<\/li>\n<li>Koli Ambalaj Sekt\u00f6rleri<\/li>\n<\/ul>\n<p>&nbsp;<\/p>\n<table class=\"table table-responsive table-bordered table-striped\" border=\"0\" cellspacing=\"0\" cellpadding=\"0\">\n<tbody>\n<tr>\n<td colspan=\"5\">\n<h3>POLYESTER \u0130PL\u0130 TEKST\u0130L \u00c7ANTALAR<\/h3>\n<\/td>\n<\/tr>\n<tr>\n<th>MIO STRAP \u00dcr\u00fcn Kodu<\/th>\n<th>Geni\u015flik (mm)<\/th>\n<th>Do\u011frusal Kopma Dayan\u0131m\u0131 (kgf)<\/th>\n<th>Bobin Uzunlu\u011fu * (m)<\/th>\n<th>\u00c7ekirdek \u00c7ap\u0131 (mm)<\/th>\n<\/tr>\n<tr>\n<td colspan=\"5\"><strong>BALYA PRES<\/strong><\/td>\n<\/tr>\n<tr>\n<td>WG9ST<\/td>\n<td>9<\/td>\n<td>280<\/td>\n<td>500 \/ 250<\/td>\n<td>62<\/td>\n<\/tr>\n<tr>\n<td>WG13ST<\/td>\n<td>13<\/td>\n<td>380<\/td>\n<td>500 \/ 350 \/ 250<\/td>\n<td>62<\/td>\n<\/tr>\n<tr>\n<td>WG16ST<\/td>\n<td>16<\/td>\n<td>450<\/td>\n<td>425 \/ 400<\/td>\n<td>62<\/td>\n<\/tr>\n<tr>\n<td colspan=\"5\"><strong>I\u015eIK UYGULAMASI<\/strong><\/td>\n<\/tr>\n<tr>\n<td>WG9L<\/td>\n<td>9<\/td>\n<td>230<\/td>\n<td>1800 \/ 1500<\/td>\n<td>76<\/td>\n<\/tr>\n<tr>\n<td>WG13L<\/td>\n<td>13<\/td>\n<td>330<\/td>\n<td>1500 \/ 1100<\/td>\n<td>76<\/td>\n<\/tr>\n<tr>\n<td>WG16L<\/td>\n<td>16<\/td>\n<td>380<\/td>\n<td>1200 \/ 850<\/td>\n<td>76<\/td>\n<\/tr>\n<tr>\n<td>WG19L<\/td>\n<td>19<\/td>\n<td>500<\/td>\n<td>600<\/td>\n<td>76<\/td>\n<\/tr>\n<tr>\n<td colspan=\"5\"><strong>STANDART UYGULAMA<\/strong><\/td>\n<\/tr>\n<tr>\n<td>WG9ST<\/td>\n<td>9<\/td>\n<td>280<\/td>\n<td>1500<\/td>\n<td>76<\/td>\n<\/tr>\n<tr>\n<td>WG13ST<\/td>\n<td>13<\/td>\n<td>380<\/td>\n<td>1100<\/td>\n<td>76<\/td>\n<\/tr>\n<tr>\n<td>WG16ST<\/td>\n<td>16<\/td>\n<td>450<\/td>\n<td>850<\/td>\n<td>76<\/td>\n<\/tr>\n<tr>\n<td>WG19ST<\/td>\n<td>19<\/td>\n<td>550<\/td>\n<td>600<\/td>\n<td>76<\/td>\n<\/tr>\n<tr>\n<td colspan=\"5\"><strong>G\u00dc\u00c7L\u00dc UYGULAMA<\/strong><\/td>\n<\/tr>\n<tr>\n<td>WG13STR<\/td>\n<td>13<\/td>\n<td>550<\/td>\n<td>850<\/td>\n<td>76<\/td>\n<\/tr>\n<tr>\n<td>WG16STR<\/td>\n<td>16<\/td>\n<td>600<\/td>\n<td>600<\/td>\n<td>76<\/td>\n<\/tr>\n<tr>\n<td>WG19STR<\/td>\n<td>19<\/td>\n<td>725<\/td>\n<td>500<\/td>\n<td>76<\/td>\n<\/tr>\n<tr>\n<td>WG25STR<\/td>\n<td>25<\/td>\n<td>950<\/td>\n<td>500<\/td>\n<td>76<\/td>\n<\/tr>\n<tr>\n<td>WG30STR<\/td>\n<td>30<\/td>\n<td>1200<\/td>\n<td>150<\/td>\n<td>76<\/td>\n<\/tr>\n<tr>\n<td>WG35STR<\/td>\n<td>35<\/td>\n<td>1400<\/td>\n<td>150<\/td>\n<td>76<\/td>\n<\/tr>\n<tr>\n<td colspan=\"5\"><strong>EKSTRA G\u00dc\u00c7L\u00dc UYGULAMA<\/strong><\/td>\n<\/tr>\n<tr>\n<td>WG19ESTR<\/td>\n<td>19<\/td>\n<td>950<\/td>\n<td>400<\/td>\n<td>76<\/td>\n<\/tr>\n<tr>\n<td>WG25ESTR<\/td>\n<td>25<\/td>\n<td>1250<\/td>\n<td>400<\/td>\n<td>76<\/td>\n<\/tr>\n<tr>\n<td>WG38ESTR<\/td>\n<td>38<\/td>\n<td>2000<\/td>\n<td>100<\/td>\n<td>76<\/td>\n<\/tr>\n<tr>\n<td colspan=\"5\">* : Talep \u00fczerine farkl\u0131 bobin uzunluklar\u0131 mevcuttur<br \/>\n* : Talep \u00fczerine bask\u0131l\u0131 ask\u0131lar mevcuttur<\/td>\n<\/tr>\n<\/tbody>\n<\/table>\n","protected":false},"excerpt":{"rendered":"<p>MIO STRAP polyester fitilli tekstil (hotmelt) \u00e7emberleme, y\u00fcksek mukavemetli polyester ipliklerin s\u0131cak tutkalla (hot-melt tutkal y\u00f6ntemi) birle\u015ftirilmesiyle \u00fcretilir. Bu \u00e7emberlemenin Hotmelt \u00e7emberleme olarak adland\u0131r\u0131lmas\u0131n\u0131n nedeni budur.<\/p>\n<p>Tekstil \u00e7emberler \u00fcst\u00fcn \u00f6zelliklerinden dolay\u0131 a\u011f\u0131r y\u00fckler ve zor \u015fartlarda ta\u015f\u0131nan y\u00fckler i\u00e7in tercih edilmektedir.<\/p>\n","protected":false},"featured_media":2266,"comment_status":"open","ping_status":"closed","template":"","meta":[],"product_brand":[],"product_cat":[180,212,214],"product_tag":[181,215],"class_list":{"0":"post-2373","1":"product","2":"type-product","3":"status-publish","4":"has-post-thumbnail","6":"product_cat-cember","7":"product_cat-polyester-lifli-cemberler","8":"product_cat-strap-hotmelt-tekstil","9":"product_tag-cember","10":"product_tag-tekstil-cember","12":"first","13":"instock","14":"shipping-taxable","15":"product-type-simple"},"_links":{"self":[{"href":"https:\/\/mioplast.com\/tr\/wp-json\/wp\/v2\/product\/2373","targetHints":{"allow":["GET"]}}],"collection":[{"href":"https:\/\/mioplast.com\/tr\/wp-json\/wp\/v2\/product"}],"about":[{"href":"https:\/\/mioplast.com\/tr\/wp-json\/wp\/v2\/types\/product"}],"replies":[{"embeddable":true,"href":"https:\/\/mioplast.com\/tr\/wp-json\/wp\/v2\/comments?post=2373"}],"version-history":[{"count":0,"href":"https:\/\/mioplast.com\/tr\/wp-json\/wp\/v2\/product\/2373\/revisions"}],"wp:featuredmedia":[{"embeddable":true,"href":"https:\/\/mioplast.com\/tr\/wp-json\/wp\/v2\/media\/2266"}],"wp:attachment":[{"href":"https:\/\/mioplast.com\/tr\/wp-json\/wp\/v2\/media?parent=2373"}],"wp:term":[{"taxonomy":"product_brand","embeddable":true,"href":"https:\/\/mioplast.com\/tr\/wp-json\/wp\/v2\/product_brand?post=2373"},{"taxonomy":"product_cat","embeddable":true,"href":"https:\/\/mioplast.com\/tr\/wp-json\/wp\/v2\/product_cat?post=2373"},{"taxonomy":"product_tag","embeddable":true,"href":"https:\/\/mioplast.com\/tr\/wp-json\/wp\/v2\/product_tag?post=2373"}],"curies":[{"name":"wp","href":"https:\/\/api.w.org\/{rel}","templated":true}]}}