{"id":2374,"date":"2023-12-05T11:57:07","date_gmt":"2023-12-05T11:57:07","guid":{"rendered":"https:\/\/mioplast.com\/product\/fiber-kompozit-cember\/"},"modified":"2023-12-12T07:38:46","modified_gmt":"2023-12-12T07:38:46","slug":"kompozit-cember","status":"publish","type":"product","link":"https:\/\/mioplast.com\/tr\/urun\/kompozit-cember\/","title":{"rendered":"KOMPOZ\u0130T \u00c7EMBER"},"content":{"rendered":"<p>STRAP Polyester Kablolu Kompozit \u00c7emberleme, bir polimer kaplamaya g\u00f6m\u00fclm\u00fc\u015f, birlikte ekstr\u00fcde edilmi\u015f y\u00fcksek mukavemetli polyester ipliklerden \u00fcretilmi\u015ftir. Kompozit yap\u0131s\u0131ndan dolay\u0131 polyester fitilli kompozit \u00e7ember ad\u0131 verilmektedir.<\/p>\n<p>Kompozit \u00e7emberleme \u00fcst\u00fcn \u00f6zelliklerinden dolay\u0131 a\u011f\u0131r y\u00fckler ve zor \u015fartlarda ta\u015f\u0131nan y\u00fckler i\u00e7in tercih edilmektedir.<\/p>\n<h4>MIO STRAP Polyester Kordonlu Kompozit Kay\u0131\u015f\u0131n en \u00f6nemli \u00f6zellikleri:<\/h4>\n<ul>\n<li>Y\u00fcksek g\u00fc\u00e7<\/li>\n<li>\u015eok emici<\/li>\n<li>Gev\u015femez (y\u00fcksek gerilim korunur)<\/li>\n<li>Son derece elastik ve esnek<\/li>\n<li>\u00dcr\u00fcnlerinize zarar verebilecek keskin kenarlar yoktur<\/li>\n<li>Kargoya zarar vermez<\/li>\n<li>Zorlu hava \u015fartlar\u0131na ve UV&#8217;ye kar\u015f\u0131 dayan\u0131kl\u0131<\/li>\n<li>Uygun maliyetli<\/li>\n<li>Hafif<\/li>\n<li>Paslanmaya kar\u015f\u0131 dayan\u0131kl\u0131d\u0131r, paslanmaz veya paslanmaz<\/li>\n<li>Kimyasallara kar\u015f\u0131 dayan\u0131kl\u0131<\/li>\n<li>H\u0131zl\u0131 ve kullan\u0131m\u0131 kolay<\/li>\n<li>G\u00fcvenli kullan\u0131m<\/li>\n<\/ul>\n<p>MIO STRAP kompozit \u00e7emberleme, \u00e7e\u015fitli ambalaj uygulamalar\u0131nda kolayl\u0131kla kullan\u0131labilen sert fakat esnek bir \u00fcr\u00fcnd\u00fcr. A\u011f\u0131r hava \u015fartlar\u0131na (\u00f6zellikle s\u0131cak iklimlere) kar\u015f\u0131 olduk\u00e7a dayan\u0131kl\u0131 olup, PET ve \u00c7elik \u00e7emberlerden farkl\u0131 olarak darbelere kar\u015f\u0131 tek noktadan an\u0131nda kopmaz, \u00c7elik \u00e7emberler ise d\u00fc\u015f\u00fck elastikiyeti sayesinde ta\u015f\u0131ma esnas\u0131nda darbelere kar\u015f\u0131 tek noktadan kolayl\u0131kla kopabilir. . Ayn\u0131 kopma mukavemetine sahip iki \u00fcr\u00fcn aras\u0131nda MIO STRAP kompozit \u00e7emberin darbe dayan\u0131m\u0131, \u00e7elik \u00e7embere g\u00f6re 7 kat daha y\u00fcksektir.<\/p>\n<p>Galvanizli tel tokalar\u0131m\u0131zla birlikte MIO STRAP kompozit \u00e7emberleme kullan\u0131lmal\u0131d\u0131r. Bu \u015fekilde kullan\u0131ld\u0131\u011f\u0131nda tekstil \u00e7emberlere, dokuma \u00e7emberlere, PET veya PP \u00e7emberlere g\u00f6re \u00e7ok daha y\u00fcksek sistem kopma mukavemetine sahiptir ve nakliye s\u0131ras\u0131nda gev\u015femez. Y\u00fck\u00fcn\u00fcz\u00fcn hi\u00e7bir zarar g\u00f6rmeden var\u0131\u015f noktas\u0131na ula\u015fmas\u0131n\u0131 sa\u011flar.<\/p>\n<p>Sistemin kopma mukavemetini etkileyen en \u00f6nemli fakt\u00f6r ba\u011flant\u0131d\u0131r. MIO STRAP kompozit \u00e7emberleme ba\u011flant\u0131 mukavemeti %75-90 civar\u0131ndad\u0131r.<\/p>\n<p>Y\u00fck\u00fcn\u00fcz\u00fcn hi\u00e7bir zarar g\u00f6rmeden var\u0131\u015f noktas\u0131na ula\u015fmas\u0131n\u0131 sa\u011flar. \u00d6zellikle palet \u00fczerinde s\u0131ralar halinde paketlenen \u00fcr\u00fcnlerde, y\u00fcksek elastikiyeti sayesinde kay\u0131\u015f gev\u015femez.<\/p>\n<p>MIO STRAP kompozit \u00e7emberleme geni\u015f bir boyut yelpazesine sahiptir. Uygulama tipine ve palet a\u011f\u0131rl\u0131\u011f\u0131na ba\u011fl\u0131 olarak farkl\u0131 geni\u015fliklerde (13mm&#8217;den 40mm&#8217;ye kadar) ve \u00e7e\u015fitli kopma mukavemetlerinde (250 kgf&#8217;den 2600 kgf&#8217;a kadar) kullan\u0131labilen \u00fcr\u00fcnlerimiz mevcuttur.<\/p>\n<p>\u00c7emberlerimizi renkli, \u00f6zel flexiprint ile \u00f6rne\u011fin firma logosu \/ web sitesi \/ veya m\u00fc\u015fteri talebine g\u00f6re istenen herhangi bir yaz\u0131 ile \u00fcretebiliriz.<\/p>\n<h2>HEDEF SEKT\u00d6RLER VE UYGULAMA ALANLARI<\/h2>\n<p>Bu kay\u0131\u015flar esas olarak a\u015fa\u011f\u0131dakilerde kullan\u0131l\u0131r:<\/p>\n<ul>\n<li>Al\u00fcminyum ve cephe sistemleri,<\/li>\n<li>kimyasal end\u00fcstri,<\/li>\n<li>Cam end\u00fcstrisi,<\/li>\n<li>ta\u015f ve tu\u011fla end\u00fcstrisi,<\/li>\n<li>metal end\u00fcstrisi,<\/li>\n<li>ah\u015fap \u00fcr\u00fcnleri ve kereste end\u00fcstrisi ve<\/li>\n<li>koli paketleme sekt\u00f6rleri.<\/li>\n<\/ul>\n","protected":false},"excerpt":{"rendered":"<p>STRAP Polyester Kablolu Kompozit \u00c7emberleme, bir polimer kaplamaya g\u00f6m\u00fclm\u00fc\u015f, birlikte ekstr\u00fcde edilmi\u015f y\u00fcksek mukavemetli polyester ipliklerden \u00fcretilmi\u015ftir. Kompozit yap\u0131s\u0131ndan dolay\u0131 polyester fitilli kompozit \u00e7ember ad\u0131 verilmektedir.<\/p>\n<p>Kompozit \u00e7emberleme \u00fcst\u00fcn \u00f6zelliklerinden dolay\u0131 a\u011f\u0131r y\u00fckler ve zor \u015fartlarda ta\u015f\u0131nan y\u00fckler i\u00e7in tercih edilmektedir.<\/p>\n","protected":false},"featured_media":2256,"comment_status":"open","ping_status":"closed","template":"","meta":[],"product_brand":[],"product_cat":[180,216,212],"product_tag":[181,217],"class_list":{"0":"post-2374","1":"product","2":"type-product","3":"status-publish","4":"has-post-thumbnail","6":"product_cat-cember","7":"product_cat-fiber-kompozit-kayis","8":"product_cat-polyester-lifli-cemberler","9":"product_tag-cember","10":"product_tag-fiber-kompozit-cember","12":"first","13":"instock","14":"shipping-taxable","15":"product-type-simple"},"_links":{"self":[{"href":"https:\/\/mioplast.com\/tr\/wp-json\/wp\/v2\/product\/2374","targetHints":{"allow":["GET"]}}],"collection":[{"href":"https:\/\/mioplast.com\/tr\/wp-json\/wp\/v2\/product"}],"about":[{"href":"https:\/\/mioplast.com\/tr\/wp-json\/wp\/v2\/types\/product"}],"replies":[{"embeddable":true,"href":"https:\/\/mioplast.com\/tr\/wp-json\/wp\/v2\/comments?post=2374"}],"version-history":[{"count":1,"href":"https:\/\/mioplast.com\/tr\/wp-json\/wp\/v2\/product\/2374\/revisions"}],"predecessor-version":[{"id":2481,"href":"https:\/\/mioplast.com\/tr\/wp-json\/wp\/v2\/product\/2374\/revisions\/2481"}],"wp:featuredmedia":[{"embeddable":true,"href":"https:\/\/mioplast.com\/tr\/wp-json\/wp\/v2\/media\/2256"}],"wp:attachment":[{"href":"https:\/\/mioplast.com\/tr\/wp-json\/wp\/v2\/media?parent=2374"}],"wp:term":[{"taxonomy":"product_brand","embeddable":true,"href":"https:\/\/mioplast.com\/tr\/wp-json\/wp\/v2\/product_brand?post=2374"},{"taxonomy":"product_cat","embeddable":true,"href":"https:\/\/mioplast.com\/tr\/wp-json\/wp\/v2\/product_cat?post=2374"},{"taxonomy":"product_tag","embeddable":true,"href":"https:\/\/mioplast.com\/tr\/wp-json\/wp\/v2\/product_tag?post=2374"}],"curies":[{"name":"wp","href":"https:\/\/api.w.org\/{rel}","templated":true}]}}