{"id":2375,"date":"2023-12-05T11:27:16","date_gmt":"2023-12-05T11:27:16","guid":{"rendered":"https:\/\/mioplast.com\/product\/pvc-gida-strec-filmi\/"},"modified":"2023-12-12T06:08:31","modified_gmt":"2023-12-12T06:08:31","slug":"pvc-gida-strec-filmi","status":"publish","type":"product","link":"https:\/\/mioplast.com\/tr\/urun\/pvc-gida-strec-filmi\/","title":{"rendered":"PVC GIDA STRE\u00c7 F\u0130LM\u0130"},"content":{"rendered":"<p>Paketlenen \u00fcr\u00fcnlerinizin depolama ve nakliye s\u0131ras\u0131nda tazeli\u011fini korumak ve muhafaza etmek i\u00e7in en g\u00fcvenilir tercihiniz olacakt\u0131r.<\/p>\n<p>&nbsp;<\/p>\n<table class=\"table table-striped table-content\">\n<thead>\n<tr>\n<th class=\"tab-alt-2\">GEN\u0130\u015eL\u0130KLER mm<\/th>\n<th class=\"tab-alt-2\">KALINLIK \u03bc<\/th>\n<th class=\"tab-alt-2\">UZUNLUK m<\/th>\n<th class=\"tab-alt-2\">Net a\u011f\u0131rl\u0131k \/ kilogram<\/th>\n<\/tr>\n<\/thead>\n<tbody>\n<tr class=\"tab1\">\n<td class=\"tab-tit\">30 CM<\/td>\n<td class=\"tab-alt\">8 MIC<\/td>\n<td class=\"tab-alt\">1000<\/td>\n<td class=\"tab-alt\">2,98 KG<\/td>\n<\/tr>\n<tr class=\"tab1\">\n<td class=\"tab-tit\">30 CM<\/td>\n<td class=\"tab-alt\">8 MIC<\/td>\n<td class=\"tab-alt\">1500<\/td>\n<td class=\"tab-alt\">4,46 KG<\/td>\n<\/tr>\n<tr class=\"tab1\">\n<td class=\"tab-tit\">40 CM<\/td>\n<td class=\"tab-alt\">8 MIC<\/td>\n<td class=\"tab-alt\">1000<\/td>\n<td class=\"tab-alt\">3,97 KG<\/td>\n<\/tr>\n<tr class=\"tab1\">\n<td class=\"tab-tit\">40 CM<\/td>\n<td class=\"tab-alt\">8 MIC<\/td>\n<td class=\"tab-alt\">1500<\/td>\n<td class=\"tab-alt\">5,95 KG<\/td>\n<\/tr>\n<tr class=\"tab1\">\n<td class=\"tab-tit\">45 CM<\/td>\n<td class=\"tab-alt\">8 MIC<\/td>\n<td class=\"tab-alt\">1000<\/td>\n<td class=\"tab-alt\">4,46 KG<\/td>\n<\/tr>\n<tr class=\"tab1\">\n<td class=\"tab-tit\">45 CM<\/td>\n<td class=\"tab-alt\">8 MIC<\/td>\n<td class=\"tab-alt\">1500<\/td>\n<td class=\"tab-alt\">6,70 KG<\/td>\n<\/tr>\n<tr class=\"tab1\">\n<td class=\"tab-tit\">30 CM<\/td>\n<td class=\"tab-alt\">9 MIC<\/td>\n<td class=\"tab-alt\">1000<\/td>\n<td class=\"tab-alt\">3,35 KG<\/td>\n<\/tr>\n<tr class=\"tab1\">\n<td class=\"tab-tit\">30 CM<\/td>\n<td class=\"tab-alt\">9 MIC<\/td>\n<td class=\"tab-alt\">1500<\/td>\n<td class=\"tab-alt\">5,02 KG<\/td>\n<\/tr>\n<tr class=\"tab1\">\n<td class=\"tab-tit\">40 CM<\/td>\n<td class=\"tab-alt\">9 MIC<\/td>\n<td class=\"tab-alt\">1000<\/td>\n<td class=\"tab-alt\">4,46 KG<\/td>\n<\/tr>\n<tr class=\"tab1\">\n<td class=\"tab-tit\">40 CM<\/td>\n<td class=\"tab-alt\">9 MIC<\/td>\n<td class=\"tab-alt\">1500<\/td>\n<td class=\"tab-alt\">6,70 KG<\/td>\n<\/tr>\n<tr class=\"tab1\">\n<td class=\"tab-tit\">45 CM<\/td>\n<td class=\"tab-alt\">9 MIC<\/td>\n<td class=\"tab-alt\">1000<\/td>\n<td class=\"tab-alt\">5,02 KG<\/td>\n<\/tr>\n<tr class=\"tab1\">\n<td class=\"tab-tit\">45 CM<\/td>\n<td class=\"tab-alt\">9 MIC<\/td>\n<td class=\"tab-alt\">1500<\/td>\n<td class=\"tab-alt\">7,53 KG<\/td>\n<\/tr>\n<tr class=\"tab1\">\n<td class=\"tab-tit\">30 CM<\/td>\n<td class=\"tab-alt\">12 MIC<\/td>\n<td class=\"tab-alt\">1000<\/td>\n<td class=\"tab-alt\">4,46 KG<\/td>\n<\/tr>\n<tr class=\"tab1\">\n<td class=\"tab-tit\">30 CM<\/td>\n<td class=\"tab-alt\">12 MIC<\/td>\n<td class=\"tab-alt\">1500<\/td>\n<td class=\"tab-alt\">6,70 KG<\/td>\n<\/tr>\n<tr class=\"tab1\">\n<td class=\"tab-tit\">40 CM<\/td>\n<td class=\"tab-alt\">12 MIC<\/td>\n<td class=\"tab-alt\">1000<\/td>\n<td class=\"tab-alt\">5,95 KG<\/td>\n<\/tr>\n<tr class=\"tab1\">\n<td class=\"tab-tit\">40 CM<\/td>\n<td class=\"tab-alt\">12 MIC<\/td>\n<td class=\"tab-alt\">1500<\/td>\n<td class=\"tab-alt\">8,93 KG<\/td>\n<\/tr>\n<tr class=\"tab1\">\n<td class=\"tab-tit\">45 CM<\/td>\n<td class=\"tab-alt\">12 MIC<\/td>\n<td class=\"tab-alt\">1000<\/td>\n<td class=\"tab-alt\">6,70KG<\/td>\n<\/tr>\n<tr class=\"tab1\">\n<td class=\"tab-tit\">45 CM<\/td>\n<td class=\"tab-alt\">12 MIC<\/td>\n<td class=\"tab-alt\">1500<\/td>\n<td class=\"tab-alt\">10,04KG<\/td>\n<\/tr>\n<\/tbody>\n<\/table>\n","protected":false},"excerpt":{"rendered":"<p>Paketlenen \u00fcr\u00fcnlerinizin depolama ve nakliye s\u0131ras\u0131nda tazeli\u011fini korumak ve muhafaza etmek i\u00e7in en g\u00fcvenilir tercihiniz olacakt\u0131r.<\/p>\n","protected":false},"featured_media":2253,"comment_status":"open","ping_status":"closed","template":"","meta":[],"product_brand":[],"product_cat":[220,218],"product_tag":[221,219],"class_list":{"0":"post-2375","1":"product","2":"type-product","3":"status-publish","4":"has-post-thumbnail","6":"product_cat-pvc-gida-strec-film","7":"product_cat-strec-film","8":"product_tag-pvc-gida-strec-film","9":"product_tag-strec-film","11":"first","12":"instock","13":"shipping-taxable","14":"product-type-simple"},"_links":{"self":[{"href":"https:\/\/mioplast.com\/tr\/wp-json\/wp\/v2\/product\/2375","targetHints":{"allow":["GET"]}}],"collection":[{"href":"https:\/\/mioplast.com\/tr\/wp-json\/wp\/v2\/product"}],"about":[{"href":"https:\/\/mioplast.com\/tr\/wp-json\/wp\/v2\/types\/product"}],"replies":[{"embeddable":true,"href":"https:\/\/mioplast.com\/tr\/wp-json\/wp\/v2\/comments?post=2375"}],"version-history":[{"count":0,"href":"https:\/\/mioplast.com\/tr\/wp-json\/wp\/v2\/product\/2375\/revisions"}],"wp:featuredmedia":[{"embeddable":true,"href":"https:\/\/mioplast.com\/tr\/wp-json\/wp\/v2\/media\/2253"}],"wp:attachment":[{"href":"https:\/\/mioplast.com\/tr\/wp-json\/wp\/v2\/media?parent=2375"}],"wp:term":[{"taxonomy":"product_brand","embeddable":true,"href":"https:\/\/mioplast.com\/tr\/wp-json\/wp\/v2\/product_brand?post=2375"},{"taxonomy":"product_cat","embeddable":true,"href":"https:\/\/mioplast.com\/tr\/wp-json\/wp\/v2\/product_cat?post=2375"},{"taxonomy":"product_tag","embeddable":true,"href":"https:\/\/mioplast.com\/tr\/wp-json\/wp\/v2\/product_tag?post=2375"}],"curies":[{"name":"wp","href":"https:\/\/api.w.org\/{rel}","templated":true}]}}