{"id":2376,"date":"2023-12-04T14:20:52","date_gmt":"2023-12-04T14:20:52","guid":{"rendered":"https:\/\/mioplast.com\/product\/pe-gida-strec-filmi\/"},"modified":"2023-12-12T06:31:48","modified_gmt":"2023-12-12T06:31:48","slug":"pe-gida-strec-filmi","status":"publish","type":"product","link":"https:\/\/mioplast.com\/tr\/urun\/pe-gida-strec-filmi\/","title":{"rendered":"PE GIDA STRE\u00c7 F\u0130LM\u0130"},"content":{"rendered":"<p>Stre\u00e7 filmler g\u0131dalar\u0131n\u0131z\u0131n hijyenik ve sa\u011fl\u0131kl\u0131 kalmas\u0131n\u0131 sa\u011flar. Polietilen D\u00f6k\u00fcm G\u0131da Stre\u00e7 filmleri g\u0131dalarla temas edebilen, \u00e7e\u015fitli geni\u015flik ve ebatlarda \u00fcretilebilen filmlerdir. Kullan\u0131m yerlerine g\u00f6re filmler daha sa\u011flam veya ekstra kayganl\u0131k i\u00e7ererek g\u0131dalar\u0131n kolayca sar\u0131lmas\u0131n\u0131 sa\u011flar.<\/p>\n<p>&nbsp;<\/p>\n<table class=\"table table-striped table-content\">\n<thead>\n<tr>\n<th class=\"tab-tit\">\u00d6\u011eE<\/th>\n<th class=\"tab-alt-2\">KALINLIK \u03bc<\/th>\n<th class=\"tab-alt-2\">GEN\u0130\u015eL\u0130KLER mm<\/th>\n<th class=\"tab-alt-2\">UZUNLUK m<\/th>\n<th class=\"tab-alt-2\">RENKLER (KATKI MADDELER\u0130)<\/th>\n<th class=\"tab-alt-2\">PALETLEME<\/th>\n<\/tr>\n<\/thead>\n<tbody>\n<tr class=\"tab1\">\n<td class=\"tab-tit\">JUMBO<\/td>\n<td class=\"tab-alt\">8-12<\/td>\n<td class=\"tab-alt\">300-1000<\/td>\n<td class=\"tab-alt\">8700-13000<\/td>\n<td class=\"tab-alt\">Berrak, Bal, Menek\u015fe<\/td>\n<td class=\"tab-alt\">16-54 adet<\/td>\n<\/tr>\n<tr class=\"tab1\">\n<td class=\"tab-tit\">MAK\u0130NE F\u0130LM\u0130<\/td>\n<td class=\"tab-alt\">8-12<\/td>\n<td class=\"tab-alt\">300-1000<\/td>\n<td class=\"tab-alt\">1000-1500<\/td>\n<td class=\"tab-alt\">Berrak, Bal, Menek\u015fe<\/td>\n<td class=\"tab-alt\">60-150 adet<\/td>\n<\/tr>\n<tr class=\"tab1\">\n<td class=\"tab-tit\">MANUEL F\u0130LM<\/td>\n<td class=\"tab-alt\">8-12<\/td>\n<td class=\"tab-alt\">300-1000<\/td>\n<td class=\"tab-alt\">300-500<\/td>\n<td class=\"tab-alt\">Berrak, Bal, Menek\u015fe<\/td>\n<td class=\"tab-alt\">Kutu ba\u015f\u0131na 18\/24 adet Palet ba\u015f\u0131na 40\/80 kutu<\/td>\n<\/tr>\n<\/tbody>\n<\/table>\n","protected":false},"excerpt":{"rendered":"<p>Stre\u00e7 filmler g\u0131dalar\u0131n\u0131z\u0131n hijyenik ve sa\u011fl\u0131kl\u0131 kalmas\u0131n\u0131 sa\u011flar. Polietilen D\u00f6k\u00fcm G\u0131da Stre\u00e7 filmleri g\u0131dalarla temas edebilen, \u00e7e\u015fitli geni\u015flik ve ebatlarda \u00fcretilebilen filmlerdir. Kullan\u0131m yerlerine g\u00f6re filmler daha sa\u011flam veya ekstra kayganl\u0131k i\u00e7ererek g\u0131dalar\u0131n kolayca sar\u0131lmas\u0131n\u0131 sa\u011flar.<\/p>\n<ul>\n<li>80&#215;120 veya 100&#215;120 EUR Paletler Makine g\u0131da filmleri karton kutulara veya baloncuklu ambalajlara paketlenebilir.<\/li>\n<\/ul>\n","protected":false},"featured_media":2251,"comment_status":"open","ping_status":"closed","template":"","meta":[],"product_brand":[],"product_cat":[218],"product_tag":[222,219],"class_list":{"0":"post-2376","1":"product","2":"type-product","3":"status-publish","4":"has-post-thumbnail","6":"product_cat-strec-film","7":"product_tag-pe-gida-strec-film","8":"product_tag-strec-film","10":"first","11":"instock","12":"shipping-taxable","13":"product-type-simple"},"_links":{"self":[{"href":"https:\/\/mioplast.com\/tr\/wp-json\/wp\/v2\/product\/2376","targetHints":{"allow":["GET"]}}],"collection":[{"href":"https:\/\/mioplast.com\/tr\/wp-json\/wp\/v2\/product"}],"about":[{"href":"https:\/\/mioplast.com\/tr\/wp-json\/wp\/v2\/types\/product"}],"replies":[{"embeddable":true,"href":"https:\/\/mioplast.com\/tr\/wp-json\/wp\/v2\/comments?post=2376"}],"version-history":[{"count":0,"href":"https:\/\/mioplast.com\/tr\/wp-json\/wp\/v2\/product\/2376\/revisions"}],"wp:featuredmedia":[{"embeddable":true,"href":"https:\/\/mioplast.com\/tr\/wp-json\/wp\/v2\/media\/2251"}],"wp:attachment":[{"href":"https:\/\/mioplast.com\/tr\/wp-json\/wp\/v2\/media?parent=2376"}],"wp:term":[{"taxonomy":"product_brand","embeddable":true,"href":"https:\/\/mioplast.com\/tr\/wp-json\/wp\/v2\/product_brand?post=2376"},{"taxonomy":"product_cat","embeddable":true,"href":"https:\/\/mioplast.com\/tr\/wp-json\/wp\/v2\/product_cat?post=2376"},{"taxonomy":"product_tag","embeddable":true,"href":"https:\/\/mioplast.com\/tr\/wp-json\/wp\/v2\/product_tag?post=2376"}],"curies":[{"name":"wp","href":"https:\/\/api.w.org\/{rel}","templated":true}]}}