{"id":2377,"date":"2023-12-04T14:00:20","date_gmt":"2023-12-04T14:00:20","guid":{"rendered":"https:\/\/mioplast.com\/product\/jumbo-strec-film\/"},"modified":"2023-12-12T06:30:18","modified_gmt":"2023-12-12T06:30:18","slug":"jumbo-strec-film","status":"publish","type":"product","link":"https:\/\/mioplast.com\/tr\/urun\/jumbo-strec-film\/","title":{"rendered":"JUMBO STRE\u00c7 F\u0130LM"},"content":{"rendered":"<p>Jumbo stre\u00e7 filmler hem end\u00fcstriyel hem de g\u0131da kullan\u0131m\u0131 i\u00e7in en iyi i\u015flenebilirli\u011fe ve y\u00fcksek verime sahiptir. Kolay a\u00e7ma ve h\u0131zl\u0131 geri sarma \u00f6zelli\u011fi sayesinde maksimum verim sa\u011flar. Farkl\u0131 renk se\u00e7enekleri ve esneme kapasiteleri ile her amaca uygun olarak \u00fcretilebilmektedir.<\/p>\n<p>&nbsp;<\/p>\n<table class=\"table table-striped table-content\">\n<thead>\n<tr>\n<th class=\"tab-tit\">\u00d6\u011eE<\/th>\n<th class=\"tab-alt-2\">ESNEME ARALI\u011eI %<\/th>\n<th class=\"tab-alt-2\">KALINLIK \u03bc<\/th>\n<th class=\"tab-alt-2\">GEN\u0130\u015eL\u0130KLER mm<\/th>\n<th class=\"tab-alt-2\">RENKLER (KATKI MADDELER\u0130)<\/th>\n<th class=\"tab-alt-2\">GER\u0130 D\u00d6N\u00dc\u015e\u00dcM \u0130\u00c7ER\u0130K ORANI<\/th>\n<th class=\"tab-alt-2\">Adet &#8211; PALET BA\u015eINA<\/th>\n<\/tr>\n<\/thead>\n<tbody>\n<tr class=\"tab1\">\n<td class=\"tab-tit\">SERT<\/td>\n<td class=\"tab-alt\">100-120<\/td>\n<td class=\"tab-alt\">8-15<\/td>\n<td class=\"tab-alt\">300-1000<\/td>\n<td class=\"tab-alt\">\u015eeffaf, Siyah, Beyaz, Mavi (Kayma, UV)<\/td>\n<td class=\"tab-alt\">30-70%<\/td>\n<td class=\"tab-alt\">16-24 adet<\/td>\n<\/tr>\n<tr class=\"tab1\">\n<td class=\"tab-tit\">STANDART<\/td>\n<td class=\"tab-alt\">150-180<\/td>\n<td class=\"tab-alt\">8-50<\/td>\n<td class=\"tab-alt\">300-1000<\/td>\n<td class=\"tab-alt\">\u015eeffaf, Siyah, Beyaz, Mavi (Kayma, UV)<\/td>\n<td class=\"tab-alt\">30-70%<\/td>\n<td class=\"tab-alt\">16-24 adet<\/td>\n<\/tr>\n<tr class=\"tab1\">\n<td class=\"tab-tit\">ORTA G\u00dc\u00c7<\/td>\n<td class=\"tab-alt\">200-220<\/td>\n<td class=\"tab-alt\">12-50<\/td>\n<td class=\"tab-alt\">300-1000<\/td>\n<td class=\"tab-alt\">\u015eeffaf, Siyah, Beyaz, Mavi (Kayma, UV)<\/td>\n<td class=\"tab-alt\">30-70%<\/td>\n<td class=\"tab-alt\">16-24 adet<\/td>\n<\/tr>\n<tr class=\"tab1\">\n<td class=\"tab-tit\">G\u00dc\u00c7<\/td>\n<td class=\"tab-alt\">250-280<\/td>\n<td class=\"tab-alt\">12-40<\/td>\n<td class=\"tab-alt\">400-1000<\/td>\n<td class=\"tab-alt\">\u015eeffaf, Siyah, Beyaz, Mavi (Kayma, UV)<\/td>\n<td class=\"tab-alt\">30-70%<\/td>\n<td class=\"tab-alt\">16-24 adet<\/td>\n<\/tr>\n<tr class=\"tab1\">\n<td class=\"tab-tit\">G\u00dc\u00c7<\/td>\n<td class=\"tab-alt\">300-330<\/td>\n<td class=\"tab-alt\">10-40<\/td>\n<td class=\"tab-alt\">100-1500<\/td>\n<td class=\"tab-alt\">\u015eeffaf, Siyah, Beyaz, Mavi (Kayma, UV)<\/td>\n<td class=\"tab-alt\">30%<\/td>\n<td class=\"tab-alt\">46-69 adet<\/td>\n<\/tr>\n<tr class=\"tab1\">\n<td class=\"tab-tit\">G\u00dc\u00c7<\/td>\n<td class=\"tab-alt\">350-400<\/td>\n<td class=\"tab-alt\">12-40<\/td>\n<td class=\"tab-alt\">100-1500<\/td>\n<td class=\"tab-alt\">Temizle (Kayma, UV)<\/td>\n<td class=\"tab-alt\">30%<\/td>\n<td class=\"tab-alt\">46-69 adet<\/td>\n<\/tr>\n<\/tbody>\n<\/table>\n","protected":false},"excerpt":{"rendered":"<p>Jumbo stre\u00e7 filmler hem end\u00fcstriyel hem de g\u0131da kullan\u0131m\u0131 i\u00e7in en iyi i\u015flenebilirli\u011fe ve y\u00fcksek verime sahiptir. Kolay a\u00e7ma ve h\u0131zl\u0131 geri sarma \u00f6zelli\u011fi sayesinde maksimum verim sa\u011flar. Farkl\u0131 renk se\u00e7enekleri ve esneme kapasiteleri ile her amaca uygun olarak \u00fcretilebilmektedir.<\/p>\n<ul>\n<li id=\"tw-target-text\" class=\"tw-data-text tw-text-large tw-ta\" dir=\"ltr\" data-placeholder=\"\u00c7eviri\" data-ved=\"2ahUKEwix3MyA-vWCAxUZYPEDHeMaBeoQ3ewLegQICBAQ\"><span class=\"Y2IQFc\" lang=\"en\">Opak ve tonlu renk se\u00e7enekleri mevcuttur.<\/span><\/li>\n<\/ul>\n","protected":false},"featured_media":2244,"comment_status":"open","ping_status":"closed","template":"","meta":[],"product_brand":[],"product_cat":[223,218],"product_tag":[224,219],"class_list":{"0":"post-2377","1":"product","2":"type-product","3":"status-publish","4":"has-post-thumbnail","6":"product_cat-jumbo-strec-film","7":"product_cat-strec-film","8":"product_tag-jumbo-strec-film","9":"product_tag-strec-film","11":"first","12":"instock","13":"shipping-taxable","14":"product-type-simple"},"_links":{"self":[{"href":"https:\/\/mioplast.com\/tr\/wp-json\/wp\/v2\/product\/2377","targetHints":{"allow":["GET"]}}],"collection":[{"href":"https:\/\/mioplast.com\/tr\/wp-json\/wp\/v2\/product"}],"about":[{"href":"https:\/\/mioplast.com\/tr\/wp-json\/wp\/v2\/types\/product"}],"replies":[{"embeddable":true,"href":"https:\/\/mioplast.com\/tr\/wp-json\/wp\/v2\/comments?post=2377"}],"version-history":[{"count":0,"href":"https:\/\/mioplast.com\/tr\/wp-json\/wp\/v2\/product\/2377\/revisions"}],"wp:featuredmedia":[{"embeddable":true,"href":"https:\/\/mioplast.com\/tr\/wp-json\/wp\/v2\/media\/2244"}],"wp:attachment":[{"href":"https:\/\/mioplast.com\/tr\/wp-json\/wp\/v2\/media?parent=2377"}],"wp:term":[{"taxonomy":"product_brand","embeddable":true,"href":"https:\/\/mioplast.com\/tr\/wp-json\/wp\/v2\/product_brand?post=2377"},{"taxonomy":"product_cat","embeddable":true,"href":"https:\/\/mioplast.com\/tr\/wp-json\/wp\/v2\/product_cat?post=2377"},{"taxonomy":"product_tag","embeddable":true,"href":"https:\/\/mioplast.com\/tr\/wp-json\/wp\/v2\/product_tag?post=2377"}],"curies":[{"name":"wp","href":"https:\/\/api.w.org\/{rel}","templated":true}]}}