{"id":2378,"date":"2023-12-04T13:30:34","date_gmt":"2023-12-04T13:30:34","guid":{"rendered":"https:\/\/mioplast.com\/product\/on-strec-filmler\/"},"modified":"2023-12-12T06:27:30","modified_gmt":"2023-12-12T06:27:30","slug":"pre-strec-filmler","status":"publish","type":"product","link":"https:\/\/mioplast.com\/tr\/urun\/pre-strec-filmler\/","title":{"rendered":"PRE STRE\u00c7 F\u0130LMLER"},"content":{"rendered":"<p id=\"tw-target-text\" class=\"tw-data-text tw-text-large tw-ta\" dir=\"ltr\" data-placeholder=\"\u00c7eviri\" data-ved=\"2ahUKEwi5oOD7oYmDAxUVR_EDHTcHDhIQ3ewLegQIBRAQ\"><span class=\"Y2IQFc\" lang=\"tr\">\u00b7 Ger\u00e7ek Maliyet Avantaj\u0131 Kullan\u0131lan stre\u00e7 miktar\u0131n\u0131 azaltarak palet maliyetini d\u00fc\u015f\u00fcr\u00fcr. <\/span><\/p>\n<p class=\"tw-data-text tw-text-large tw-ta\" dir=\"ltr\" data-placeholder=\"\u00c7eviri\" data-ved=\"2ahUKEwi5oOD7oYmDAxUVR_EDHTcHDhIQ3ewLegQIBRAQ\"><span class=\"Y2IQFc\" lang=\"tr\">\u00b7 Tutarl\u0131l\u0131k Makine ve operat\u00f6rden ba\u011f\u0131ms\u0131z olarak ayn\u0131 kalitede ve standart maliyette g\u00fcvenli paletleme sa\u011flar. <\/span><\/p>\n<p class=\"tw-data-text tw-text-large tw-ta\" dir=\"ltr\" data-placeholder=\"\u00c7eviri\" data-ved=\"2ahUKEwi5oOD7oYmDAxUVR_EDHTcHDhIQ3ewLegQIBRAQ\"><span class=\"Y2IQFc\" lang=\"tr\">\u00b7 Kullan\u0131c\u0131 Dostu Hafif olmas\u0131 nedeniyle paketlemede daha g\u00fcvenli ve verimlidir.<\/span><\/p>\n","protected":false},"excerpt":{"rendered":"<p id=\"tw-target-text\" class=\"tw-data-text tw-text-large tw-ta\" dir=\"ltr\" data-placeholder=\"\u00c7eviri\" data-ved=\"2ahUKEwi5oOD7oYmDAxUVR_EDHTcHDhIQ3ewLegQIBRAQ\"><span class=\"Y2IQFc\" lang=\"tr\">\u00b7 Ger\u00e7ek Maliyet Avantaj\u0131 Kullan\u0131lan stre\u00e7 miktar\u0131n\u0131 azaltarak palet maliyetini d\u00fc\u015f\u00fcr\u00fcr. <\/span><\/p>\n<p class=\"tw-data-text tw-text-large tw-ta\" dir=\"ltr\" data-placeholder=\"\u00c7eviri\" data-ved=\"2ahUKEwi5oOD7oYmDAxUVR_EDHTcHDhIQ3ewLegQIBRAQ\"><span class=\"Y2IQFc\" lang=\"tr\">\u00b7 Tutarl\u0131l\u0131k Makine ve operat\u00f6rden ba\u011f\u0131ms\u0131z olarak ayn\u0131 kalitede ve standart maliyette g\u00fcvenli paletleme sa\u011flar. <\/span><\/p>\n<p class=\"tw-data-text tw-text-large tw-ta\" dir=\"ltr\" data-placeholder=\"\u00c7eviri\" data-ved=\"2ahUKEwi5oOD7oYmDAxUVR_EDHTcHDhIQ3ewLegQIBRAQ\"><span class=\"Y2IQFc\" lang=\"tr\">\u00b7 Kullan\u0131c\u0131 Dostu Hafif olmas\u0131 nedeniyle paketlemede daha g\u00fcvenli ve verimlidir.<\/span><\/p>\n","protected":false},"featured_media":2239,"comment_status":"open","ping_status":"closed","template":"","meta":[],"product_brand":[],"product_cat":[225,218],"product_tag":[226,219],"class_list":{"0":"post-2378","1":"product","2":"type-product","3":"status-publish","4":"has-post-thumbnail","6":"product_cat-pre-strec-filmler","7":"product_cat-strec-film","8":"product_tag-pre-strec-filmler","9":"product_tag-strec-film","11":"first","12":"instock","13":"shipping-taxable","14":"product-type-simple"},"_links":{"self":[{"href":"https:\/\/mioplast.com\/tr\/wp-json\/wp\/v2\/product\/2378","targetHints":{"allow":["GET"]}}],"collection":[{"href":"https:\/\/mioplast.com\/tr\/wp-json\/wp\/v2\/product"}],"about":[{"href":"https:\/\/mioplast.com\/tr\/wp-json\/wp\/v2\/types\/product"}],"replies":[{"embeddable":true,"href":"https:\/\/mioplast.com\/tr\/wp-json\/wp\/v2\/comments?post=2378"}],"version-history":[{"count":1,"href":"https:\/\/mioplast.com\/tr\/wp-json\/wp\/v2\/product\/2378\/revisions"}],"predecessor-version":[{"id":2465,"href":"https:\/\/mioplast.com\/tr\/wp-json\/wp\/v2\/product\/2378\/revisions\/2465"}],"wp:featuredmedia":[{"embeddable":true,"href":"https:\/\/mioplast.com\/tr\/wp-json\/wp\/v2\/media\/2239"}],"wp:attachment":[{"href":"https:\/\/mioplast.com\/tr\/wp-json\/wp\/v2\/media?parent=2378"}],"wp:term":[{"taxonomy":"product_brand","embeddable":true,"href":"https:\/\/mioplast.com\/tr\/wp-json\/wp\/v2\/product_brand?post=2378"},{"taxonomy":"product_cat","embeddable":true,"href":"https:\/\/mioplast.com\/tr\/wp-json\/wp\/v2\/product_cat?post=2378"},{"taxonomy":"product_tag","embeddable":true,"href":"https:\/\/mioplast.com\/tr\/wp-json\/wp\/v2\/product_tag?post=2378"}],"curies":[{"name":"wp","href":"https:\/\/api.w.org\/{rel}","templated":true}]}}