{"id":2380,"date":"2020-03-17T12:06:52","date_gmt":"2020-03-17T12:06:52","guid":{"rendered":"https:\/\/mioplast.com\/product\/manuel-tip-strec-film\/"},"modified":"2023-12-12T05:51:04","modified_gmt":"2023-12-12T05:51:04","slug":"manuel-tip-strec-film","status":"publish","type":"product","link":"https:\/\/mioplast.com\/tr\/urun\/manuel-tip-strec-film\/","title":{"rendered":"MANUEL T\u0130P STRE\u00c7 F\u0130LM"},"content":{"rendered":"<p>\u00b7 Ambalajlamada en ekonomik \u00e7\u00f6z\u00fcm.<br \/>\n\u00b7 Kal\u0131nl\u0131klar\u0131 15-17-20-23 mikron.<br \/>\n\u00b7 \u00d6zel sar\u0131m \u00fcretilebilir.<br \/>\n\u00b7 Farkl\u0131 renklerde \u00fcretilebilir.<br \/>\n\u00b7 \u00c7evre dostu ve %100 geri d\u00f6n\u00fc\u015ft\u00fcr\u00fclebilir<\/p>\n","protected":false},"excerpt":{"rendered":"<p>\u00b7 Ambalajlamada en ekonomik \u00e7\u00f6z\u00fcm.<br \/>\n\u00b7 Kal\u0131nl\u0131klar\u0131 15-17-20-23 mikron.<br \/>\n\u00b7 \u00d6zel sar\u0131m \u00fcretilebilir.<br \/>\n\u00b7 Farkl\u0131 renklerde \u00fcretilebilir.<br \/>\n\u00b7 \u00c7evre dostu ve %100 geri d\u00f6n\u00fc\u015ft\u00fcr\u00fclebilir<\/p>\n","protected":false},"featured_media":2427,"comment_status":"open","ping_status":"closed","template":"","meta":[],"product_brand":[],"product_cat":[231,218],"product_tag":[230,232,219],"class_list":{"0":"post-2380","1":"product","2":"type-product","3":"status-publish","4":"has-post-thumbnail","6":"product_cat-manuel-tip-strec-film","7":"product_cat-strec-film","8":"product_tag-el-tipi-strec-film","9":"product_tag-manuel-tip-strec-film","10":"product_tag-strec-film","12":"first","13":"instock","14":"shipping-taxable","15":"product-type-simple"},"_links":{"self":[{"href":"https:\/\/mioplast.com\/tr\/wp-json\/wp\/v2\/product\/2380","targetHints":{"allow":["GET"]}}],"collection":[{"href":"https:\/\/mioplast.com\/tr\/wp-json\/wp\/v2\/product"}],"about":[{"href":"https:\/\/mioplast.com\/tr\/wp-json\/wp\/v2\/types\/product"}],"replies":[{"embeddable":true,"href":"https:\/\/mioplast.com\/tr\/wp-json\/wp\/v2\/comments?post=2380"}],"version-history":[{"count":1,"href":"https:\/\/mioplast.com\/tr\/wp-json\/wp\/v2\/product\/2380\/revisions"}],"predecessor-version":[{"id":2446,"href":"https:\/\/mioplast.com\/tr\/wp-json\/wp\/v2\/product\/2380\/revisions\/2446"}],"wp:featuredmedia":[{"embeddable":true,"href":"https:\/\/mioplast.com\/tr\/wp-json\/wp\/v2\/media\/2427"}],"wp:attachment":[{"href":"https:\/\/mioplast.com\/tr\/wp-json\/wp\/v2\/media?parent=2380"}],"wp:term":[{"taxonomy":"product_brand","embeddable":true,"href":"https:\/\/mioplast.com\/tr\/wp-json\/wp\/v2\/product_brand?post=2380"},{"taxonomy":"product_cat","embeddable":true,"href":"https:\/\/mioplast.com\/tr\/wp-json\/wp\/v2\/product_cat?post=2380"},{"taxonomy":"product_tag","embeddable":true,"href":"https:\/\/mioplast.com\/tr\/wp-json\/wp\/v2\/product_tag?post=2380"}],"curies":[{"name":"wp","href":"https:\/\/api.w.org\/{rel}","templated":true}]}}