{"id":2813,"date":"2023-12-26T07:05:16","date_gmt":"2023-12-26T07:05:16","guid":{"rendered":"https:\/\/mioplast.com\/?post_type=product&#038;p=2813"},"modified":"2023-12-26T09:20:56","modified_gmt":"2023-12-26T09:20:56","slug":"metalize-cpp-paketleme-filmi","status":"publish","type":"product","link":"https:\/\/mioplast.com\/tr\/urun\/metalize-cpp-paketleme-filmi\/","title":{"rendered":"Metalize CPP Paketleme Filmi"},"content":{"rendered":"<p id=\"tw-target-text\" class=\"tw-data-text tw-text-large tw-ta\" dir=\"ltr\" data-placeholder=\"\u00c7eviri\" data-ved=\"2ahUKEwi5oOD7oYmDAxUVR_EDHTcHDhIQ3ewLegQIBRAQ\"><span class=\"Y2IQFc\" lang=\"tr\">\u00b7 Ger\u00e7ek Maliyet Avantaj\u0131 Kullan\u0131lan stre\u00e7 miktar\u0131n\u0131 azaltarak palet maliyetini d\u00fc\u015f\u00fcr\u00fcr. <\/span><\/p>\n<p class=\"tw-data-text tw-text-large tw-ta\" dir=\"ltr\" data-placeholder=\"\u00c7eviri\" data-ved=\"2ahUKEwi5oOD7oYmDAxUVR_EDHTcHDhIQ3ewLegQIBRAQ\"><span class=\"Y2IQFc\" lang=\"tr\">\u00b7 Tutarl\u0131l\u0131k Makine ve operat\u00f6rden ba\u011f\u0131ms\u0131z olarak ayn\u0131 kalitede ve standart maliyette g\u00fcvenli paletleme sa\u011flar. <\/span><\/p>\n<p class=\"tw-data-text tw-text-large tw-ta\" dir=\"ltr\" data-placeholder=\"\u00c7eviri\" data-ved=\"2ahUKEwi5oOD7oYmDAxUVR_EDHTcHDhIQ3ewLegQIBRAQ\"><span class=\"Y2IQFc\" lang=\"tr\">\u00b7 Kullan\u0131c\u0131 Dostu Hafif olmas\u0131 nedeniyle paketlemede daha g\u00fcvenli ve verimlidir.<\/span><\/p>\n","protected":false},"excerpt":{"rendered":"<p id=\"tw-target-text\" class=\"tw-data-text tw-text-large tw-ta\" dir=\"ltr\" data-placeholder=\"\u00c7eviri\" data-ved=\"2ahUKEwi5oOD7oYmDAxUVR_EDHTcHDhIQ3ewLegQIBRAQ\"><span class=\"Y2IQFc\" lang=\"tr\">\u00b7 Ger\u00e7ek Maliyet Avantaj\u0131 Kullan\u0131lan stre\u00e7 miktar\u0131n\u0131 azaltarak palet maliyetini d\u00fc\u015f\u00fcr\u00fcr. <\/span><\/p>\n<p class=\"tw-data-text tw-text-large tw-ta\" dir=\"ltr\" data-placeholder=\"\u00c7eviri\" data-ved=\"2ahUKEwi5oOD7oYmDAxUVR_EDHTcHDhIQ3ewLegQIBRAQ\"><span class=\"Y2IQFc\" lang=\"tr\">\u00b7 Tutarl\u0131l\u0131k Makine ve operat\u00f6rden ba\u011f\u0131ms\u0131z olarak ayn\u0131 kalitede ve standart maliyette g\u00fcvenli paletleme sa\u011flar. <\/span><\/p>\n<p class=\"tw-data-text tw-text-large tw-ta\" dir=\"ltr\" data-placeholder=\"\u00c7eviri\" data-ved=\"2ahUKEwi5oOD7oYmDAxUVR_EDHTcHDhIQ3ewLegQIBRAQ\"><span class=\"Y2IQFc\" lang=\"tr\">\u00b7 Kullan\u0131c\u0131 Dostu Hafif olmas\u0131 nedeniyle paketlemede daha g\u00fcvenli ve verimlidir.<\/span><\/p>\n","protected":false},"featured_media":2776,"comment_status":"open","ping_status":"closed","template":"","meta":[],"product_brand":[],"product_cat":[376],"product_tag":[378,379,380,381,382,383,387,384,385,386,388,389,394,390,391,392,393,395,396,397,398],"class_list":{"0":"post-2813","1":"product","2":"type-product","3":"status-publish","4":"has-post-thumbnail","6":"product_cat-filmler-rulolar","7":"product_tag-bopp-paketleme-filmi","8":"product_tag-cpp-rulo","9":"product_tag-metalize-paketleme-filmi","10":"product_tag-pe-polyethylene-film-tr","11":"product_tag-pealu-film-tr","12":"product_tag-pealu-rulo","13":"product_tag-pealu-pet-rulo","14":"product_tag-pealupaper-film-tr","15":"product_tag-pealupaper-rulo","16":"product_tag-pealupet-film-tr","17":"product_tag-pet-film-tr","18":"product_tag-pet-rulo","19":"product_tag-pp-pe-pet-paketleme-filmi","20":"product_tag-pp-film-tr","21":"product_tag-pp-rulo","22":"product_tag-pp-pe-film-tr","23":"product_tag-pp-pe-rulo","24":"product_tag-pp-pet-film-tr","25":"product_tag-pp-pet-rulo","26":"product_tag-roll-film-tr","27":"product_tag-top-sealing-film-tr","29":"first","30":"instock","31":"shipping-taxable","32":"product-type-simple"},"_links":{"self":[{"href":"https:\/\/mioplast.com\/tr\/wp-json\/wp\/v2\/product\/2813","targetHints":{"allow":["GET"]}}],"collection":[{"href":"https:\/\/mioplast.com\/tr\/wp-json\/wp\/v2\/product"}],"about":[{"href":"https:\/\/mioplast.com\/tr\/wp-json\/wp\/v2\/types\/product"}],"replies":[{"embeddable":true,"href":"https:\/\/mioplast.com\/tr\/wp-json\/wp\/v2\/comments?post=2813"}],"version-history":[{"count":1,"href":"https:\/\/mioplast.com\/tr\/wp-json\/wp\/v2\/product\/2813\/revisions"}],"predecessor-version":[{"id":2946,"href":"https:\/\/mioplast.com\/tr\/wp-json\/wp\/v2\/product\/2813\/revisions\/2946"}],"wp:featuredmedia":[{"embeddable":true,"href":"https:\/\/mioplast.com\/tr\/wp-json\/wp\/v2\/media\/2776"}],"wp:attachment":[{"href":"https:\/\/mioplast.com\/tr\/wp-json\/wp\/v2\/media?parent=2813"}],"wp:term":[{"taxonomy":"product_brand","embeddable":true,"href":"https:\/\/mioplast.com\/tr\/wp-json\/wp\/v2\/product_brand?post=2813"},{"taxonomy":"product_cat","embeddable":true,"href":"https:\/\/mioplast.com\/tr\/wp-json\/wp\/v2\/product_cat?post=2813"},{"taxonomy":"product_tag","embeddable":true,"href":"https:\/\/mioplast.com\/tr\/wp-json\/wp\/v2\/product_tag?post=2813"}],"curies":[{"name":"wp","href":"https:\/\/api.w.org\/{rel}","templated":true}]}}